{"id":216009,"date":"2024-05-23T11:39:58","date_gmt":"2024-05-23T11:39:58","guid":{"rendered":"https:\/\/climalife.com\/product\/propylene\/"},"modified":"2024-05-27T12:56:28","modified_gmt":"2024-05-27T12:56:28","slug":"propylene","status":"publish","type":"product","link":"https:\/\/climalife.com\/fr\/product\/propylene\/","title":{"rendered":"Propyl\u00e8ne"},"content":{"rendered":"<p>Pour la production de produits tels que : oxyde de propyl\u00e8ne, propyl\u00e8ne glycol, polypropyl\u00e8ne, acrol\u00e9ine, isopropanol, chlorure d&#8217;allyle.<\/p>\n","protected":false},"excerpt":{"rendered":"<p>Le propyl\u00e8ne (C3H6), \u00e9galement appel\u00e9 prop\u00e8ne est un gaz inflammable utilis\u00e9 essentiellement dans l&#8217;industrie chimique.<\/p>\n","protected":false},"featured_media":216010,"comment_status":"closed","ping_status":"closed","template":"","meta":[],"countries":[4674,4709,4756,4813,4831,4862],"product_brand":[],"product_cat":[9990,13118,9595],"product_tag":[],"class_list":{"0":"post-216009","1":"product","2":"type-product","3":"status-publish","4":"has-post-thumbnail","6":"countries-by","7":"countries-cu","8":"countries-ir","9":"countries-kp","10":"countries-ru","11":"countries-sy","12":"product_cat-autres-industries","13":"product_cat-propulseurs","14":"product_cat-hydrocarbures-fr-83","15":"pa_packaging-bouteille-26-l-fr-32","16":"pa_packaging-bouteille-88-l-fr-122","17":"pa_packaging-conteneur-930-l-fr-76","18":"pa_packaging-vrac-fr-168","20":"first","21":"instock","22":"shipping-taxable","23":"purchasable","24":"product-type-variable"},"_links":{"self":[{"href":"https:\/\/climalife.com\/fr\/wp-json\/wp\/v2\/product\/216009","targetHints":{"allow":["GET"]}}],"collection":[{"href":"https:\/\/climalife.com\/fr\/wp-json\/wp\/v2\/product"}],"about":[{"href":"https:\/\/climalife.com\/fr\/wp-json\/wp\/v2\/types\/product"}],"replies":[{"embeddable":true,"href":"https:\/\/climalife.com\/fr\/wp-json\/wp\/v2\/comments?post=216009"}],"wp:featuredmedia":[{"embeddable":true,"href":"https:\/\/climalife.com\/fr\/wp-json\/wp\/v2\/media\/216010"}],"wp:attachment":[{"href":"https:\/\/climalife.com\/fr\/wp-json\/wp\/v2\/media?parent=216009"}],"wp:term":[{"taxonomy":"countries","embeddable":true,"href":"https:\/\/climalife.com\/fr\/wp-json\/wp\/v2\/countries?post=216009"},{"taxonomy":"product_brand","embeddable":true,"href":"https:\/\/climalife.com\/fr\/wp-json\/wp\/v2\/product_brand?post=216009"},{"taxonomy":"product_cat","embeddable":true,"href":"https:\/\/climalife.com\/fr\/wp-json\/wp\/v2\/product_cat?post=216009"},{"taxonomy":"product_tag","embeddable":true,"href":"https:\/\/climalife.com\/fr\/wp-json\/wp\/v2\/product_tag?post=216009"}],"curies":[{"name":"wp","href":"https:\/\/api.w.org\/{rel}","templated":true}]}}