{"id":219682,"date":"2024-12-19T14:27:47","date_gmt":"2024-12-19T14:27:47","guid":{"rendered":"https:\/\/climalife.com\/product\/bouteille-de-calibration-climalife\/"},"modified":"2025-03-21T09:37:27","modified_gmt":"2025-03-21T09:37:27","slug":"bouteille-de-calibration-climalife","status":"publish","type":"product","link":"https:\/\/climalife.com\/fr\/product\/bouteille-de-calibration-climalife\/","title":{"rendered":"Bouteille de calibration Climalife"},"content":{"rendered":"<p>Bouteille charg\u00e9e de 110L de m\u00e9lange du fluide frigorig\u00e8ne dans l\u2019air \u00e0 une concentration choisie, \u00e9quivalente au plus haut seuil d\u2019alarme du d\u00e9tecteur.\u00a0La bouteille s\u2019utilise avec un r\u00e9gulateur de d\u00e9bit et un syst\u00e8me de raccordement vendus s\u00e9par\u00e9ment.<\/p>\n<p>Disponible pour le R-454B, le R-1234ze, le R-134a, le R-32, le R-513A et le CO2. Pr\u00e9cisez le fluide et la concentration \u00e0 la commande.<\/p>\n","protected":false},"excerpt":{"rendered":"<p>Bouteille de calibration Climalife pour v\u00e9rifier la sensibilit\u00e9 sur site des d\u00e9tecteurs fixes de fuites et recalibrer le d\u00e9tecteur si n\u00e9cessaire.<\/p>\n","protected":false},"featured_media":219683,"comment_status":"closed","ping_status":"closed","template":"","meta":[],"countries":[],"product_brand":[],"product_cat":[9945,9936,9990,13056,13091,13125,9262],"product_tag":[],"class_list":{"0":"post-219682","1":"product","2":"type-product","3":"status-publish","4":"has-post-thumbnail","6":"product_cat-batiment","7":"product_cat-agroalimentaire","8":"product_cat-autres-industries","9":"product_cat-climatisation","10":"product_cat-chauffage","11":"product_cat-refrigeration-fr","12":"product_cat-detection-fixe","14":"first","15":"instock","16":"shipping-taxable","17":"purchasable","18":"product-type-simple"},"_links":{"self":[{"href":"https:\/\/climalife.com\/fr\/wp-json\/wp\/v2\/product\/219682","targetHints":{"allow":["GET"]}}],"collection":[{"href":"https:\/\/climalife.com\/fr\/wp-json\/wp\/v2\/product"}],"about":[{"href":"https:\/\/climalife.com\/fr\/wp-json\/wp\/v2\/types\/product"}],"replies":[{"embeddable":true,"href":"https:\/\/climalife.com\/fr\/wp-json\/wp\/v2\/comments?post=219682"}],"wp:featuredmedia":[{"embeddable":true,"href":"https:\/\/climalife.com\/fr\/wp-json\/wp\/v2\/media\/219683"}],"wp:attachment":[{"href":"https:\/\/climalife.com\/fr\/wp-json\/wp\/v2\/media?parent=219682"}],"wp:term":[{"taxonomy":"countries","embeddable":true,"href":"https:\/\/climalife.com\/fr\/wp-json\/wp\/v2\/countries?post=219682"},{"taxonomy":"product_brand","embeddable":true,"href":"https:\/\/climalife.com\/fr\/wp-json\/wp\/v2\/product_brand?post=219682"},{"taxonomy":"product_cat","embeddable":true,"href":"https:\/\/climalife.com\/fr\/wp-json\/wp\/v2\/product_cat?post=219682"},{"taxonomy":"product_tag","embeddable":true,"href":"https:\/\/climalife.com\/fr\/wp-json\/wp\/v2\/product_tag?post=219682"}],"curies":[{"name":"wp","href":"https:\/\/api.w.org\/{rel}","templated":true}]}}