{"id":220357,"date":"2025-01-21T11:17:04","date_gmt":"2025-01-21T11:17:04","guid":{"rendered":"https:\/\/climalife.com\/?post_type=product&#038;p=220357"},"modified":"2025-11-04T08:46:37","modified_gmt":"2025-11-04T08:46:37","slug":"novaspray-co2-fr","status":"publish","type":"product","link":"https:\/\/climalife.com\/fr\/product\/novaspray-co2-fr\/","title":{"rendered":"NovaSpray\u2122 CO2"},"content":{"rendered":"<p>Incolore et inodore, il est non inflammable. Il n&#8217;a pas d&#8217;impact sur la couche d&#8217;ozone et un tr\u00e8s faible impact sur le r\u00e9chauffement plan\u00e9taire (GWP=1).<\/p>\n","protected":false},"excerpt":{"rendered":"<p>Le NovaSpray\u2122 CO<sub>2<\/sub> est du dioxyde de carbone utilis\u00e9 comme gaz propulseur pour les a\u00e9rosols. Adapt\u00e9 aux formulations avec exigences de s\u00e9curit\u00e9.<\/p>\n","protected":false},"featured_media":220359,"comment_status":"closed","ping_status":"closed","template":"","meta":[],"countries":[4674,4709,4756,4813,4831,4862],"product_brand":[],"product_cat":[15154,9963,9990,13118],"product_tag":[],"class_list":{"0":"post-220357","1":"product","2":"type-product","3":"status-publish","4":"has-post-thumbnail","6":"countries-by","7":"countries-cu","8":"countries-ir","9":"countries-kp","10":"countries-ru","11":"countries-sy","12":"product_cat-novasprayco2-fr","13":"product_cat-sante-bien-etre","14":"product_cat-autres-industries","15":"product_cat-propulseurs","16":"pa_packaging-cadre-9xb50-fr-274","18":"first","19":"instock","20":"shipping-taxable","21":"purchasable","22":"product-type-variable"},"_links":{"self":[{"href":"https:\/\/climalife.com\/fr\/wp-json\/wp\/v2\/product\/220357","targetHints":{"allow":["GET"]}}],"collection":[{"href":"https:\/\/climalife.com\/fr\/wp-json\/wp\/v2\/product"}],"about":[{"href":"https:\/\/climalife.com\/fr\/wp-json\/wp\/v2\/types\/product"}],"replies":[{"embeddable":true,"href":"https:\/\/climalife.com\/fr\/wp-json\/wp\/v2\/comments?post=220357"}],"wp:featuredmedia":[{"embeddable":true,"href":"https:\/\/climalife.com\/fr\/wp-json\/wp\/v2\/media\/220359"}],"wp:attachment":[{"href":"https:\/\/climalife.com\/fr\/wp-json\/wp\/v2\/media?parent=220357"}],"wp:term":[{"taxonomy":"countries","embeddable":true,"href":"https:\/\/climalife.com\/fr\/wp-json\/wp\/v2\/countries?post=220357"},{"taxonomy":"product_brand","embeddable":true,"href":"https:\/\/climalife.com\/fr\/wp-json\/wp\/v2\/product_brand?post=220357"},{"taxonomy":"product_cat","embeddable":true,"href":"https:\/\/climalife.com\/fr\/wp-json\/wp\/v2\/product_cat?post=220357"},{"taxonomy":"product_tag","embeddable":true,"href":"https:\/\/climalife.com\/fr\/wp-json\/wp\/v2\/product_tag?post=220357"}],"curies":[{"name":"wp","href":"https:\/\/api.w.org\/{rel}","templated":true}]}}