{"id":221321,"date":"2025-02-10T12:46:38","date_gmt":"2025-02-10T12:46:38","guid":{"rendered":"https:\/\/climalife.com\/product\/novexpans-fa-188\/"},"modified":"2026-01-30T12:49:06","modified_gmt":"2026-01-30T12:49:06","slug":"novexpans-fa-188","status":"publish","type":"product","link":"https:\/\/climalife.com\/fr\/product\/novexpans-fa-188\/","title":{"rendered":"NOVEXPANS\u2122 FA-188"},"content":{"rendered":"<p>Il agit comme un agent de nucl\u00e9ation pendant l&#8217;expansion de la mousse et r\u00e9duit la taille moyenne des cellules. Disponible dans diff\u00e9rentes tailles d&#8217;emballages re-remplissables.<\/p>\n","protected":false},"excerpt":{"rendered":"<p>Novexpans\u2122 FA-188 est un additif non-inflammable utilis\u00e9 dans la fabrication de mousses polyur\u00e9thane permettant de r\u00e9duire leur conductivit\u00e9 thermique et ainsi d&#8217;am\u00e9liorer l&#8217;efficacit\u00e9 \u00e9nerg\u00e9tique.<\/p>\n","protected":false},"featured_media":126360,"comment_status":"closed","ping_status":"closed","template":"","meta":[],"countries":[4674,4756,4813,4831],"product_brand":[],"product_cat":[9945,13100,9783,9505],"product_tag":[],"class_list":{"0":"post-221321","1":"product","2":"type-product","3":"status-publish","4":"has-post-thumbnail","6":"countries-by","7":"countries-ir","8":"countries-kp","9":"countries-ru","10":"product_cat-batiment","11":"product_cat-isolation","12":"product_cat-mousses-expansees","13":"product_cat-hydrocarbures","14":"pa_packaging-bouteille-88-l-fr-122","15":"pa_packaging-fut-217-l-fr-30","17":"first","18":"instock","19":"shipping-taxable","20":"purchasable","21":"product-type-variable"},"_links":{"self":[{"href":"https:\/\/climalife.com\/fr\/wp-json\/wp\/v2\/product\/221321","targetHints":{"allow":["GET"]}}],"collection":[{"href":"https:\/\/climalife.com\/fr\/wp-json\/wp\/v2\/product"}],"about":[{"href":"https:\/\/climalife.com\/fr\/wp-json\/wp\/v2\/types\/product"}],"replies":[{"embeddable":true,"href":"https:\/\/climalife.com\/fr\/wp-json\/wp\/v2\/comments?post=221321"}],"wp:featuredmedia":[{"embeddable":true,"href":"https:\/\/climalife.com\/fr\/wp-json\/wp\/v2\/media\/126360"}],"wp:attachment":[{"href":"https:\/\/climalife.com\/fr\/wp-json\/wp\/v2\/media?parent=221321"}],"wp:term":[{"taxonomy":"countries","embeddable":true,"href":"https:\/\/climalife.com\/fr\/wp-json\/wp\/v2\/countries?post=221321"},{"taxonomy":"product_brand","embeddable":true,"href":"https:\/\/climalife.com\/fr\/wp-json\/wp\/v2\/product_brand?post=221321"},{"taxonomy":"product_cat","embeddable":true,"href":"https:\/\/climalife.com\/fr\/wp-json\/wp\/v2\/product_cat?post=221321"},{"taxonomy":"product_tag","embeddable":true,"href":"https:\/\/climalife.com\/fr\/wp-json\/wp\/v2\/product_tag?post=221321"}],"curies":[{"name":"wp","href":"https:\/\/api.w.org\/{rel}","templated":true}]}}