{"id":221769,"date":"2025-02-13T16:43:03","date_gmt":"2025-02-13T16:43:03","guid":{"rendered":"https:\/\/climalife.com\/product\/next-717-serie\/"},"modified":"2026-02-10T09:22:16","modified_gmt":"2026-02-10T09:22:16","slug":"next-717-serie","status":"publish","type":"product","link":"https:\/\/climalife.com\/fr\/product\/next-717-serie\/","title":{"rendered":"NEXT 717 s\u00e9rie"},"content":{"rendered":"<p>Disponible en :<\/p>\n<ul>\n<li>Next 717-68<\/li>\n<li>Next 717-68SC avec un additif de protection des joints<\/li>\n<li>Next 717-100 sp\u00e9cialement formul\u00e9e pour les applications de pompes \u00e0 chaleur \u00e0 l&#8217;ammoniac.<\/li>\n<\/ul>\n<p>&nbsp;<\/p>\n","protected":false},"excerpt":{"rendered":"<p>NEXT 717 est une huile min\u00e9rale frigorifique pour l&#8217;ammoniac. Sp\u00e9cialement formul\u00e9e pour \u00eatre utilis\u00e9e dans les syst\u00e8mes de r\u00e9frig\u00e9ration fonctionnant au NH<sub>3<\/sub>. Fabriqu\u00e9e \u00e0 partir d&#8217;huile de base hydrocraqu\u00e9es et d&#8217;additifs de pointe. Les huiles NEXT 717 pr\u00e9sentent une tr\u00e8s faible perte de d\u00e9bit et poss\u00e8dent une excellente fluidit\u00e9 \u00e0 basse temp\u00e9rature.<\/p>\n","protected":false},"featured_media":221770,"comment_status":"closed","ping_status":"closed","template":"","meta":[],"countries":[4674,4709,4756,4813,4831,4862],"product_brand":[],"product_cat":[9936,13125,9343],"product_tag":[],"class_list":{"0":"post-221769","1":"product","2":"type-product","3":"status-publish","4":"has-post-thumbnail","6":"countries-by","7":"countries-cu","8":"countries-ir","9":"countries-kp","10":"countries-ru","11":"countries-sy","12":"product_cat-agroalimentaire","13":"product_cat-refrigeration-fr","14":"product_cat-les-huiles-minerales","15":"pa_packaging-bidon-19-l-fr-336","16":"pa_packaging-fut-208-l-fr-49","18":"first","19":"instock","20":"shipping-taxable","21":"purchasable","22":"product-type-variable"},"_links":{"self":[{"href":"https:\/\/climalife.com\/fr\/wp-json\/wp\/v2\/product\/221769","targetHints":{"allow":["GET"]}}],"collection":[{"href":"https:\/\/climalife.com\/fr\/wp-json\/wp\/v2\/product"}],"about":[{"href":"https:\/\/climalife.com\/fr\/wp-json\/wp\/v2\/types\/product"}],"replies":[{"embeddable":true,"href":"https:\/\/climalife.com\/fr\/wp-json\/wp\/v2\/comments?post=221769"}],"wp:featuredmedia":[{"embeddable":true,"href":"https:\/\/climalife.com\/fr\/wp-json\/wp\/v2\/media\/221770"}],"wp:attachment":[{"href":"https:\/\/climalife.com\/fr\/wp-json\/wp\/v2\/media?parent=221769"}],"wp:term":[{"taxonomy":"countries","embeddable":true,"href":"https:\/\/climalife.com\/fr\/wp-json\/wp\/v2\/countries?post=221769"},{"taxonomy":"product_brand","embeddable":true,"href":"https:\/\/climalife.com\/fr\/wp-json\/wp\/v2\/product_brand?post=221769"},{"taxonomy":"product_cat","embeddable":true,"href":"https:\/\/climalife.com\/fr\/wp-json\/wp\/v2\/product_cat?post=221769"},{"taxonomy":"product_tag","embeddable":true,"href":"https:\/\/climalife.com\/fr\/wp-json\/wp\/v2\/product_tag?post=221769"}],"curies":[{"name":"wp","href":"https:\/\/api.w.org\/{rel}","templated":true}]}}