{"id":222907,"date":"2025-03-24T16:46:56","date_gmt":"2025-03-24T16:46:56","guid":{"rendered":"https:\/\/climalife.com\/?post_type=product&#038;p=222907"},"modified":"2026-01-29T09:06:25","modified_gmt":"2026-01-29T09:06:25","slug":"polarbox-polarvisor","status":"publish","type":"product","link":"https:\/\/climalife.com\/fr\/product\/polarbox-polarvisor\/","title":{"rendered":"PolarBox &#038; PolarVisor"},"content":{"rendered":"<p class=\"xmsonormal\">Elle est compos\u00e9e\u00a0:<\/p>\n<ul>\n<li>D\u2019un module de d\u00e9tection automatique des fuites, utilisant des m\u00e9thodes de mesure indirectes (obligatoire au-del\u00e0 de 500 t \u00e9q. CO2 ou 100 kg pour les HFO) ;<\/li>\n<li>un module Energie pour le calcul des consommations \u00e9nerg\u00e9tique des diff\u00e9rents moteurs en temps r\u00e9el.<\/li>\n<\/ul>\n<p>Connect\u00e9 \u00e0 l&#8217;application web PolarVisor, le PolarBox alerte :<\/p>\n<ul>\n<li>Par e-mail ou directement sur la plateforme web de suivi PolarVisor en cas de fuite de fluide frigorig\u00e8ne (d\u00e9tection pr\u00e9coce 60,2j avant les m\u00e9thodes traditionelles);<\/li>\n<li>Via PolarBox en cas de d\u00e9rive \u00e9nerg\u00e9tique ou de risque de panne compresseur.<\/li>\n<\/ul>\n<p>La supervision PolarVisor permet d&#8217;acc\u00e9der \u00e0 distance et en temps r\u00e9el aux courbes de niveau de fluide frigorig\u00e8ne, au COP, aux donn\u00e9es d&#8217;exploitation et \u00e0 l&#8217;efficacit\u00e9 de la production frigorifique. Une PolarBox peut surveiller jusqu&#8217;\u00e0 4 groupes frigorifiques et dispose d&#8217;une connectivit\u00e9 4G int\u00e9gr\u00e9e.<\/p>\n<p>en savoir plus sur <a href=\"https:\/\/www.matelex.com\/solutions\/polarbox\/\" rel=\"noopener\">matelex.com<\/a><\/p>\n","protected":false},"excerpt":{"rendered":"<p>La PolarBox est un syst\u00e8me de supervision pour les syst\u00e8mes frigorifiques, coupl\u00e9 \u00e0 une interface web de suivi \u00e0 distance.<\/p>\n<p>Elle permet de r\u00e9duire l&#8217;impact environnemental des installations de r\u00e9frig\u00e9ration et de simplifier leur gestion.<\/p>\n","protected":false},"featured_media":222908,"comment_status":"closed","ping_status":"closed","template":"","meta":[],"countries":[4674,4709,4756,4813,4831,4862],"product_brand":[],"product_cat":[9945,9954,9936,9963,9990,13125,9622,9262],"product_tag":[],"class_list":{"0":"post-222907","1":"product","2":"type-product","3":"status-publish","4":"has-post-thumbnail","6":"countries-by","7":"countries-cu","8":"countries-ir","9":"countries-kp","10":"countries-ru","11":"countries-sy","12":"product_cat-batiment","13":"product_cat-energie","14":"product_cat-agroalimentaire","15":"product_cat-sante-bien-etre","16":"product_cat-autres-industries","17":"product_cat-refrigeration-fr","18":"product_cat-detection-de-fuites","19":"product_cat-detection-fixe","21":"first","22":"instock","23":"shipping-taxable","24":"purchasable","25":"product-type-simple"},"_links":{"self":[{"href":"https:\/\/climalife.com\/fr\/wp-json\/wp\/v2\/product\/222907","targetHints":{"allow":["GET"]}}],"collection":[{"href":"https:\/\/climalife.com\/fr\/wp-json\/wp\/v2\/product"}],"about":[{"href":"https:\/\/climalife.com\/fr\/wp-json\/wp\/v2\/types\/product"}],"replies":[{"embeddable":true,"href":"https:\/\/climalife.com\/fr\/wp-json\/wp\/v2\/comments?post=222907"}],"wp:featuredmedia":[{"embeddable":true,"href":"https:\/\/climalife.com\/fr\/wp-json\/wp\/v2\/media\/222908"}],"wp:attachment":[{"href":"https:\/\/climalife.com\/fr\/wp-json\/wp\/v2\/media?parent=222907"}],"wp:term":[{"taxonomy":"countries","embeddable":true,"href":"https:\/\/climalife.com\/fr\/wp-json\/wp\/v2\/countries?post=222907"},{"taxonomy":"product_brand","embeddable":true,"href":"https:\/\/climalife.com\/fr\/wp-json\/wp\/v2\/product_brand?post=222907"},{"taxonomy":"product_cat","embeddable":true,"href":"https:\/\/climalife.com\/fr\/wp-json\/wp\/v2\/product_cat?post=222907"},{"taxonomy":"product_tag","embeddable":true,"href":"https:\/\/climalife.com\/fr\/wp-json\/wp\/v2\/product_tag?post=222907"}],"curies":[{"name":"wp","href":"https:\/\/api.w.org\/{rel}","templated":true}]}}