{"id":223094,"date":"2025-04-02T09:53:43","date_gmt":"2025-04-02T09:53:43","guid":{"rendered":"https:\/\/climalife.com\/?post_type=product&#038;p=223094"},"modified":"2025-04-10T15:46:43","modified_gmt":"2025-04-10T15:46:43","slug":"novaspray-aerosol-isobutane-propane-35bar","status":"publish","type":"product","link":"https:\/\/climalife.com\/fr\/product\/novaspray-aerosol-isobutane-propane-35bar\/","title":{"rendered":"NovaSpray\u2122 isobutane\/propane 3,5 bar"},"content":{"rendered":"<p>&#8211; Il est particuli\u00e8rement adapt\u00e9 pour les formulations de mousse cosm\u00e9tique.<br \/>\n&#8211; Economique par sa faible densit\u00e9, il permet de r\u00e9duire fortement le poids de propulseur \u00e0 utiliser.<br \/>\n&#8211; Son excellente miscibilit\u00e9 avec la majorit\u00e9 des solvants lui conf\u00e8re une grande souplesse de formulation.<br \/>\n&#8211; Il est sans effet sur la couche d\u2019ozone et a un impact n\u00e9gligeable sur l\u2019effet de serre.<\/p>\n","protected":false},"excerpt":{"rendered":"<p>Le NovaSpray\u2122 isobutane\/propane 3,5 bar est un m\u00e9lange de NovaSpray isobutane et de NovaSpray propane grade a\u00e9rosol sp\u00e9cialement d\u00e9sodoris\u00e9s. De qualit\u00e9 constante et de pression contr\u00f4l\u00e9e, il r\u00e9pond \u00e0 l\u2019ensemble des exigences requises pour un propulseur.<\/p>\n","protected":false},"featured_media":217957,"comment_status":"closed","ping_status":"closed","template":"","meta":[],"countries":[4674,4709,4756,4813,4831,4862],"product_brand":[],"product_cat":[9972,9945,9936,9963,9990,13118,9595],"product_tag":[],"class_list":{"0":"post-223094","1":"product","2":"type-product","3":"status-publish","4":"has-post-thumbnail","6":"countries-by","7":"countries-cu","8":"countries-ir","9":"countries-kp","10":"countries-ru","11":"countries-sy","12":"product_cat-automobile-transport","13":"product_cat-batiment","14":"product_cat-agroalimentaire","15":"product_cat-sante-bien-etre","16":"product_cat-autres-industries","17":"product_cat-propulseurs","18":"product_cat-hydrocarbures-fr-83","19":"pa_packaging-conteneur-930-l-fr-76","20":"pa_packaging-vrac-fr-168","22":"first","23":"instock","24":"shipping-taxable","25":"purchasable","26":"product-type-variable"},"_links":{"self":[{"href":"https:\/\/climalife.com\/fr\/wp-json\/wp\/v2\/product\/223094","targetHints":{"allow":["GET"]}}],"collection":[{"href":"https:\/\/climalife.com\/fr\/wp-json\/wp\/v2\/product"}],"about":[{"href":"https:\/\/climalife.com\/fr\/wp-json\/wp\/v2\/types\/product"}],"replies":[{"embeddable":true,"href":"https:\/\/climalife.com\/fr\/wp-json\/wp\/v2\/comments?post=223094"}],"wp:featuredmedia":[{"embeddable":true,"href":"https:\/\/climalife.com\/fr\/wp-json\/wp\/v2\/media\/217957"}],"wp:attachment":[{"href":"https:\/\/climalife.com\/fr\/wp-json\/wp\/v2\/media?parent=223094"}],"wp:term":[{"taxonomy":"countries","embeddable":true,"href":"https:\/\/climalife.com\/fr\/wp-json\/wp\/v2\/countries?post=223094"},{"taxonomy":"product_brand","embeddable":true,"href":"https:\/\/climalife.com\/fr\/wp-json\/wp\/v2\/product_brand?post=223094"},{"taxonomy":"product_cat","embeddable":true,"href":"https:\/\/climalife.com\/fr\/wp-json\/wp\/v2\/product_cat?post=223094"},{"taxonomy":"product_tag","embeddable":true,"href":"https:\/\/climalife.com\/fr\/wp-json\/wp\/v2\/product_tag?post=223094"}],"curies":[{"name":"wp","href":"https:\/\/api.w.org\/{rel}","templated":true}]}}