{"id":223224,"date":"2025-04-04T15:21:12","date_gmt":"2025-04-04T15:21:12","guid":{"rendered":"https:\/\/climalife.com\/product\/suniso-sl-series\/"},"modified":"2026-03-19T12:09:58","modified_gmt":"2026-03-19T12:09:58","slug":"suniso-sl-series-lubrifiants","status":"publish","type":"product","link":"https:\/\/climalife.com\/fr\/product\/suniso-sl-series-lubrifiants\/","title":{"rendered":"SUNISO SL S\u00e9rie"},"content":{"rendered":"<p>Les huiles Suniso SL offrent une stabilit\u00e9 thermique exceptionnelle, et sont adapt\u00e9es aux applications allant des syst\u00e8mes de r\u00e9frig\u00e9ration \u00e0 basse temp\u00e9rature et aux pompes \u00e0 chaleur \u00e0 haute temp\u00e9rature.<\/p>\n","protected":false},"excerpt":{"rendered":"<p>Les huiles Suniso SL sont enti\u00e8rement synth\u00e9tiques haute performance formul\u00e9es pour assurer la performance optimale des compresseurs fonctionnant avec des fluides frigorig\u00e8nes HFC. Fabriqu\u00e9es avec des esters de polyol sp\u00e9cialement con\u00e7us, les lubrifiants Suniso SL assurent une tr\u00e8s bonne miscibilit\u00e9 et un retour d\u2019huile efficace dans tout le syst\u00e8me, de l\u2019\u00e9vaporateur au compresseur.<\/p>\n","protected":false},"featured_media":223225,"comment_status":"closed","ping_status":"closed","template":"","meta":[],"countries":[4662,4667,4674,4693,4698,4706,4707,4709,4737,4739,4756,4800,4813,4817,4827,4831,4854,4862,4866,4881,4887],"product_brand":[],"product_cat":[9936,9990,9945,13419,13125],"product_tag":[],"class_list":{"0":"post-223224","1":"product","2":"type-product","3":"status-publish","4":"has-post-thumbnail","6":"countries-ar","7":"countries-au","8":"countries-by","9":"countries-ca","10":"countries-cl","11":"countries-cr","12":"countries-ci","13":"countries-cu","14":"countries-gh","15":"countries-gr","16":"countries-ir","17":"countries-mm","18":"countries-kp","19":"countries-pk","20":"countries-pt","21":"countries-ru","22":"countries-es","23":"countries-sy","24":"countries-th","25":"countries-us","26":"countries-ve","27":"product_cat-agroalimentaire","28":"product_cat-autres-industries","29":"product_cat-batiment","30":"product_cat-poe-fr","31":"product_cat-refrigeration-fr","32":"pa_packaging-bidon-1-l-fr-63","33":"pa_packaging-bidon-20-l-fr-174","34":"pa_packaging-bidon-4-l-fr-50","36":"first","37":"instock","38":"shipping-taxable","39":"purchasable","40":"product-type-variable","41":"has-default-attributes"},"_links":{"self":[{"href":"https:\/\/climalife.com\/fr\/wp-json\/wp\/v2\/product\/223224","targetHints":{"allow":["GET"]}}],"collection":[{"href":"https:\/\/climalife.com\/fr\/wp-json\/wp\/v2\/product"}],"about":[{"href":"https:\/\/climalife.com\/fr\/wp-json\/wp\/v2\/types\/product"}],"replies":[{"embeddable":true,"href":"https:\/\/climalife.com\/fr\/wp-json\/wp\/v2\/comments?post=223224"}],"wp:featuredmedia":[{"embeddable":true,"href":"https:\/\/climalife.com\/fr\/wp-json\/wp\/v2\/media\/223225"}],"wp:attachment":[{"href":"https:\/\/climalife.com\/fr\/wp-json\/wp\/v2\/media?parent=223224"}],"wp:term":[{"taxonomy":"countries","embeddable":true,"href":"https:\/\/climalife.com\/fr\/wp-json\/wp\/v2\/countries?post=223224"},{"taxonomy":"product_brand","embeddable":true,"href":"https:\/\/climalife.com\/fr\/wp-json\/wp\/v2\/product_brand?post=223224"},{"taxonomy":"product_cat","embeddable":true,"href":"https:\/\/climalife.com\/fr\/wp-json\/wp\/v2\/product_cat?post=223224"},{"taxonomy":"product_tag","embeddable":true,"href":"https:\/\/climalife.com\/fr\/wp-json\/wp\/v2\/product_tag?post=223224"}],"curies":[{"name":"wp","href":"https:\/\/api.w.org\/{rel}","templated":true}]}}