{"id":224992,"date":"2025-06-10T08:40:04","date_gmt":"2025-06-10T08:40:04","guid":{"rendered":"https:\/\/climalife.com\/product\/detecteur-de-fuites-glaciar-x5-atex\/"},"modified":"2025-08-27T12:41:35","modified_gmt":"2025-08-27T12:41:35","slug":"detecteur-de-fuites-glaciar-x5-atex","status":"publish","type":"product","link":"https:\/\/climalife.com\/fr\/product\/detecteur-de-fuites-glaciar-x5-atex\/","title":{"rendered":"D\u00e9tecteur de fuites GLACI\u00c4R X5 (ATEX)"},"content":{"rendered":"<p>Configuration simple et rapide :<\/p>\n<ul>\n<li>Affichage digital int\u00e9gr\u00e9 : visualisation en temps r\u00e9el des concentrations, alarmes et d\u00e9fauts.<\/li>\n<li>Capteurs interchangeables : remplacement facile par simple branchement.<\/li>\n<li>Flexibilit\u00e9 maximale : capteur simple ou double, int\u00e9gr\u00e9 ou d\u00e9port\u00e9, selon les besoins de l\u2019installation.<\/li>\n<\/ul>\n<p>Choix des sondes :<\/p>\n<ul>\n<li>capteur \u00e9lectrochimique \u00e0 longue dur\u00e9e de vie pour la d\u00e9tection de l&#8217;ammoniac,<\/li>\n<li>capteur CO2 infrarouge,<\/li>\n<li>capteur catalytique ou IR pour le R-290,<\/li>\n<li>capteurs semi-conducteur ou IR pour les HFC, HFO et m\u00e9langes HFO.<\/li>\n<\/ul>\n","protected":false},"excerpt":{"rendered":"<p>GLACI\u00c4R X5 est un d\u00e9tecteur de fuites fixe con\u00e7u pour r\u00e9sister aux environnements industriels les plus exigeants. Il est certifi\u00e9 ATEX pour une utilisation en zones \u00e0 atmosph\u00e8res explosives (zones 1 et 2) et dot\u00e9 d\u2019un bo\u00eetier IP66. Il permet la d\u00e9tection de l\u2019ammoniac (NH\u2083), du dioxyde de carbone (CO\u2082), du propane (R290), des HFC, HFO, A2L ainsi que de solvants comme l\u2019\u00e9thanol. Modulable, il permet l&#8217;int\u00e9gration de 1 \u00e0 2 capteurs int\u00e9gr\u00e9s et\/ou d\u00e9port\u00e9s pour une surveillance continue.<\/p>\n","protected":false},"featured_media":224993,"comment_status":"closed","ping_status":"closed","template":"","meta":[],"countries":[4674,4709,4756,4813,4831,4862],"product_brand":[],"product_cat":[9945,9936,13056,13125,9262],"product_tag":[],"class_list":{"0":"post-224992","1":"product","2":"type-product","3":"status-publish","4":"has-post-thumbnail","6":"countries-by","7":"countries-cu","8":"countries-ir","9":"countries-kp","10":"countries-ru","11":"countries-sy","12":"product_cat-batiment","13":"product_cat-agroalimentaire","14":"product_cat-climatisation","15":"product_cat-refrigeration-fr","16":"product_cat-detection-fixe","18":"first","19":"instock","20":"shipping-taxable","21":"purchasable","22":"product-type-simple"},"_links":{"self":[{"href":"https:\/\/climalife.com\/fr\/wp-json\/wp\/v2\/product\/224992","targetHints":{"allow":["GET"]}}],"collection":[{"href":"https:\/\/climalife.com\/fr\/wp-json\/wp\/v2\/product"}],"about":[{"href":"https:\/\/climalife.com\/fr\/wp-json\/wp\/v2\/types\/product"}],"replies":[{"embeddable":true,"href":"https:\/\/climalife.com\/fr\/wp-json\/wp\/v2\/comments?post=224992"}],"wp:featuredmedia":[{"embeddable":true,"href":"https:\/\/climalife.com\/fr\/wp-json\/wp\/v2\/media\/224993"}],"wp:attachment":[{"href":"https:\/\/climalife.com\/fr\/wp-json\/wp\/v2\/media?parent=224992"}],"wp:term":[{"taxonomy":"countries","embeddable":true,"href":"https:\/\/climalife.com\/fr\/wp-json\/wp\/v2\/countries?post=224992"},{"taxonomy":"product_brand","embeddable":true,"href":"https:\/\/climalife.com\/fr\/wp-json\/wp\/v2\/product_brand?post=224992"},{"taxonomy":"product_cat","embeddable":true,"href":"https:\/\/climalife.com\/fr\/wp-json\/wp\/v2\/product_cat?post=224992"},{"taxonomy":"product_tag","embeddable":true,"href":"https:\/\/climalife.com\/fr\/wp-json\/wp\/v2\/product_tag?post=224992"}],"curies":[{"name":"wp","href":"https:\/\/api.w.org\/{rel}","templated":true}]}}