{"id":226954,"date":"2025-07-16T16:43:08","date_gmt":"2025-07-16T16:43:08","guid":{"rendered":"https:\/\/climalife.com\/?post_type=product&#038;p=226954"},"modified":"2025-11-24T12:10:55","modified_gmt":"2025-11-24T12:10:55","slug":"next-gpl-pag-huile-serie","status":"publish","type":"product","link":"https:\/\/climalife.com\/fr\/product\/next-gpl-pag-huile-serie\/","title":{"rendered":"NEXT GPL PAG S\u00e9rie"},"content":{"rendered":"<p>Applications :<\/p>\n<ul>\n<li>Compresseurs \u00e0 piston<\/li>\n<li>Compresseurs \u00e0 vis<\/li>\n<li>Compresseurs de gaz hydrocarbures<\/li>\n<li>Pompes \u00e0 chaleur et syst\u00e8mes de r\u00e9frig\u00e9ration fonctionnant avec des hydrocarbures.<\/li>\n<\/ul>\n<p>Disponibles en plusieurs grades de viscosit\u00e9 :<\/p>\n<ul>\n<li>NEXT GPL PAG 68<\/li>\n<li>NEXT GPL PAG 100<\/li>\n<li>NEXT GPL PAG 150<\/li>\n<li>NEXT GPL PAG 220<\/li>\n<\/ul>\n<p>Autres grades : nous consulter.<\/p>\n","protected":false},"excerpt":{"rendered":"<p>Huile Next GPL PAG pour compresseur de gaz est une formulation \u00e0 base de polypropyl\u00e8ne glycol (PO) id\u00e9ale pour une utilisation avec des gaz hydrocarbures l\u00e9gers. Elle offre une efficacit\u00e9 op\u00e9rationnelle accrue, un excellent pouvoir lubrifiant et des taux de dilution plus faibles avec les hydrocarbures gazeux par rapport aux lubrifiants de base MN ou PAO.<\/p>\n","protected":false},"featured_media":226893,"comment_status":"closed","ping_status":"closed","template":"","meta":[],"countries":[4674,4709,4756,4813,4831,4862],"product_brand":[],"product_cat":[9954,9936,13125,13446],"product_tag":[],"class_list":{"0":"post-226954","1":"product","2":"type-product","3":"status-publish","4":"has-post-thumbnail","6":"countries-by","7":"countries-cu","8":"countries-ir","9":"countries-kp","10":"countries-ru","11":"countries-sy","12":"product_cat-energie","13":"product_cat-agroalimentaire","14":"product_cat-refrigeration-fr","15":"product_cat-pag-fr","16":"pa_packaging-bidon-20-l-fr-174","17":"pa_packaging-bidon-5-l-fr-35","18":"pa_packaging-fut-208-l-fr-49","20":"first","21":"instock","22":"shipping-taxable","23":"purchasable","24":"product-type-variable"},"_links":{"self":[{"href":"https:\/\/climalife.com\/fr\/wp-json\/wp\/v2\/product\/226954","targetHints":{"allow":["GET"]}}],"collection":[{"href":"https:\/\/climalife.com\/fr\/wp-json\/wp\/v2\/product"}],"about":[{"href":"https:\/\/climalife.com\/fr\/wp-json\/wp\/v2\/types\/product"}],"replies":[{"embeddable":true,"href":"https:\/\/climalife.com\/fr\/wp-json\/wp\/v2\/comments?post=226954"}],"wp:featuredmedia":[{"embeddable":true,"href":"https:\/\/climalife.com\/fr\/wp-json\/wp\/v2\/media\/226893"}],"wp:attachment":[{"href":"https:\/\/climalife.com\/fr\/wp-json\/wp\/v2\/media?parent=226954"}],"wp:term":[{"taxonomy":"countries","embeddable":true,"href":"https:\/\/climalife.com\/fr\/wp-json\/wp\/v2\/countries?post=226954"},{"taxonomy":"product_brand","embeddable":true,"href":"https:\/\/climalife.com\/fr\/wp-json\/wp\/v2\/product_brand?post=226954"},{"taxonomy":"product_cat","embeddable":true,"href":"https:\/\/climalife.com\/fr\/wp-json\/wp\/v2\/product_cat?post=226954"},{"taxonomy":"product_tag","embeddable":true,"href":"https:\/\/climalife.com\/fr\/wp-json\/wp\/v2\/product_tag?post=226954"}],"curies":[{"name":"wp","href":"https:\/\/api.w.org\/{rel}","templated":true}]}}