{"id":227074,"date":"2025-07-21T08:12:11","date_gmt":"2025-07-21T08:12:11","guid":{"rendered":"https:\/\/climalife.com\/product\/next-gpl-pag-eo\/"},"modified":"2026-02-10T09:27:24","modified_gmt":"2026-02-10T09:27:24","slug":"next-gpl-pag-eo","status":"publish","type":"product","link":"https:\/\/climalife.com\/fr\/product\/next-gpl-pag-eo\/","title":{"rendered":"NEXT GPL PAG-EO"},"content":{"rendered":"<p>Applications :<\/p>\n<ul>\n<li>Compresseurs \u00e0 piston<\/li>\n<li>Compresseurs \u00e0 vis<\/li>\n<li>Compresseurs de gaz hydrocarbures<\/li>\n<li>Pompes \u00e0 chaleur et syst\u00e8mes de r\u00e9frig\u00e9ration fonctionnant avec des hydrocarbures<\/li>\n<\/ul>\n<p>Disponible en :<\/p>\n<ul>\n<li style=\"list-style-type: none;\">\n<ul>\n<li>NEXT GPL PAG-EO 32<\/li>\n<\/ul>\n<\/li>\n<\/ul>\n<p>Pour d&#8217;autres grades de viscosit\u00e9 : nous consulter.<\/p>\n","protected":false},"excerpt":{"rendered":"<p>NEXT GPL PAG-EO est une huile pour compresseurs \u00e0 gaz \u00e0 base de (PEG) poly\u00e9thyl\u00e8ne glycol qui garantit une faible dilution avec les gaz hydrocarbures.<\/p>\n<p>L&#8217;huile GPL PAG-EO ne pr\u00e9sente pratiquement aucune miscibilit\u00e9 avec les hydrocarbures gazeux et r\u00e9duit les pertes d\u2019huile en aval.<br \/>\nGPL PAG-EO a une formulation tr\u00e8s stable qui r\u00e9siste \u00e0 l\u2019accumulation de carbone et de vernis.<\/p>\n","protected":false},"featured_media":227075,"comment_status":"closed","ping_status":"closed","template":"","meta":[],"countries":[4674,4709,4756,4813,4831,4862],"product_brand":[],"product_cat":[9954,9936,9990,13446],"product_tag":[],"class_list":{"0":"post-227074","1":"product","2":"type-product","3":"status-publish","4":"has-post-thumbnail","6":"countries-by","7":"countries-cu","8":"countries-ir","9":"countries-kp","10":"countries-ru","11":"countries-sy","12":"product_cat-energie","13":"product_cat-agroalimentaire","14":"product_cat-autres-industries","15":"product_cat-pag-fr","16":"pa_packaging-bidon-20-l-fr-174","17":"pa_packaging-fut-208-l-fr-49","19":"first","20":"instock","21":"shipping-taxable","22":"purchasable","23":"product-type-variable"},"_links":{"self":[{"href":"https:\/\/climalife.com\/fr\/wp-json\/wp\/v2\/product\/227074","targetHints":{"allow":["GET"]}}],"collection":[{"href":"https:\/\/climalife.com\/fr\/wp-json\/wp\/v2\/product"}],"about":[{"href":"https:\/\/climalife.com\/fr\/wp-json\/wp\/v2\/types\/product"}],"replies":[{"embeddable":true,"href":"https:\/\/climalife.com\/fr\/wp-json\/wp\/v2\/comments?post=227074"}],"wp:featuredmedia":[{"embeddable":true,"href":"https:\/\/climalife.com\/fr\/wp-json\/wp\/v2\/media\/227075"}],"wp:attachment":[{"href":"https:\/\/climalife.com\/fr\/wp-json\/wp\/v2\/media?parent=227074"}],"wp:term":[{"taxonomy":"countries","embeddable":true,"href":"https:\/\/climalife.com\/fr\/wp-json\/wp\/v2\/countries?post=227074"},{"taxonomy":"product_brand","embeddable":true,"href":"https:\/\/climalife.com\/fr\/wp-json\/wp\/v2\/product_brand?post=227074"},{"taxonomy":"product_cat","embeddable":true,"href":"https:\/\/climalife.com\/fr\/wp-json\/wp\/v2\/product_cat?post=227074"},{"taxonomy":"product_tag","embeddable":true,"href":"https:\/\/climalife.com\/fr\/wp-json\/wp\/v2\/product_tag?post=227074"}],"curies":[{"name":"wp","href":"https:\/\/api.w.org\/{rel}","templated":true}]}}