{"id":227080,"date":"2025-07-21T08:30:37","date_gmt":"2025-07-21T08:30:37","guid":{"rendered":"https:\/\/climalife.com\/product\/next-gpl-pao-serie\/"},"modified":"2026-02-10T09:28:35","modified_gmt":"2026-02-10T09:28:35","slug":"next-gpl-pao-serie-huile","status":"publish","type":"product","link":"https:\/\/climalife.com\/fr\/product\/next-gpl-pao-serie-huile\/","title":{"rendered":"NEXT GPL PAO S\u00e9rie"},"content":{"rendered":"<p>Applications :<\/p>\n<ul>\n<li>Compresseurs \u00e0 piston<\/li>\n<li>Compresseurs \u00e0 vis<\/li>\n<li>Compresseurs centrifuges<\/li>\n<\/ul>\n<p>Disponible en :<\/p>\n<ul>\n<li>NEXT GPL PAO 100<\/li>\n<li>NEXT GPL PAO 150<\/li>\n<\/ul>\n<p>Autres grades de viscosit\u00e9 : nous consulter.<\/p>\n","protected":false},"excerpt":{"rendered":"<p>NEXT GPL PAO est une huile pour compresseurs \u00e0 gaz qui associe une base polyalphaol\u00e9fine et des additifs avanc\u00e9s. Cette combinaison garantit une stabilit\u00e9 et d&#8217;excellentes propri\u00e9t\u00e9s sur une large plage de fonctionnement.<br \/>\nL&#8217;huile NEXT GPL PAO est id\u00e9ale pour les applications sujettes \u00e0 l\u2019accumulation de carbone et de vernis. Elle offre<br \/>\n\u00e9galement une meilleure stabilit\u00e9 et une meilleure s\u00e9paration de l\u2019eau par rapport aux formulations ester et PAG lorsqu\u2019il est utilis\u00e9 dans des flux de gaz \u00e0 forte teneur en eau.<\/p>\n","protected":false},"featured_media":227081,"comment_status":"closed","ping_status":"closed","template":"","meta":[],"countries":[4674,4709,4756,4813,4831,4862],"product_brand":[],"product_cat":[9990,9954,13455,13125],"product_tag":[],"class_list":{"0":"post-227080","1":"product","2":"type-product","3":"status-publish","4":"has-post-thumbnail","6":"countries-by","7":"countries-cu","8":"countries-ir","9":"countries-kp","10":"countries-ru","11":"countries-sy","12":"product_cat-autres-industries","13":"product_cat-energie","14":"product_cat-pao-fr","15":"product_cat-refrigeration-fr","16":"pa_packaging-bidon-20-l-fr-174","17":"pa_packaging-fut-208-l-fr-49","19":"first","20":"instock","21":"shipping-taxable","22":"purchasable","23":"product-type-variable"},"_links":{"self":[{"href":"https:\/\/climalife.com\/fr\/wp-json\/wp\/v2\/product\/227080","targetHints":{"allow":["GET"]}}],"collection":[{"href":"https:\/\/climalife.com\/fr\/wp-json\/wp\/v2\/product"}],"about":[{"href":"https:\/\/climalife.com\/fr\/wp-json\/wp\/v2\/types\/product"}],"replies":[{"embeddable":true,"href":"https:\/\/climalife.com\/fr\/wp-json\/wp\/v2\/comments?post=227080"}],"wp:featuredmedia":[{"embeddable":true,"href":"https:\/\/climalife.com\/fr\/wp-json\/wp\/v2\/media\/227081"}],"wp:attachment":[{"href":"https:\/\/climalife.com\/fr\/wp-json\/wp\/v2\/media?parent=227080"}],"wp:term":[{"taxonomy":"countries","embeddable":true,"href":"https:\/\/climalife.com\/fr\/wp-json\/wp\/v2\/countries?post=227080"},{"taxonomy":"product_brand","embeddable":true,"href":"https:\/\/climalife.com\/fr\/wp-json\/wp\/v2\/product_brand?post=227080"},{"taxonomy":"product_cat","embeddable":true,"href":"https:\/\/climalife.com\/fr\/wp-json\/wp\/v2\/product_cat?post=227080"},{"taxonomy":"product_tag","embeddable":true,"href":"https:\/\/climalife.com\/fr\/wp-json\/wp\/v2\/product_tag?post=227080"}],"curies":[{"name":"wp","href":"https:\/\/api.w.org\/{rel}","templated":true}]}}