{"id":227099,"date":"2025-07-21T08:57:33","date_gmt":"2025-07-21T08:57:33","guid":{"rendered":"https:\/\/climalife.com\/product\/next-gpl-pao-fg\/"},"modified":"2026-02-10T09:29:20","modified_gmt":"2026-02-10T09:29:20","slug":"next-gpl-pao-fg-huile","status":"publish","type":"product","link":"https:\/\/climalife.com\/fr\/product\/next-gpl-pao-fg-huile\/","title":{"rendered":"NEXT GPL PAO-FG"},"content":{"rendered":"<p>Applications :<\/p>\n<ul>\n<li>Compresseurs \u00e0 piston<\/li>\n<li>Compresseurs \u00e0 vis<\/li>\n<li>Compresseurs centrifuges<\/li>\n<\/ul>\n<p>Disponible en :<\/p>\n<ul>\n<li>NEXT GPL PAO-FG 68<\/li>\n<\/ul>\n<p>Autres grades de viscosit\u00e9 : nous consulter.<\/p>\n","protected":false},"excerpt":{"rendered":"<p>NEXT GPL PAO-FG est une huile pour les compresseurs \u00e0 gaz de base PAO formul\u00e9e pour les applications o\u00f9 un contact accidentel avec les aliments est possible.<br \/>\nId\u00e9ale pour les compresseurs fonctionnant au CO2, l&#8217;huile GPL PAO-FG a un indice de viscosit\u00e9 extr\u00eamement \u00e9lev\u00e9 et un point d\u2019\u00e9coulement tr\u00e8s bas, ce qui permet de l\u2019utiliser dans une large gamme de temp\u00e9ratures.<\/p>\n<p>NEXT GPL PAO-FG contient \u00e9galement des additifs robustes qui prot\u00e8gent contre la rouille, la corrosion et l\u2019oxydation. Ces additifs assurent une protection essentielle des composants et garantissent une longue dur\u00e9e de vie de l\u2019huile, m\u00eame dans des conditions d\u2019utilisation difficiles.<\/p>\n","protected":false},"featured_media":227100,"comment_status":"closed","ping_status":"closed","template":"","meta":[],"countries":[4674,4709,4756,4813,4831,4862],"product_brand":[],"product_cat":[9936,13125,13455],"product_tag":[],"class_list":{"0":"post-227099","1":"product","2":"type-product","3":"status-publish","4":"has-post-thumbnail","6":"countries-by","7":"countries-cu","8":"countries-ir","9":"countries-kp","10":"countries-ru","11":"countries-sy","12":"product_cat-agroalimentaire","13":"product_cat-refrigeration-fr","14":"product_cat-pao-fr","15":"pa_packaging-bidon-20-l-fr-174","16":"pa_packaging-fut-208-l-fr-49","18":"first","19":"instock","20":"shipping-taxable","21":"purchasable","22":"product-type-variable"},"_links":{"self":[{"href":"https:\/\/climalife.com\/fr\/wp-json\/wp\/v2\/product\/227099","targetHints":{"allow":["GET"]}}],"collection":[{"href":"https:\/\/climalife.com\/fr\/wp-json\/wp\/v2\/product"}],"about":[{"href":"https:\/\/climalife.com\/fr\/wp-json\/wp\/v2\/types\/product"}],"replies":[{"embeddable":true,"href":"https:\/\/climalife.com\/fr\/wp-json\/wp\/v2\/comments?post=227099"}],"wp:featuredmedia":[{"embeddable":true,"href":"https:\/\/climalife.com\/fr\/wp-json\/wp\/v2\/media\/227100"}],"wp:attachment":[{"href":"https:\/\/climalife.com\/fr\/wp-json\/wp\/v2\/media?parent=227099"}],"wp:term":[{"taxonomy":"countries","embeddable":true,"href":"https:\/\/climalife.com\/fr\/wp-json\/wp\/v2\/countries?post=227099"},{"taxonomy":"product_brand","embeddable":true,"href":"https:\/\/climalife.com\/fr\/wp-json\/wp\/v2\/product_brand?post=227099"},{"taxonomy":"product_cat","embeddable":true,"href":"https:\/\/climalife.com\/fr\/wp-json\/wp\/v2\/product_cat?post=227099"},{"taxonomy":"product_tag","embeddable":true,"href":"https:\/\/climalife.com\/fr\/wp-json\/wp\/v2\/product_tag?post=227099"}],"curies":[{"name":"wp","href":"https:\/\/api.w.org\/{rel}","templated":true}]}}