{"id":227110,"date":"2025-07-21T09:11:24","date_gmt":"2025-07-21T09:11:24","guid":{"rendered":"https:\/\/climalife.com\/product\/next-gpl-min\/"},"modified":"2026-02-10T09:26:35","modified_gmt":"2026-02-10T09:26:35","slug":"huile-next-gpl-min","status":"publish","type":"product","link":"https:\/\/climalife.com\/fr\/product\/huile-next-gpl-min\/","title":{"rendered":"NEXT GPL MIN"},"content":{"rendered":"<p>Applications :<\/p>\n<ul>\n<li>Compresseurs \u00e0 piston<\/li>\n<li>Compresseurs \u00e0 vis<\/li>\n<li>Turbines \u00e0 gaz<\/li>\n<\/ul>\n<p>Disponible en :<\/p>\n<ul>\n<li>NEXT GPL MIN 100<\/li>\n<\/ul>\n<p>Autres grades de viscosit\u00e9 : nous consulter.<\/p>\n","protected":false},"excerpt":{"rendered":"<p>NEXT GPL MIN est une huile pour compresseur de gaz qui combine des huiles min\u00e9rales hydrotrait\u00e9es et des additifs avanc\u00e9s. NEXT GPL MIN peut \u00eatre utilis\u00e9e avec les gaz hydrocarbures lourds et l\u00e9gers.<br \/>\nSon ensemble d\u2019additifs avanc\u00e9s permet \u00e9galement de l\u2019utiliser avec des flux gazeux contenant des gaz r\u00e9actifs.<br \/>\nL&#8217;huile NEXT GPL MIN offre \u00e9galement d\u2019excellentes caract\u00e9ristiques de s\u00e9paration de l\u2019eau, ce qui en fait un excellent choix pour les flux gazeux \u00e0 forte teneur en eau.<\/p>\n","protected":false},"featured_media":227111,"comment_status":"closed","ping_status":"closed","template":"","meta":[],"countries":[4674,4709,4756,4813,4831,4862],"product_brand":[],"product_cat":[9945,9954,13125,9343],"product_tag":[],"class_list":{"0":"post-227110","1":"product","2":"type-product","3":"status-publish","4":"has-post-thumbnail","6":"countries-by","7":"countries-cu","8":"countries-ir","9":"countries-kp","10":"countries-ru","11":"countries-sy","12":"product_cat-batiment","13":"product_cat-energie","14":"product_cat-refrigeration-fr","15":"product_cat-les-huiles-minerales","16":"pa_packaging-bidon-20-l-fr-174","17":"pa_packaging-fut-208-l-fr-49","19":"first","20":"instock","21":"shipping-taxable","22":"purchasable","23":"product-type-variable"},"_links":{"self":[{"href":"https:\/\/climalife.com\/fr\/wp-json\/wp\/v2\/product\/227110","targetHints":{"allow":["GET"]}}],"collection":[{"href":"https:\/\/climalife.com\/fr\/wp-json\/wp\/v2\/product"}],"about":[{"href":"https:\/\/climalife.com\/fr\/wp-json\/wp\/v2\/types\/product"}],"replies":[{"embeddable":true,"href":"https:\/\/climalife.com\/fr\/wp-json\/wp\/v2\/comments?post=227110"}],"wp:featuredmedia":[{"embeddable":true,"href":"https:\/\/climalife.com\/fr\/wp-json\/wp\/v2\/media\/227111"}],"wp:attachment":[{"href":"https:\/\/climalife.com\/fr\/wp-json\/wp\/v2\/media?parent=227110"}],"wp:term":[{"taxonomy":"countries","embeddable":true,"href":"https:\/\/climalife.com\/fr\/wp-json\/wp\/v2\/countries?post=227110"},{"taxonomy":"product_brand","embeddable":true,"href":"https:\/\/climalife.com\/fr\/wp-json\/wp\/v2\/product_brand?post=227110"},{"taxonomy":"product_cat","embeddable":true,"href":"https:\/\/climalife.com\/fr\/wp-json\/wp\/v2\/product_cat?post=227110"},{"taxonomy":"product_tag","embeddable":true,"href":"https:\/\/climalife.com\/fr\/wp-json\/wp\/v2\/product_tag?post=227110"}],"curies":[{"name":"wp","href":"https:\/\/api.w.org\/{rel}","templated":true}]}}