{"id":227280,"date":"2025-07-29T09:26:28","date_gmt":"2025-07-29T09:26:28","guid":{"rendered":"https:\/\/climalife.com\/product\/novexpans-isobutane-dme-10-90\/"},"modified":"2025-09-03T08:58:19","modified_gmt":"2025-09-03T08:58:19","slug":"novexpans-isobutane-dme-10-90","status":"publish","type":"product","link":"https:\/\/climalife.com\/fr\/product\/novexpans-isobutane-dme-10-90\/","title":{"rendered":"NOVEXPANS\u2122 isobutane\/DME (10\/90)"},"content":{"rendered":"<p>Par cons\u00e9quent, il n\u2019est pas vis\u00e9 par le protocole de Kyoto, ni le r\u00e8glement F-Gaz III (n\u00b0 2024\/573).<\/p>\n","protected":false},"excerpt":{"rendered":"<p>NOVEXPANS\u2122 isobutane\/DME (10\/90) est un gaz aux sp\u00e9cifications garanties utilis\u00e9 comme agent porog\u00e8ne pour l&#8217;expansion des mousses polyur\u00e9thanes et polystyr\u00e8ne extrud\u00e9. Il est sans effet sur la couche d&#8217;ozone et a un impact n\u00e9gligeable sur l&#8217;effet de serre.<\/p>\n","protected":false},"featured_media":227281,"comment_status":"closed","ping_status":"closed","template":"","meta":[],"countries":[4674,4709,4756,4813,4831,4862],"product_brand":[],"product_cat":[9945,9954,9990,13100,9505],"product_tag":[],"class_list":{"0":"post-227280","1":"product","2":"type-product","3":"status-publish","4":"has-post-thumbnail","6":"countries-by","7":"countries-cu","8":"countries-ir","9":"countries-kp","10":"countries-ru","11":"countries-sy","12":"product_cat-batiment","13":"product_cat-energie","14":"product_cat-autres-industries","15":"product_cat-isolation","16":"product_cat-hydrocarbures","17":"pa_packaging-conteneur-930-l-fr-76","18":"pa_packaging-vrac-fr-168","20":"first","21":"instock","22":"shipping-taxable","23":"purchasable","24":"product-type-variable"},"_links":{"self":[{"href":"https:\/\/climalife.com\/fr\/wp-json\/wp\/v2\/product\/227280","targetHints":{"allow":["GET"]}}],"collection":[{"href":"https:\/\/climalife.com\/fr\/wp-json\/wp\/v2\/product"}],"about":[{"href":"https:\/\/climalife.com\/fr\/wp-json\/wp\/v2\/types\/product"}],"replies":[{"embeddable":true,"href":"https:\/\/climalife.com\/fr\/wp-json\/wp\/v2\/comments?post=227280"}],"wp:featuredmedia":[{"embeddable":true,"href":"https:\/\/climalife.com\/fr\/wp-json\/wp\/v2\/media\/227281"}],"wp:attachment":[{"href":"https:\/\/climalife.com\/fr\/wp-json\/wp\/v2\/media?parent=227280"}],"wp:term":[{"taxonomy":"countries","embeddable":true,"href":"https:\/\/climalife.com\/fr\/wp-json\/wp\/v2\/countries?post=227280"},{"taxonomy":"product_brand","embeddable":true,"href":"https:\/\/climalife.com\/fr\/wp-json\/wp\/v2\/product_brand?post=227280"},{"taxonomy":"product_cat","embeddable":true,"href":"https:\/\/climalife.com\/fr\/wp-json\/wp\/v2\/product_cat?post=227280"},{"taxonomy":"product_tag","embeddable":true,"href":"https:\/\/climalife.com\/fr\/wp-json\/wp\/v2\/product_tag?post=227280"}],"curies":[{"name":"wp","href":"https:\/\/api.w.org\/{rel}","templated":true}]}}