{"id":229524,"date":"2025-11-24T12:19:11","date_gmt":"2025-11-24T12:19:11","guid":{"rendered":"https:\/\/climalife.com\/product\/next-717-syn\/"},"modified":"2026-02-10T09:20:16","modified_gmt":"2026-02-10T09:20:16","slug":"next-717-syn","status":"publish","type":"product","link":"https:\/\/climalife.com\/fr\/product\/next-717-syn\/","title":{"rendered":"NEXT 717-SYN"},"content":{"rendered":"<p>Applications:<\/p>\n<ul>\n<li>Compresseurs alternatifs<\/li>\n<li>Compresseurs \u00e0 vis rotative<\/li>\n<li>Pour des applications jusqu&#8217;\u00e0 -57 \u00b0C<\/li>\n<\/ul>\n<p>Disponible en :<\/p>\n<ul>\n<li>NEXT 717-68-SYN<\/li>\n<\/ul>\n","protected":false},"excerpt":{"rendered":"<p>NEXT 717-68-SYN est une huile pour compresseurs \u00e0 base de polyalphaol\u00e9fines (PAO), sp\u00e9cialement formul\u00e9e pour les syst\u00e8mes de r\u00e9frig\u00e9ration \u00e0 l\u2019ammoniac fonctionnant \u00e0 tr\u00e8s basse temp\u00e9rature. Gr\u00e2ce \u00e0 l\u2019utilisation d\u2019huiles de base PAO hautement stables, NEXT 717-68-SYN pr\u00e9sente un taux d\u2019entra\u00eenement d\u2019huile inf\u00e9rieur \u00e0 celui des huiles min\u00e9rales et des formulations \u00e0 base de m\u00e9langes PAO\/AB.<\/p>\n<p>Cette formulation est id\u00e9ale pour les syst\u00e8mes op\u00e9rant \u00e0 basse temp\u00e9rature ou rencontrant des probl\u00e8mes de retour d\u2019huile.<\/p>\n","protected":false},"featured_media":228157,"comment_status":"closed","ping_status":"closed","template":"","meta":[],"countries":[],"product_brand":[],"product_cat":[9954,9936,9990,13125,13455],"product_tag":[],"class_list":{"0":"post-229524","1":"product","2":"type-product","3":"status-publish","4":"has-post-thumbnail","6":"product_cat-energie","7":"product_cat-agroalimentaire","8":"product_cat-autres-industries","9":"product_cat-refrigeration-fr","10":"product_cat-pao-fr","11":"pa_packaging-bidon-19-l-fr-336","12":"pa_packaging-fut-208-l-fr-49","14":"first","15":"instock","16":"shipping-taxable","17":"purchasable","18":"product-type-variable"},"_links":{"self":[{"href":"https:\/\/climalife.com\/fr\/wp-json\/wp\/v2\/product\/229524","targetHints":{"allow":["GET"]}}],"collection":[{"href":"https:\/\/climalife.com\/fr\/wp-json\/wp\/v2\/product"}],"about":[{"href":"https:\/\/climalife.com\/fr\/wp-json\/wp\/v2\/types\/product"}],"replies":[{"embeddable":true,"href":"https:\/\/climalife.com\/fr\/wp-json\/wp\/v2\/comments?post=229524"}],"wp:featuredmedia":[{"embeddable":true,"href":"https:\/\/climalife.com\/fr\/wp-json\/wp\/v2\/media\/228157"}],"wp:attachment":[{"href":"https:\/\/climalife.com\/fr\/wp-json\/wp\/v2\/media?parent=229524"}],"wp:term":[{"taxonomy":"countries","embeddable":true,"href":"https:\/\/climalife.com\/fr\/wp-json\/wp\/v2\/countries?post=229524"},{"taxonomy":"product_brand","embeddable":true,"href":"https:\/\/climalife.com\/fr\/wp-json\/wp\/v2\/product_brand?post=229524"},{"taxonomy":"product_cat","embeddable":true,"href":"https:\/\/climalife.com\/fr\/wp-json\/wp\/v2\/product_cat?post=229524"},{"taxonomy":"product_tag","embeddable":true,"href":"https:\/\/climalife.com\/fr\/wp-json\/wp\/v2\/product_tag?post=229524"}],"curies":[{"name":"wp","href":"https:\/\/api.w.org\/{rel}","templated":true}]}}