{"id":230494,"date":"2026-01-28T15:06:26","date_gmt":"2026-01-28T15:06:26","guid":{"rendered":"https:\/\/climalife.com\/product\/frionett-activ-n-concentre-5l\/"},"modified":"2026-02-13T15:27:51","modified_gmt":"2026-02-13T15:27:51","slug":"frionett-activ-n-concentre-5l","status":"publish","type":"product","link":"https:\/\/climalife.com\/fr\/product\/frionett-activ-n-concentre-5l\/","title":{"rendered":"Frionett\u00ae Activ\u2019 N Concentr\u00e9 5L"},"content":{"rendered":"<p>Produit d\u00e9sinfectant soumis \u00e0 la r\u00e9glementation Biocides. Consulter la fiche technique.<br \/>\n<span data-olk-copy-source=\"MessageBody\">Produit uniquement autoris\u00e9 \u00e0 l\u2019utilisation et mis sur le march\u00e9 en France, Allemagne, Suisse, Hongrie et hors EUROPE.<\/span><\/p>\n","protected":false},"excerpt":{"rendered":"<p>La gamme Frionett<sup>\u00ae<\/sup> Activ\u2019 N est une gamme de produits de nettoyage d\u00e9sinfectants, d\u00e9graissants et d\u00e9sodorisants pour les \u00e9quipements des installations de r\u00e9frig\u00e9ration et de climatisation tels que les \u00e9vaporateurs, les ventilateurs, et les carrossages.<br \/>\nSa formule d\u00e9sinfectante est sp\u00e9cifiquement adapt\u00e9e pour un traitement efficace des \u00e9changeurs contre les bact\u00e9ries, les levures et les virus.<\/p>\n<p>Le Frionett<sup>\u00ae<\/sup> Activ\u2019 N Concentr\u00e9 5L s\u2019utilise dilu\u00e9 pour l\u2019entretien des installations de r\u00e9frig\u00e9ration et de climatisation (notamment pour les \u00e9vaporateurs et les meubles frigorifiques de grandes surfaces). Il nettoie, d\u00e9graisse et \u00e9limine les bact\u00e9ries, les levures, les virus, la salet\u00e9, et les mauvaises odeurs.<\/p>\n","protected":false},"featured_media":230434,"comment_status":"closed","ping_status":"closed","template":"","meta":[],"countries":[],"product_brand":[],"product_cat":[9945,9936,9990,13056,13091,13125,9559],"product_tag":[],"class_list":{"0":"post-230494","1":"product","2":"type-product","3":"status-publish","4":"has-post-thumbnail","6":"product_cat-batiment","7":"product_cat-agroalimentaire","8":"product_cat-autres-industries","9":"product_cat-climatisation","10":"product_cat-chauffage","11":"product_cat-refrigeration-fr","12":"product_cat-nettoyage-externe-des-installations-thermiques","13":"pa_packaging-bidon-5-l-fr-35","15":"first","16":"instock","17":"shipping-taxable","18":"purchasable","19":"product-type-variable"},"_links":{"self":[{"href":"https:\/\/climalife.com\/fr\/wp-json\/wp\/v2\/product\/230494","targetHints":{"allow":["GET"]}}],"collection":[{"href":"https:\/\/climalife.com\/fr\/wp-json\/wp\/v2\/product"}],"about":[{"href":"https:\/\/climalife.com\/fr\/wp-json\/wp\/v2\/types\/product"}],"replies":[{"embeddable":true,"href":"https:\/\/climalife.com\/fr\/wp-json\/wp\/v2\/comments?post=230494"}],"wp:featuredmedia":[{"embeddable":true,"href":"https:\/\/climalife.com\/fr\/wp-json\/wp\/v2\/media\/230434"}],"wp:attachment":[{"href":"https:\/\/climalife.com\/fr\/wp-json\/wp\/v2\/media?parent=230494"}],"wp:term":[{"taxonomy":"countries","embeddable":true,"href":"https:\/\/climalife.com\/fr\/wp-json\/wp\/v2\/countries?post=230494"},{"taxonomy":"product_brand","embeddable":true,"href":"https:\/\/climalife.com\/fr\/wp-json\/wp\/v2\/product_brand?post=230494"},{"taxonomy":"product_cat","embeddable":true,"href":"https:\/\/climalife.com\/fr\/wp-json\/wp\/v2\/product_cat?post=230494"},{"taxonomy":"product_tag","embeddable":true,"href":"https:\/\/climalife.com\/fr\/wp-json\/wp\/v2\/product_tag?post=230494"}],"curies":[{"name":"wp","href":"https:\/\/api.w.org\/{rel}","templated":true}]}}