{"id":230496,"date":"2026-01-28T15:08:15","date_gmt":"2026-01-28T15:08:15","guid":{"rendered":"https:\/\/climalife.com\/product\/frionett-activ-n-rtu-spray-750ml\/"},"modified":"2026-01-30T13:02:42","modified_gmt":"2026-01-30T13:02:42","slug":"frionett-activ-n-rtu-spray-750ml","status":"publish","type":"product","link":"https:\/\/climalife.com\/fr\/product\/frionett-activ-n-rtu-spray-750ml\/","title":{"rendered":"Frionett\u00ae Activ\u2019 N RTU Spray 750ml"},"content":{"rendered":"<p>Il nettoie, d\u00e9graisse et \u00e9limine les bact\u00e9ries, les levures, les virus, la salet\u00e9, et les mauvaises odeurs.<\/p>\n<p>Produit d\u00e9sinfectant soumis \u00e0 la r\u00e9glementation Biocides. Consulter la fiche technique avant utilisation.<br \/>\n<span data-olk-copy-source=\"MessageBody\">Produit uniquement autoris\u00e9 \u00e0 l\u2019utilisation et mis sur le march\u00e9 en France, Allemagne, Suisse, Hongrie et hors EUROPE.<\/span><\/p>\n","protected":false},"excerpt":{"rendered":"<p>La gamme Frionett<sup>\u00ae<\/sup> Activ\u2019 N est une gamme de produits de nettoyage d\u00e9sinfectants, d\u00e9graissants et d\u00e9sodorisants pour les \u00e9quipements des installations de r\u00e9frig\u00e9ration et de climatisation tels que les \u00e9vaporateurs, les ventilateurs, et les carrossages.<br \/>\nSa formule d\u00e9sinfectante est sp\u00e9cifiquement adapt\u00e9e pour un traitement efficace des \u00e9changeurs contre les bact\u00e9ries, les levures et les virus.<\/p>\n<p>Le Frionett<sup>\u00ae<\/sup> Activ\u2019 N RTU est un d\u00e9sinfectant, d\u00e9sodorisant et d\u00e9graissant pr\u00eat \u00e0 l\u2019emploi pour l\u2019entretien des installations de r\u00e9frig\u00e9ration et de climatisation (notamment pour les \u00e9vaporateurs et les meubles frigorifiques de grandes surfaces).<\/p>\n","protected":false},"featured_media":230498,"comment_status":"closed","ping_status":"closed","template":"","meta":[],"countries":[4652,4657,4660,4668,4674,4675,4681,4683,4688,4708,4709,4710,4711,4713,4722,4725,4727,4730,4731,4732,4739,4740,4753,4756,4758,4760,9125,4770,4775,4776,4777,4779,4785,4794,4796,4804,4813,4815,4826,4827,4893,4831,4839,4843,4847,4848,4854,4858,4860,4862,4873,4880,4886],"product_brand":[],"product_cat":[9945,9936,9990,13056,13091,13125,9559],"product_tag":[],"class_list":{"0":"post-230496","1":"product","2":"type-product","3":"status-publish","4":"has-post-thumbnail","6":"countries-al","7":"countries-ad","8":"countries-aq","9":"countries-at","10":"countries-by","11":"countries-be","12":"countries-ba","13":"countries-bv","14":"countries-bg","15":"countries-hr","16":"countries-cu","17":"countries-cy","18":"countries-cz","19":"countries-dk","20":"countries-ee","21":"countries-fo","22":"countries-fi","23":"countries-gn","24":"countries-pf","25":"countries-tf","26":"countries-gr","27":"countries-gl","28":"countries-is","29":"countries-ir","30":"countries-ie","31":"countries-it","32":"countries-xk","33":"countries-lv","34":"countries-li","35":"countries-lt","36":"countries-lu","37":"countries-mk","38":"countries-mt","39":"countries-mc","40":"countries-me","41":"countries-nl","42":"countries-kp","43":"countries-no","44":"countries-pl","45":"countries-pt","46":"countries-ro","47":"countries-ru","48":"countries-sm","49":"countries-rs","50":"countries-sk","51":"countries-si","52":"countries-es","53":"countries-sj","54":"countries-se","55":"countries-sy","56":"countries-tr","57":"countries-gb","58":"countries-va","59":"product_cat-batiment","60":"product_cat-agroalimentaire","61":"product_cat-autres-industries","62":"product_cat-climatisation","63":"product_cat-chauffage","64":"product_cat-refrigeration-fr","65":"product_cat-nettoyage-externe-des-installations-thermiques","66":"pa_packaging-pulverisateur-750-ml-fr-206","68":"first","69":"instock","70":"shipping-taxable","71":"purchasable","72":"product-type-variable"},"_links":{"self":[{"href":"https:\/\/climalife.com\/fr\/wp-json\/wp\/v2\/product\/230496","targetHints":{"allow":["GET"]}}],"collection":[{"href":"https:\/\/climalife.com\/fr\/wp-json\/wp\/v2\/product"}],"about":[{"href":"https:\/\/climalife.com\/fr\/wp-json\/wp\/v2\/types\/product"}],"replies":[{"embeddable":true,"href":"https:\/\/climalife.com\/fr\/wp-json\/wp\/v2\/comments?post=230496"}],"wp:featuredmedia":[{"embeddable":true,"href":"https:\/\/climalife.com\/fr\/wp-json\/wp\/v2\/media\/230498"}],"wp:attachment":[{"href":"https:\/\/climalife.com\/fr\/wp-json\/wp\/v2\/media?parent=230496"}],"wp:term":[{"taxonomy":"countries","embeddable":true,"href":"https:\/\/climalife.com\/fr\/wp-json\/wp\/v2\/countries?post=230496"},{"taxonomy":"product_brand","embeddable":true,"href":"https:\/\/climalife.com\/fr\/wp-json\/wp\/v2\/product_brand?post=230496"},{"taxonomy":"product_cat","embeddable":true,"href":"https:\/\/climalife.com\/fr\/wp-json\/wp\/v2\/product_cat?post=230496"},{"taxonomy":"product_tag","embeddable":true,"href":"https:\/\/climalife.com\/fr\/wp-json\/wp\/v2\/product_tag?post=230496"}],"curies":[{"name":"wp","href":"https:\/\/api.w.org\/{rel}","templated":true}]}}