{"id":230500,"date":"2026-01-28T15:34:51","date_gmt":"2026-01-28T15:34:51","guid":{"rendered":"https:\/\/climalife.com\/product\/next-744-poe\/"},"modified":"2026-02-10T09:24:56","modified_gmt":"2026-02-10T09:24:56","slug":"next-744-poe","status":"publish","type":"product","link":"https:\/\/climalife.com\/fr\/product\/next-744-poe\/","title":{"rendered":"NEXT 744-POE"},"content":{"rendered":"<p>Cette huile associe des esters synth\u00e9tiques \u00e0 un ensemble d\u2019additifs anti-usure de pointe, garantissant une excellente protection contre l\u2019usure. Celle-ci est indispensable dans les syst\u00e8mes de r\u00e9frig\u00e9ration au CO\u2082 en raison des pressions et temp\u00e9ratures extr\u00eames qui leur sont propres.<\/p>\n","protected":false},"excerpt":{"rendered":"<p>NEXT 744-POE a \u00e9t\u00e9 sp\u00e9cialement formul\u00e9e pour les syst\u00e8mes de r\u00e9frig\u00e9ration au CO\u2082.<\/p>\n","protected":false},"featured_media":230415,"comment_status":"closed","ping_status":"closed","template":"","meta":[],"countries":[],"product_brand":[],"product_cat":[9936,9990,9954,13419],"product_tag":[],"class_list":{"0":"post-230500","1":"product","2":"type-product","3":"status-publish","4":"has-post-thumbnail","6":"product_cat-agroalimentaire","7":"product_cat-autres-industries","8":"product_cat-energie","9":"product_cat-poe-fr","10":"pa_packaging-bidon-1-l-fr-63","11":"pa_packaging-bidon-5-l-fr-35","13":"first","14":"instock","15":"shipping-taxable","16":"purchasable","17":"product-type-variable"},"_links":{"self":[{"href":"https:\/\/climalife.com\/fr\/wp-json\/wp\/v2\/product\/230500","targetHints":{"allow":["GET"]}}],"collection":[{"href":"https:\/\/climalife.com\/fr\/wp-json\/wp\/v2\/product"}],"about":[{"href":"https:\/\/climalife.com\/fr\/wp-json\/wp\/v2\/types\/product"}],"replies":[{"embeddable":true,"href":"https:\/\/climalife.com\/fr\/wp-json\/wp\/v2\/comments?post=230500"}],"wp:featuredmedia":[{"embeddable":true,"href":"https:\/\/climalife.com\/fr\/wp-json\/wp\/v2\/media\/230415"}],"wp:attachment":[{"href":"https:\/\/climalife.com\/fr\/wp-json\/wp\/v2\/media?parent=230500"}],"wp:term":[{"taxonomy":"countries","embeddable":true,"href":"https:\/\/climalife.com\/fr\/wp-json\/wp\/v2\/countries?post=230500"},{"taxonomy":"product_brand","embeddable":true,"href":"https:\/\/climalife.com\/fr\/wp-json\/wp\/v2\/product_brand?post=230500"},{"taxonomy":"product_cat","embeddable":true,"href":"https:\/\/climalife.com\/fr\/wp-json\/wp\/v2\/product_cat?post=230500"},{"taxonomy":"product_tag","embeddable":true,"href":"https:\/\/climalife.com\/fr\/wp-json\/wp\/v2\/product_tag?post=230500"}],"curies":[{"name":"wp","href":"https:\/\/api.w.org\/{rel}","templated":true}]}}