{"id":230506,"date":"2026-01-28T16:09:21","date_gmt":"2026-01-28T16:09:21","guid":{"rendered":"https:\/\/climalife.com\/product\/next-744-pag\/"},"modified":"2026-02-10T09:22:59","modified_gmt":"2026-02-10T09:22:59","slug":"next-744-pag","status":"publish","type":"product","link":"https:\/\/climalife.com\/fr\/product\/next-744-pag\/","title":{"rendered":"NEXT 744-PAG"},"content":{"rendered":"<p>Gr\u00e2ce \u00e0 ses additifs anti-usure et anticorrosion avanc\u00e9s, NEXT 744-PAG assure des performances optimales dans les syst\u00e8mes de r\u00e9frig\u00e9ration au CO\u2082, qu\u2019ils soient transcritiques ou sous-critiques.<\/p>\n","protected":false},"excerpt":{"rendered":"<p>NEXT 744-PAG est une huile \u00e0 base de polyalkyl\u00e8ne glycol (PAG) sp\u00e9cialement formul\u00e9e pour offrir des performances exceptionnelles dans les syst\u00e8mes de r\u00e9frig\u00e9ration commerciaux et industriels. Elle est id\u00e9ale pour une utilisation avec le dioxyde de carbone (CO\u2082).<\/p>\n","protected":false},"featured_media":230411,"comment_status":"closed","ping_status":"closed","template":"","meta":[],"countries":[],"product_brand":[],"product_cat":[9954,9936,9990,13446],"product_tag":[],"class_list":{"0":"post-230506","1":"product","2":"type-product","3":"status-publish","4":"has-post-thumbnail","6":"product_cat-energie","7":"product_cat-agroalimentaire","8":"product_cat-autres-industries","9":"product_cat-pag-fr","10":"pa_packaging-bidon-1-l-fr-63","11":"pa_packaging-bidon-5-l-fr-35","13":"first","14":"instock","15":"shipping-taxable","16":"purchasable","17":"product-type-variable"},"_links":{"self":[{"href":"https:\/\/climalife.com\/fr\/wp-json\/wp\/v2\/product\/230506","targetHints":{"allow":["GET"]}}],"collection":[{"href":"https:\/\/climalife.com\/fr\/wp-json\/wp\/v2\/product"}],"about":[{"href":"https:\/\/climalife.com\/fr\/wp-json\/wp\/v2\/types\/product"}],"replies":[{"embeddable":true,"href":"https:\/\/climalife.com\/fr\/wp-json\/wp\/v2\/comments?post=230506"}],"wp:featuredmedia":[{"embeddable":true,"href":"https:\/\/climalife.com\/fr\/wp-json\/wp\/v2\/media\/230411"}],"wp:attachment":[{"href":"https:\/\/climalife.com\/fr\/wp-json\/wp\/v2\/media?parent=230506"}],"wp:term":[{"taxonomy":"countries","embeddable":true,"href":"https:\/\/climalife.com\/fr\/wp-json\/wp\/v2\/countries?post=230506"},{"taxonomy":"product_brand","embeddable":true,"href":"https:\/\/climalife.com\/fr\/wp-json\/wp\/v2\/product_brand?post=230506"},{"taxonomy":"product_cat","embeddable":true,"href":"https:\/\/climalife.com\/fr\/wp-json\/wp\/v2\/product_cat?post=230506"},{"taxonomy":"product_tag","embeddable":true,"href":"https:\/\/climalife.com\/fr\/wp-json\/wp\/v2\/product_tag?post=230506"}],"curies":[{"name":"wp","href":"https:\/\/api.w.org\/{rel}","templated":true}]}}