{"id":231025,"date":"2026-02-25T15:43:58","date_gmt":"2026-02-25T15:43:58","guid":{"rendered":"https:\/\/climalife.com\/product\/novexpans-cyclopentane-isopentane-85-15\/"},"modified":"2026-03-06T16:06:37","modified_gmt":"2026-03-06T16:06:37","slug":"novexpans-cyclopentane-isopentane-85-15","status":"publish","type":"product","link":"https:\/\/climalife.com\/fr\/product\/novexpans-cyclopentane-isopentane-85-15\/","title":{"rendered":"NOVEXPANS\u2122 cyclopentane\/isopentane (85\/15)"},"content":{"rendered":"<p>Son classement H225 en fait un atout pour r\u00e9pondre \u00e0 la l\u00e9gislation sur le stockage des produits inflammables.<\/p>\n","protected":false},"excerpt":{"rendered":"<p>Le NOVEXPANS\u2122 cyclopentane\/isopentane (85\/15) est un m\u00e9lange de cyclopentane et d\u2019isopentane aux sp\u00e9cifications garanties utilis\u00e9 comme agent porog\u00e8ne pour l\u2019expansion des mousses polyur\u00e9thanes rigides. Ce m\u00e9lange offre un compromis id\u00e9al entre la tenue m\u00e9canique et la tenue thermique de la mousse obtenue. Economique et inoffensif pour la couche d\u2019ozone, il est sp\u00e9cialement adapt\u00e9 \u00e0 la fabrication de panneaux isolants.<\/p>\n","protected":false},"featured_media":228067,"comment_status":"closed","ping_status":"closed","template":"","meta":[],"countries":[],"product_brand":[],"product_cat":[9945,9990,13100,9505],"product_tag":[],"class_list":{"0":"post-231025","1":"product","2":"type-product","3":"status-publish","4":"has-post-thumbnail","6":"product_cat-batiment","7":"product_cat-autres-industries","8":"product_cat-isolation","9":"product_cat-hydrocarbures","10":"pa_packaging-conteneur-930-l-fr-76","11":"pa_packaging-fut-217-l-fr-30","12":"pa_packaging-vrac-fr-168","14":"first","15":"instock","16":"shipping-taxable","17":"purchasable","18":"product-type-variable"},"_links":{"self":[{"href":"https:\/\/climalife.com\/fr\/wp-json\/wp\/v2\/product\/231025","targetHints":{"allow":["GET"]}}],"collection":[{"href":"https:\/\/climalife.com\/fr\/wp-json\/wp\/v2\/product"}],"about":[{"href":"https:\/\/climalife.com\/fr\/wp-json\/wp\/v2\/types\/product"}],"replies":[{"embeddable":true,"href":"https:\/\/climalife.com\/fr\/wp-json\/wp\/v2\/comments?post=231025"}],"wp:featuredmedia":[{"embeddable":true,"href":"https:\/\/climalife.com\/fr\/wp-json\/wp\/v2\/media\/228067"}],"wp:attachment":[{"href":"https:\/\/climalife.com\/fr\/wp-json\/wp\/v2\/media?parent=231025"}],"wp:term":[{"taxonomy":"countries","embeddable":true,"href":"https:\/\/climalife.com\/fr\/wp-json\/wp\/v2\/countries?post=231025"},{"taxonomy":"product_brand","embeddable":true,"href":"https:\/\/climalife.com\/fr\/wp-json\/wp\/v2\/product_brand?post=231025"},{"taxonomy":"product_cat","embeddable":true,"href":"https:\/\/climalife.com\/fr\/wp-json\/wp\/v2\/product_cat?post=231025"},{"taxonomy":"product_tag","embeddable":true,"href":"https:\/\/climalife.com\/fr\/wp-json\/wp\/v2\/product_tag?post=231025"}],"curies":[{"name":"wp","href":"https:\/\/api.w.org\/{rel}","templated":true}]}}