{"id":231674,"date":"2026-04-02T11:44:36","date_gmt":"2026-04-02T11:44:36","guid":{"rendered":"https:\/\/climalife.com\/product\/g3-alternative-au-sf6\/"},"modified":"2026-04-14T09:05:16","modified_gmt":"2026-04-14T09:05:16","slug":"g3-alternative-au-sf6","status":"publish","type":"product","link":"https:\/\/climalife.com\/fr\/product\/g3-alternative-au-sf6\/","title":{"rendered":"g3 alternative au SF6"},"content":{"rendered":"<p>Le m\u00e9lange gazeux g<sup>3<\/sup> est disponible en quatre versions. Suivez les recommandations du fabricant de l&#8217;\u00e9quipement pour choisir la version appropri\u00e9e :<\/p>\n<ul>\n<li>g<sup>3<\/sup>-C4-FN-40-00<\/li>\n<li>g<sup>3<\/sup>-C4-FN-60-05<\/li>\n<li>g<sup>3<\/sup>-C4-FN-35-13<\/li>\n<li>g<sup>3<\/sup>-C4-FN-50-13<\/li>\n<\/ul>\n","protected":false},"excerpt":{"rendered":"<p>Le g<sup>3<\/sup> est une alternative au SF<sub>6<\/sub> pour les appareils de commutation \u00e9lectriques, d\u00e9velopp\u00e9e et brevet\u00e9e par GE Vernova. Il s&#8217;agit d&#8217;un m\u00e9lange de CO<sub>2<\/sub>, d&#8217;O<sub>2<\/sub> et d&#8217;un additif, le C<sub>4<\/sub>F<sub>7<\/sub>N, produit par Climalife selon les sp\u00e9cifications de GE Vernova. Le m\u00e9lange gazeux g<sup>3<\/sup> r\u00e9duit l&#8217;impact du gaz sur le r\u00e9chauffement climatique de 99 % par rapport au SF<sub>6<\/sub>, ce qui se traduit par une r\u00e9duction significative des \u00e9missions de gaz \u00e0 effet de serre.<br \/>\nCette nouvelle solution d&#8217;isolation et de commutation est adapt\u00e9e au d\u00e9veloppement d&#8217;une nouvelle g\u00e9n\u00e9ration d&#8217;appareils de coupure blind\u00e9s haute et tr\u00e8s haute tension. Les \u00e9quipements utilisant le g<sup>3<\/sup> conservent les m\u00eames dimensions et performances que ceux fonctionnant au SF<sub>6<\/sub>.<\/p>\n","protected":false},"featured_media":231022,"comment_status":"closed","ping_status":"closed","template":"","meta":[],"countries":[4674,4709,4756,4831,4853,4862],"product_brand":[],"product_cat":[9218,9954,9990,13065,9379],"product_tag":[],"class_list":{"0":"post-231674","1":"product","2":"type-product","3":"status-publish","4":"has-post-thumbnail","6":"countries-by","7":"countries-cu","8":"countries-ir","9":"countries-ru","10":"countries-kr","11":"countries-sy","12":"product_cat-industries","13":"product_cat-energie","14":"product_cat-autres-industries","15":"product_cat-protection-dielectrique-sf6","16":"product_cat-gaz-inertage","17":"pa_packaging-b50-fr-266","19":"first","20":"instock","21":"shipping-taxable","22":"purchasable","23":"product-type-variable"},"_links":{"self":[{"href":"https:\/\/climalife.com\/fr\/wp-json\/wp\/v2\/product\/231674","targetHints":{"allow":["GET"]}}],"collection":[{"href":"https:\/\/climalife.com\/fr\/wp-json\/wp\/v2\/product"}],"about":[{"href":"https:\/\/climalife.com\/fr\/wp-json\/wp\/v2\/types\/product"}],"replies":[{"embeddable":true,"href":"https:\/\/climalife.com\/fr\/wp-json\/wp\/v2\/comments?post=231674"}],"wp:featuredmedia":[{"embeddable":true,"href":"https:\/\/climalife.com\/fr\/wp-json\/wp\/v2\/media\/231022"}],"wp:attachment":[{"href":"https:\/\/climalife.com\/fr\/wp-json\/wp\/v2\/media?parent=231674"}],"wp:term":[{"taxonomy":"countries","embeddable":true,"href":"https:\/\/climalife.com\/fr\/wp-json\/wp\/v2\/countries?post=231674"},{"taxonomy":"product_brand","embeddable":true,"href":"https:\/\/climalife.com\/fr\/wp-json\/wp\/v2\/product_brand?post=231674"},{"taxonomy":"product_cat","embeddable":true,"href":"https:\/\/climalife.com\/fr\/wp-json\/wp\/v2\/product_cat?post=231674"},{"taxonomy":"product_tag","embeddable":true,"href":"https:\/\/climalife.com\/fr\/wp-json\/wp\/v2\/product_tag?post=231674"}],"curies":[{"name":"wp","href":"https:\/\/api.w.org\/{rel}","templated":true}]}}