{"id":200085,"date":"2023-06-22T13:57:03","date_gmt":"2023-06-22T13:57:03","guid":{"rendered":"https:\/\/climalife.com\/adatkezelesi-szabalyzat\/"},"modified":"2023-06-22T14:00:03","modified_gmt":"2023-06-22T14:00:03","slug":"adatkezelesi-szabalyzat","status":"publish","type":"page","link":"https:\/\/climalife.com\/hu\/adatkezelesi-szabalyzat\/","title":{"rendered":"Adatkezel\u00e9si szab\u00e1lyzat"},"content":{"rendered":"\n<div style=\"height:50px\" aria-hidden=\"true\" class=\"wp-block-spacer\"><\/div>\n\n\n\n<p><strong>1 \u2013 A szem\u00e9lyes adatok v\u00e9delm\u00e9nek fontoss\u00e1ga<\/strong><\/p>\n\n\n\n<p>A CLIMALIFE Kereskedelmi Korl\u00e1tolt Felel\u0151ss\u00e9g\u0171 T\u00e1rsas\u00e1g (sz\u00e9khelye: 1118 Budapest, Vill\u00e1nyi \u00fat 47. ; c\u00e9gjegyz\u00e9ksz\u00e1ma: 01-09-919039) elk\u00f6telezett az \u00d6n mag\u00e1n\u00e9let\u00e9nek v\u00e9delme ir\u00e1nt. Ennek megfelel\u0151en a jelen szab\u00e1lyzatban t\u00e1j\u00e9koztatjuk \u00d6nt az \u00d6n szem\u00e9lyes adatainak (a tov\u00e1bbiakban: \u201cAdatok\u201d) gy\u0171jt\u00e9s\u00e9vel, felhaszn\u00e1l\u00e1s\u00e1val \u00e9s tov\u00e1bb\u00edt\u00e1s\u00e1val kapcsolatos gyakorlatunkr\u00f3l.<\/p>\n\n\n\n<p>Amennyiben a jelen szab\u00e1lyzattal kapcsolatban tov\u00e1bbi k\u00e9rd\u00e9se van, \u00fagy \u00edrhat nek\u00fcnk a fenti postai c\u00edmre vagy a dpo@dehon.com e-mail c\u00edmre.<\/p>\n\n\n\n<p><strong>2 \u2013 A kezelt Adatok k\u00f6re<\/strong><\/p>\n\n\n\n<p>Tev\u00e9kenys\u00e9g\u00fcnk sor\u00e1n az \u00d6nnek ny\u00fajtott szolg\u00e1ltat\u00e1sokt\u00f3l f\u00fcgg\u0151en az \u00d6n al\u00e1bbi Adatait kezelhetj\u00fck: vezet\u00e9kn\u00e9v \u00e9s ut\u00f3n\u00e9v; c\u00e9gn\u00e9l bet\u00f6lt\u00f6tt poz\u00edci\u00f3; c\u00e9gn\u00e9v; az \u00d6n e-mail c\u00edme; c\u00e9ges telefonsz\u00e1m; c\u00e9ges c\u00edm; v\u00e1ros; ir\u00e1ny\u00edt\u00f3sz\u00e1m; orsz\u00e1g \u00e9s \u00e1ltal\u00e1noss\u00e1gban b\u00e1rmely egy\u00e9b olyan inform\u00e1ci\u00f3, amelyet \u00d6n \u00f6nk\u00e9ntesen a rendelkez\u00e9s\u00fcnkre bocs\u00e1t.<\/p>\n\n\n\n<p><strong>3 \u2013 Az Adatok kezel\u00e9s\u00e9nek c\u00e9lja<\/strong><\/p>\n\n\n\n<p>Az \u00d6n Adatait az al\u00e1bbi c\u00e9lokra kezelj\u00fck:<\/p>\n\n\n\n<ul class=\"wp-block-list\"><li>szolg\u00e1ltat\u00e1saink \u00e9s aj\u00e1nlataink sz\u00ednvonal\u00e1nak elemz\u00e9se \u00e9s folyamatos jav\u00edt\u00e1sa;<\/li><li>\u00fcgyfeleink \u00e9s megrendel\u00e9sek kezel\u00e9s\u00e9hez sz\u00fcks\u00e9ges m\u0171veletek elv\u00e9gz\u00e9se;<\/li><li>kapcsolattart\u00e1s \u00d6nnel a term\u00e9keinkkel \u00e9s szolg\u00e1ltat\u00e1sainkkal kapcsolatos inform\u00e1ci\u00f3k rendelkez\u00e9sre bocs\u00e1t\u00e1sa c\u00e9lj\u00e1b\u00f3l;<\/li><li>weboldalunk vagy szolg\u00e1ltat\u00e1sunk felhaszn\u00e1l\u00f3i el\u00e9gedetts\u00e9g\u00e9nek m\u00e9r\u00e9se;<\/li><li>kereskedelmi statisztik\u00e1k fejleszt\u00e9se;<\/li><li>tev\u00e9kenys\u00e9geink \u00e9s telephelyeink kezel\u00e9se \u00e9s v\u00e9delme;<\/li><li>tev\u00e9kenys\u00e9geink kezel\u00e9se \u00e9s nyilv\u00e1ntart\u00e1sa;<\/li><li>adatb\u00e1zisaink kezel\u00e9se \u00e9s karbantart\u00e1sa;<\/li><li>hat\u00f3s\u00e1gi \u00e9s jogszab\u00e1lyi el\u0151\u00edr\u00e1soknak val\u00f3 megfelel\u00e9s \u00e9s annak \u00e9rt\u00e9kel\u00e9se.<\/li><\/ul>\n\n\n\n<p>Az \u00d6n hozz\u00e1j\u00e1rul\u00e1s\u00e1n alapul\u00f3 adatkezel\u00e9seken k\u00edv\u00fcl az \u00d6n Adatait a fentiekben meghat\u00e1rozott k\u00fcl\u00f6nb\u00f6z\u0151 c\u00e9lokra az  al\u00e1bbi jogalapok eset\u00e9n is kezelhetj\u00fck:<\/p>\n\n\n\n<ul class=\"wp-block-list\"><li>szerz\u0151d\u00e9s teljes\u00edt\u00e9se c\u00e9lj\u00e1b\u00f3l,<\/li><li>ogszab\u00e1lyi el\u0151\u00edr\u00e1soknak val\u00f3 megfelel\u00e9s \u00e9rdek\u00e9ben,<\/li><li>jogos \u00fczleti \u00e9rdek c\u00e9lj\u00e1ra (k\u00fcl\u00f6n\u00f6sen \u00faj szolg\u00e1ltat\u00e1sok \u00e9s aj\u00e1nlatok kifejleszt\u00e9se, vev\u0151szolg\u00e1lat fejleszt\u00e9se, \u00fcgyfeleinkkel \u00e9s partnereinkkel val\u00f3 kapcsolattart\u00e1s, a t\u00e1rsas\u00e1g \u00e1rui \u00e9s munkat\u00e1rsai v\u00e9delm\u00e9nek biztos\u00edt\u00e1sa, stb.)<\/li><\/ul>\n\n\n\n<p><strong>4 \u2013 Az \u00d6n jogai<\/strong><\/p>\n\n\n\n<p>K\u00e9r\u00e9s\u00e9re t\u00e1j\u00e9koztat\u00e1st ny\u00fajtunk \u00d6nnek a kezelt Adatokr\u00f3l, tov\u00e1bb\u00e1 a vonatkoz\u00f3 jogszab\u00e1lyokban meghat\u00e1rozott egy\u00e9b inform\u00e1ci\u00f3kr\u00f3l.<\/p>\n\n\n\n<p>Az \u00d6n hozz\u00e1j\u00e1rul\u00e1s\u00e1n alapul\u00f3 adatkezel\u00e9s eset\u00e9n \u00d6n jogosult a hozz\u00e1j\u00e1rul\u00e1s\u00e1t b\u00e1rmikor visszavonni.<\/p>\n\n\n\n<p>Tov\u00e1bb\u00e1 \u00d6n k\u00e9rheti:<\/p>\n\n\n\n<ul class=\"wp-block-list\"><li>az Adatok helyesb\u00edt\u00e9s\u00e9t, amennyiben azok pontatlanok, hi\u00e1nyosak vagy elavultak;<\/li><li>egyes esetekben az Adatok t\u00f6rl\u00e9s\u00e9t. K\u00e9rj\u00fck, vegye figyelembe, hogy amennyiben az adatkezel\u00e9s jogos \u00e9rdeken alapul vagy jogszab\u00e1lyi el\u0151\u00edr\u00e1s teljes\u00edt\u00e9s\u00e9hez sz\u00fcks\u00e9ges, \u00fagy jogosultak vagyunk megtagadni a t\u00f6rl\u00e9si k\u00e9relem teljes\u00edt\u00e9s\u00e9t;<\/li><li>az Adatok kezel\u00e9s\u00e9nek korl\u00e1toz\u00e1s\u00e1t az Adatok pontoss\u00e1g\u00e1val kapcsolatos vita vagy jogszer\u0171tlen felhaszn\u00e1l\u00e1s eset\u00e9n.<\/li><\/ul>\n\n\n\n<p>\u00d6n b\u00e1rmikor jogosult \u2013 indokol\u00e1si k\u00f6telezetts\u00e9g n\u00e9lk\u00fcl \u2013 tiltakozni az Adatok k\u00f6zvetlen \u00fczletszerz\u00e9si c\u00e9l\u00fa kezel\u00e9se ellen \u00e9s \u2013 az indok megalapozotts\u00e1ga eset\u00e9n \u2013 tiltakozni b\u00e1rmely egy\u00e9b adatkezel\u00e9ssel szemben.<\/p>\n\n\n\n<p>Az eml\u00edtett jogait \u00d6n a fenti e-mail c\u00edmre k\u00fcld\u00f6tt elektronikus lev\u00e9l vagy a fenti c\u00edmre k\u00fcld\u00f6tt postai lev\u00e9l \u00fatj\u00e1n gyakorolhatja, amelynek tartalmaznia kell az \u00d6n szem\u00e9lyazonoss\u00e1g\u00e1t igazol\u00f3 dokumentum olvashat\u00f3 m\u00e1solat\u00e1t, tov\u00e1bb\u00e1 a tiltakoz\u00e1si jog gyakorl\u00e1sa eset\u00e9n az ok megjel\u00f6l\u00e9s\u00e9t.<\/p>\n\n\n\n<p>Az adatkezel\u00e9sre vonatkoz\u00f3 jogszab\u00e1lyi el\u0151\u00edr\u00e1sok \u2013 \u00edgy k\u00fcl\u00f6n\u00f6sen a term\u00e9szetes szem\u00e9lyeknek a szem\u00e9lyes adatok kezel\u00e9se tekintet\u00e9ben t\u00f6rt\u00e9n\u0151 v\u00e9delm\u00e9r\u0151l \u00e9s az ilyen adatok szabad \u00e1raml\u00e1s\u00e1r\u00f3l, valamint a 95\/46\/EK rendelet hat\u00e1lyon k\u00edv\u00fcl helyez\u00e9s\u00e9r\u0151l  sz\u00f3l\u00f3 eur\u00f3pai parlament \u00e9s a tan\u00e1cs (EU) 2016\/679  rendelet (a \u201eGDPR\u201d) \u00e9s az inform\u00e1ci\u00f3s \u00f6nrendelkez\u00e9si jogr\u00f3l \u00e9s az inform\u00e1ci\u00f3szabads\u00e1gr\u00f3l sz\u00f3l\u00f3 2011. \u00e9vi CXII. t\u00f6rv\u00e9ny (az \u201eInfotv.\u201d) \u2013 megs\u00e9rt\u00e9se eset\u00e9n \u00d6n panasszal fordulhat a Nemzeti Adatv\u00e9delmi \u00e9s Inform\u00e1ci\u00f3biztons\u00e1g Hat\u00f3s\u00e1ghoz (NAIH, 1125 Budapest, Szil\u00e1gyi Erzs\u00e9bet fasor 22\/c) vagy b\u00edr\u00f3s\u00e1gt\u00f3l k\u00e9rhet jogv\u00e9delmet.<\/p>\n\n\n\n<p><strong>5 \u2013 Titoktart\u00e1s, nemzetk\u00f6zi adattov\u00e1bb\u00edt\u00e1s \u00e9s adatbiztons\u00e1g<\/strong><\/p>\n\n\n\n<p>Az Adatok kezel\u00e9s\u00e9nek biztons\u00e1g\u00e1t \u00e9s titkoss\u00e1g\u00e1t technikai \u00e9s szervez\u00e9si int\u00e9zked\u00e9sekkel biztos\u00edtjuk.<\/p>\n\n\n\n<p>Az Adatok az alv\u00e1llalkoz\u00f3inkon \u00e9s a DEHON c\u00e9gcsoportba tartoz\u00f3 t\u00e1rsas\u00e1gokon k\u00edv\u00fcli harmadik f\u00e9l r\u00e9sz\u00e9re az \u00d6n hozz\u00e1j\u00e1rul\u00e1sa n\u00e9lk\u00fcl nem ker\u00fclnek tov\u00e1bb\u00edt\u00e1sra. Alv\u00e1llalkoz\u00f3ink kiz\u00e1r\u00f3lag az utas\u00edt\u00e1saink alapj\u00e1n, \u00e9s a vel\u00fck k\u00f6t\u00f6tt szerz\u0151d\u00e9s\u00fcnknek megfelel\u0151en adatfeldolgoz\u00f3k\u00e9nt j\u00e1rnak el.<\/p>\n\n\n\n<p>Ugyanakkor fenntartjuk a jogot az \u00d6n Adatainak tov\u00e1bb\u00edt\u00e1s\u00e1ra olyan esetekben, amikor az adattov\u00e1bb\u00edt\u00e1st hat\u00f3s\u00e1gi vagy b\u00edr\u00f3s\u00e1gi rendelkez\u00e9s \u00edrja el\u0151, tov\u00e1bb\u00e1 amennyiben j\u00f3hiszem\u0171en \u00fagy v\u00e9lj\u00fck, hogy az adattov\u00e1bb\u00edt\u00e1s jogszab\u00e1lyi vagy hat\u00f3s\u00e1gi el\u0151\u00edr\u00e1soknak val\u00f3 megfelel\u00e9st szolg\u00e1lja.<\/p>\n\n\n\n<p>Amennyiben az Adatokat az Eur\u00f3pai Uni\u00f3 ter\u00fclet\u00e9n k\u00edv\u00fcli harmadik orsz\u00e1gokba tov\u00e1bb\u00edtjuk, \u00fagy biztos\u00edtjuk, hogy az adattov\u00e1bb\u00edt\u00e1sra az ir\u00e1nyad\u00f3 jogszab\u00e1lyi el\u0151\u00edr\u00e1soknak megfelel\u0151en ker\u00fclj\u00f6n sor (megfelel\u0151s\u00e9gi hat\u00e1rozattal rendelkez\u0151 orsz\u00e1gok, \u00e1ltal\u00e1nos adatv\u00e9delmi kik\u00f6t\u00e9sek, stb.), oly m\u00f3don, hogy  az biztos\u00edtsa az \u00d6n mag\u00e1n\u00e9let\u00e9nek \u00e9s alapvet\u0151 jogainak megfelel\u0151 v\u00e9delm\u00e9t a GDPR rendelkez\u00e9seivel \u00f6sszhangban.<\/p>\n\n\n\n<p><strong>6.<\/strong> <strong>Adatkezel\u00e9s id\u0151tartama<\/strong><\/p>\n\n\n\n<p>Az Adatok kezel\u00e9s\u00e9nek id\u0151tartama esetenk\u00e9nt elt\u00e9r\u0151 lehet, az al\u00e1bbiak f\u00fcggv\u00e9ny\u00e9ben:<\/p>\n\n\n\n<ul class=\"wp-block-list\"><li>az adatkezel\u00e9s c\u00e9lja \u2013 az Adatokat kiz\u00e1r\u00f3lag az adatkezel\u00e9si c\u00e9l megval\u00f3sul\u00e1s\u00e1hoz sz\u00fcks\u00e9ges ideig kezelj\u00fck;<\/li><li>jogszab\u00e1lyi k\u00f6telezetts\u00e9g \u2013 jogszab\u00e1lyi vagy hat\u00f3s\u00e1gi el\u0151\u00edr\u00e1s megszabhatja az Adatok kezel\u00e9s\u00e9nek minim\u00e1lis id\u0151tartam\u00e1t.<\/li><\/ul>\n\n\n\n<div style=\"height:50px\" aria-hidden=\"true\" class=\"wp-block-spacer\"><\/div>\n","protected":false},"excerpt":{"rendered":"<p>1 \u2013 A szem\u00e9lyes adatok v\u00e9delm\u00e9nek fontoss\u00e1ga A CLIMALIFE Kereskedelmi&#8230;<\/p>\n","protected":false},"author":41,"featured_media":0,"parent":0,"menu_order":0,"comment_status":"closed","ping_status":"open","template":"","meta":{"footnotes":""},"class_list":["post-200085","page","type-page","status-publish","hentry"],"rankMath":{"parentDomain":"climalife.com","noFollowDomains":[],"noFollowExcludeDomains":[],"noFollowExternalLinks":false,"featuredImageNotice":"The featured image should be at least 200 by 200 pixels to be picked up by Facebook and other social media sites.","pluginReviewed":false,"postSettings":{"linkSuggestions":true,"useFocusKeyword":false},"frontEndScore":false,"postName":"adatkezelesi-szabalyzat","permalinkFormat":"https:\/\/climalife.com\/hu\/%pagename%\/","showLockModifiedDate":true,"assessor":{"focusKeywordLink":"https:\/\/climalife.com\/wp-admin\/edit.php?focus_keyword=%focus_keyword%&post_type=%post_type%","hasTOCPlugin":false,"primaryTaxonomy":false,"serpData":{"title":"","description":"","focusKeywords":"","pillarContent":false,"canonicalUrl":"","breadcrumbTitle":"","advancedRobots":{"max-snippet":"-1","max-video-preview":"-1","max-image-preview":"large"},"facebookTitle":"","facebookDescription":"","facebookImage":"","facebookImageID":"","facebookHasOverlay":false,"facebookImageOverlay":"","facebookAuthor":"","twitterCardType":"","twitterUseFacebook":true,"twitterTitle":"","twitterDescription":"","twitterImage":"","twitterImageID":"","twitterHasOverlay":false,"twitterImageOverlay":"","twitterPlayerUrl":"","twitterPlayerSize":"","twitterPlayerStream":"","twitterPlayerStreamCtype":"","twitterAppDescription":"","twitterAppIphoneName":"","twitterAppIphoneID":"","twitterAppIphoneUrl":"","twitterAppIpadName":"","twitterAppIpadID":"","twitterAppIpadUrl":"","twitterAppGoogleplayName":"","twitterAppGoogleplayID":"","twitterAppGoogleplayUrl":"","twitterAppCountry":"","robots":{"index":true},"twitterAuthor":"username","primaryTerm":0,"authorName":"tachafine","titleTemplate":"%title% %sep% %sitename%","descriptionTemplate":"%excerpt%","showScoreFrontend":true,"lockModifiedDate":false},"powerWords":["elk\u00e9peszt\u0151","megd\u00f6bbent\u0151","szenz\u00e1ci\u00f3s","meglep\u0151","elragad\u00f3","f\u00e9lelmetes","ijeszt\u0151","vonz\u00f3","ellentmond\u00e1sos","zseni\u00e1lis","borzalmas","remek","elk\u00e1pr\u00e1ztat\u00f3","katasztrof\u00e1lis","megh\u00f6kkent\u0151","leny\u0171g\u00f6z\u0151","csod\u00e1latos","ijedt","megnyugtat\u00f3","felkavar\u00f3","inspir\u00e1l\u00f3","lehangol\u00f3","f\u00e1jdalmas","gy\u00f6ny\u00f6r\u0171","b\u00e1mulatos","megsz\u00e9d\u00edt\u0151","b\u0171n\u00f6s","\u00f6rd\u00f6gi","lebilincsel\u0151","megsemmis\u00edt\u0151","l\u00e1tv\u00e1nyos","h\u00e1tborzongat\u00f3","cs\u00e1b\u00edt\u00f3","f\u00e9ny\u0171z\u0151","sz\u00edvszor\u00edt\u00f3","tragikus","szertelen","\u00f6lel\u0151","megbocs\u00e1t\u00f3","\u00f6ntelt","\u00f6nz\u0151","buzg\u00f3","hajszolt","k\u00f6ny\u00f6rtelen","elm\u00e9s","fantasztikus","g\u00e1tl\u00e1stalan","\u0151rj\u00edt\u0151","visszatasz\u00edt\u00f3","f\u00e9ktelen","\u00f6sszet\u00f6rt","megrontott","f\u00e9nyes","v\u00e1ratlan","\u00e9l\u00e9nk","kifinomult","d\u00f6bbenetes","fel\u00fcd\u00edt\u0151","megv\u00e1lt\u00f3","megt\u00e9veszt\u0151","hat\u00e9kony","\u00e9rzelmes","\u00e9leter\u0151s","meghat\u00f3","haragos","el\u00e9gedett","bosszant\u00f3","nagylelk\u0171","ragyog\u00f3","izgalmas","csal\u00f3dott","megr\u00e1z\u00f3","m\u00e9lt\u00f3s\u00e1gteljes","cs\u00e1bos","befogad\u00f3","kirekeszt\u0151","lelkes","elk\u00e9sett","megd\u00f6nthetetlen","csod\u00e1lkoz\u00f3","fesz\u00fclt","dermeszt\u0151","forr\u00f3","\u00f6sszet\u00f6rt","\u00e9lvezetes","nyomaszt\u00f3","diadalmas","megsebzett","megtorl\u00f3","kitart\u00f3","rem\u00e9nytelen","\u00e9rz\u00e9keny","t\u0171n\u0151d\u0151","m\u00e1gikus","kif\u00fcrk\u00e9szhetetlen","v\u00e1gyakoz\u00f3","\u00fct\u0151s","megb\u00e9k\u00e9l\u0151","gy\u00e1szos"],"diacritics":{"A":"[\\u0041\\u24B6\\uFF21\\u00C0\\u00C1\\u00C2\\u1EA6\\u1EA4\\u1EAA\\u1EA8\\u00C3\\u0100\\u0102\\u1EB0\\u1EAE\\u1EB4\\u1EB2\\u0226\\u01E0\\u00C4\\u01DE\\u1EA2\\u00C5\\u01FA\\u01CD\\u0200\\u0202\\u1EA0\\u1EAC\\u1EB6\\u1E00\\u0104\\u023A\\u2C6F]","AA":"[\\uA732]","AE":"[\\u00C6\\u01FC\\u01E2]","AO":"[\\uA734]","AU":"[\\uA736]","AV":"[\\uA738\\uA73A]","AY":"[\\uA73C]","B":"[\\u0042\\u24B7\\uFF22\\u1E02\\u1E04\\u1E06\\u0243\\u0182\\u0181]","C":"[\\u0043\\u24B8\\uFF23\\u0106\\u0108\\u010A\\u010C\\u00C7\\u1E08\\u0187\\u023B\\uA73E]","D":"[\\u0044\\u24B9\\uFF24\\u1E0A\\u010E\\u1E0C\\u1E10\\u1E12\\u1E0E\\u0110\\u018B\\u018A\\u0189\\uA779]","DZ":"[\\u01F1\\u01C4]","Dz":"[\\u01F2\\u01C5]","E":"[\\u0045\\u24BA\\uFF25\\u00C8\\u00C9\\u00CA\\u1EC0\\u1EBE\\u1EC4\\u1EC2\\u1EBC\\u0112\\u1E14\\u1E16\\u0114\\u0116\\u00CB\\u1EBA\\u011A\\u0204\\u0206\\u1EB8\\u1EC6\\u0228\\u1E1C\\u0118\\u1E18\\u1E1A\\u0190\\u018E]","F":"[\\u0046\\u24BB\\uFF26\\u1E1E\\u0191\\uA77B]","G":"[\\u0047\\u24BC\\uFF27\\u01F4\\u011C\\u1E20\\u011E\\u0120\\u01E6\\u0122\\u01E4\\u0193\\uA7A0\\uA77D\\uA77E]","H":"[\\u0048\\u24BD\\uFF28\\u0124\\u1E22\\u1E26\\u021E\\u1E24\\u1E28\\u1E2A\\u0126\\u2C67\\u2C75\\uA78D]","I":"[\\u0049\\u24BE\\uFF29\\u00CC\\u00CD\\u00CE\\u0128\\u012A\\u012C\\u0130\\u00CF\\u1E2E\\u1EC8\\u01CF\\u0208\\u020A\\u1ECA\\u012E\\u1E2C\\u0197]","J":"[\\u004A\\u24BF\\uFF2A\\u0134\\u0248]","K":"[\\u004B\\u24C0\\uFF2B\\u1E30\\u01E8\\u1E32\\u0136\\u1E34\\u0198\\u2C69\\uA740\\uA742\\uA744\\uA7A2]","L":"[\\u004C\\u24C1\\uFF2C\\u013F\\u0139\\u013D\\u1E36\\u1E38\\u013B\\u1E3C\\u1E3A\\u0141\\u023D\\u2C62\\u2C60\\uA748\\uA746\\uA780]","LJ":"[\\u01C7]","Lj":"[\\u01C8]","M":"[\\u004D\\u24C2\\uFF2D\\u1E3E\\u1E40\\u1E42\\u2C6E\\u019C]","N":"[\\u004E\\u24C3\\uFF2E\\u01F8\\u0143\\u00D1\\u1E44\\u0147\\u1E46\\u0145\\u1E4A\\u1E48\\u0220\\u019D\\uA790\\uA7A4]","NJ":"[\\u01CA]","Nj":"[\\u01CB]","O":"[\\u004F\\u24C4\\uFF2F\\u00D2\\u00D3\\u00D4\\u1ED2\\u1ED0\\u1ED6\\u1ED4\\u00D5\\u1E4C\\u022C\\u1E4E\\u014C\\u1E50\\u1E52\\u014E\\u022E\\u0230\\u00D6\\u022A\\u1ECE\\u0150\\u01D1\\u020C\\u020E\\u01A0\\u1EDC\\u1EDA\\u1EE0\\u1EDE\\u1EE2\\u1ECC\\u1ED8\\u01EA\\u01EC\\u00D8\\u01FE\\u0186\\u019F\\uA74A\\uA74C]","OI":"[\\u01A2]","OO":"[\\uA74E]","OU":"[\\u0222]","P":"[\\u0050\\u24C5\\uFF30\\u1E54\\u1E56\\u01A4\\u2C63\\uA750\\uA752\\uA754]","Q":"[\\u0051\\u24C6\\uFF31\\uA756\\uA758\\u024A]","R":"[\\u0052\\u24C7\\uFF32\\u0154\\u1E58\\u0158\\u0210\\u0212\\u1E5A\\u1E5C\\u0156\\u1E5E\\u024C\\u2C64\\uA75A\\uA7A6\\uA782]","S":"[\\u0053\\u24C8\\uFF33\\u1E9E\\u015A\\u1E64\\u015C\\u1E60\\u0160\\u1E66\\u1E62\\u1E68\\u0218\\u015E\\u2C7E\\uA7A8\\uA784]","T":"[\\u0054\\u24C9\\uFF34\\u1E6A\\u0164\\u1E6C\\u021A\\u0162\\u1E70\\u1E6E\\u0166\\u01AC\\u01AE\\u023E\\uA786]","TZ":"[\\uA728]","U":"[\\u0055\\u24CA\\uFF35\\u00D9\\u00DA\\u00DB\\u0168\\u1E78\\u016A\\u1E7A\\u016C\\u00DC\\u01DB\\u01D7\\u01D5\\u01D9\\u1EE6\\u016E\\u0170\\u01D3\\u0214\\u0216\\u01AF\\u1EEA\\u1EE8\\u1EEE\\u1EEC\\u1EF0\\u1EE4\\u1E72\\u0172\\u1E76\\u1E74\\u0244]","V":"[\\u0056\\u24CB\\uFF36\\u1E7C\\u1E7E\\u01B2\\uA75E\\u0245]","VY":"[\\uA760]","W":"[\\u0057\\u24CC\\uFF37\\u1E80\\u1E82\\u0174\\u1E86\\u1E84\\u1E88\\u2C72]","X":"[\\u0058\\u24CD\\uFF38\\u1E8A\\u1E8C]","Y":"[\\u0059\\u24CE\\uFF39\\u1EF2\\u00DD\\u0176\\u1EF8\\u0232\\u1E8E\\u0178\\u1EF6\\u1EF4\\u01B3\\u024E\\u1EFE]","Z":"[\\u005A\\u24CF\\uFF3A\\u0179\\u1E90\\u017B\\u017D\\u1E92\\u1E94\\u01B5\\u0224\\u2C7F\\u2C6B\\uA762]","a":"[\\u0061\\u24D0\\uFF41\\u1E9A\\u00E0\\u00E1\\u00E2\\u1EA7\\u1EA5\\u1EAB\\u1EA9\\u00E3\\u0101\\u0103\\u1EB1\\u1EAF\\u1EB5\\u1EB3\\u0227\\u01E1\\u00E4\\u01DF\\u1EA3\\u00E5\\u01FB\\u01CE\\u0201\\u0203\\u1EA1\\u1EAD\\u1EB7\\u1E01\\u0105\\u2C65\\u0250]","aa":"[\\uA733]","ae":"[\\u00E6\\u01FD\\u01E3]","ao":"[\\uA735]","au":"[\\uA737]","av":"[\\uA739\\uA73B]","ay":"[\\uA73D]","b":"[\\u0062\\u24D1\\uFF42\\u1E03\\u1E05\\u1E07\\u0180\\u0183\\u0253]","c":"[\\u0063\\u24D2\\uFF43\\u0107\\u0109\\u010B\\u010D\\u00E7\\u1E09\\u0188\\u023C\\uA73F\\u2184]","d":"[\\u0064\\u24D3\\uFF44\\u1E0B\\u010F\\u1E0D\\u1E11\\u1E13\\u1E0F\\u0111\\u018C\\u0256\\u0257\\uA77A]","dz":"[\\u01F3\\u01C6]","e":"[\\u0065\\u24D4\\uFF45\\u00E8\\u00E9\\u00EA\\u1EC1\\u1EBF\\u1EC5\\u1EC3\\u1EBD\\u0113\\u1E15\\u1E17\\u0115\\u0117\\u00EB\\u1EBB\\u011B\\u0205\\u0207\\u1EB9\\u1EC7\\u0229\\u1E1D\\u0119\\u1E19\\u1E1B\\u0247\\u025B\\u01DD]","f":"[\\u0066\\u24D5\\uFF46\\u1E1F\\u0192\\uA77C]","g":"[\\u0067\\u24D6\\uFF47\\u01F5\\u011D\\u1E21\\u011F\\u0121\\u01E7\\u0123\\u01E5\\u0260\\uA7A1\\u1D79\\uA77F]","h":"[\\u0068\\u24D7\\uFF48\\u0125\\u1E23\\u1E27\\u021F\\u1E25\\u1E29\\u1E2B\\u1E96\\u0127\\u2C68\\u2C76\\u0265]","hv":"[\\u0195]","i":"[\\u0069\\u24D8\\uFF49\\u00EC\\u00ED\\u00EE\\u0129\\u012B\\u012D\\u00EF\\u1E2F\\u1EC9\\u01D0\\u0209\\u020B\\u1ECB\\u012F\\u1E2D\\u0268\\u0131]","j":"[\\u006A\\u24D9\\uFF4A\\u0135\\u01F0\\u0249]","k":"[\\u006B\\u24DA\\uFF4B\\u1E31\\u01E9\\u1E33\\u0137\\u1E35\\u0199\\u2C6A\\uA741\\uA743\\uA745\\uA7A3]","l":"[\\u006C\\u24DB\\uFF4C\\u0140\\u013A\\u013E\\u1E37\\u1E39\\u013C\\u1E3D\\u1E3B\\u017F\\u0142\\u019A\\u026B\\u2C61\\uA749\\uA781\\uA747]","lj":"[\\u01C9]","m":"[\\u006D\\u24DC\\uFF4D\\u1E3F\\u1E41\\u1E43\\u0271\\u026F]","n":"[\\u006E\\u24DD\\uFF4E\\u01F9\\u0144\\u00F1\\u1E45\\u0148\\u1E47\\u0146\\u1E4B\\u1E49\\u019E\\u0272\\u0149\\uA791\\uA7A5]","nj":"[\\u01CC]","o":"[\\u006F\\u24DE\\uFF4F\\u00F2\\u00F3\\u00F4\\u1ED3\\u1ED1\\u1ED7\\u1ED5\\u00F5\\u1E4D\\u022D\\u1E4F\\u014D\\u1E51\\u1E53\\u014F\\u022F\\u0231\\u00F6\\u022B\\u1ECF\\u0151\\u01D2\\u020D\\u020F\\u01A1\\u1EDD\\u1EDB\\u1EE1\\u1EDF\\u1EE3\\u1ECD\\u1ED9\\u01EB\\u01ED\\u00F8\\u01FF\\u0254\\uA74B\\uA74D\\u0275]","oi":"[\\u01A3]","ou":"[\\u0223]","oo":"[\\uA74F]","p":"[\\u0070\\u24DF\\uFF50\\u1E55\\u1E57\\u01A5\\u1D7D\\uA751\\uA753\\uA755]","q":"[\\u0071\\u24E0\\uFF51\\u024B\\uA757\\uA759]","r":"[\\u0072\\u24E1\\uFF52\\u0155\\u1E59\\u0159\\u0211\\u0213\\u1E5B\\u1E5D\\u0157\\u1E5F\\u024D\\u027D\\uA75B\\uA7A7\\uA783]","s":"[\\u0073\\u24E2\\uFF53\\u015B\\u1E65\\u015D\\u1E61\\u0161\\u1E67\\u1E63\\u1E69\\u0219\\u015F\\u023F\\uA7A9\\uA785\\u1E9B]","ss":"[\\u00DF]","t":"[\\u0074\\u24E3\\uFF54\\u1E6B\\u1E97\\u0165\\u1E6D\\u021B\\u0163\\u1E71\\u1E6F\\u0167\\u01AD\\u0288\\u2C66\\uA787]","tz":"[\\uA729]","u":"[\\u0075\\u24E4\\uFF55\\u00F9\\u00FA\\u00FB\\u0169\\u1E79\\u016B\\u1E7B\\u016D\\u00FC\\u01DC\\u01D8\\u01D6\\u01DA\\u1EE7\\u016F\\u0171\\u01D4\\u0215\\u0217\\u01B0\\u1EEB\\u1EE9\\u1EEF\\u1EED\\u1EF1\\u1EE5\\u1E73\\u0173\\u1E77\\u1E75\\u0289]","v":"[\\u0076\\u24E5\\uFF56\\u1E7D\\u1E7F\\u028B\\uA75F\\u028C]","vy":"[\\uA761]","w":"[\\u0077\\u24E6\\uFF57\\u1E81\\u1E83\\u0175\\u1E87\\u1E85\\u1E98\\u1E89\\u2C73]","x":"[\\u0078\\u24E7\\uFF58\\u1E8B\\u1E8D]","y":"[\\u0079\\u24E8\\uFF59\\u1EF3\\u00FD\\u0177\\u1EF9\\u0233\\u1E8F\\u00FF\\u1EF7\\u1E99\\u1EF5\\u01B4\\u024F\\u1EFF]","z":"[\\u007A\\u24E9\\uFF5A\\u017A\\u1E91\\u017C\\u017E\\u1E93\\u1E95\\u01B6\\u0225\\u0240\\u2C6C\\uA763]"},"researchesTests":["contentHasTOC","contentHasShortParagraphs","contentHasAssets","keywordInTitle","keywordInMetaDescription","keywordInPermalink","keywordIn10Percent","keywordInContent","keywordInSubheadings","keywordInImageAlt","keywordDensity","keywordNotUsed","lengthContent","lengthPermalink","linksHasInternal","linksHasExternals","linksNotAllExternals","titleStartWithKeyword","titleSentiment","titleHasPowerWords","titleHasNumber","hasContentAI"],"hasRedirection":false,"hasBreadcrumb":false},"homeUrl":"https:\/\/climalife.com\/hu\/","objectID":200085,"objectType":"post","locale":"hu","localeFull":"hu_HU","overlayImages":{"play":{"name":"Play icon","url":"https:\/\/climalife.com\/wp-content\/plugins\/seo-by-rank-math\/assets\/admin\/img\/icon-play.png","path":"\/data\/vhosts\/climalife\/wp-content\/plugins\/seo-by-rank-math\/assets\/admin\/img\/icon-play.png","position":"middle_center"},"gif":{"name":"GIF icon","url":"https:\/\/climalife.com\/wp-content\/plugins\/seo-by-rank-math\/assets\/admin\/img\/icon-gif.png","path":"\/data\/vhosts\/climalife\/wp-content\/plugins\/seo-by-rank-math\/assets\/admin\/img\/icon-gif.png","position":"middle_center"}},"defautOgImage":"https:\/\/climalife.com\/wp-content\/plugins\/seo-by-rank-math\/assets\/admin\/img\/social-placeholder.jpg","customPermalinks":true,"isUserRegistered":true,"autoSuggestKeywords":true,"connectSiteUrl":"https:\/\/rankmath.com\/auth?site=https%3A%2F%2Fclimalife.com%2Fhu%2F&r=https%3A%2F%2Fclimalife.com%2Fhu%2Fwp-json%2Fwp%2Fv2%2Fpages%2F200085%3Fnonce%3D6748530334","maxTags":5,"trendsIcon":"<svg viewBox=\"0 0 610 610\"><path d=\"M18.85,446,174.32,290.48l58.08,58.08L76.93,504a14.54,14.54,0,0,1-20.55,0L18.83,466.48a14.54,14.54,0,0,1,0-20.55Z\" style=\"fill:#4285f4\"\/><path d=\"M242.65,242.66,377.59,377.6l-47.75,47.75a14.54,14.54,0,0,1-20.55,0L174.37,290.43l47.75-47.75A14.52,14.52,0,0,1,242.65,242.66Z\" style=\"fill:#ea4335\"\/><polygon points=\"319.53 319.53 479.26 159.8 537.34 217.88 377.61 377.62 319.53 319.53\" style=\"fill:#fabb05\"\/><path d=\"M594.26,262.73V118.61h0a16.94,16.94,0,0,0-16.94-16.94H433.2a16.94,16.94,0,0,0-12,28.92L565.34,274.71h0a16.94,16.94,0,0,0,28.92-12Z\" style=\"fill:#34a853\"\/><rect width=\"610\" height=\"610\" style=\"fill:none\"\/><\/svg>","showScore":true,"siteFavIcon":"https:\/\/climalife.com\/wp-content\/uploads\/2022\/09\/cropped-favicon-32x32.png","canUser":{"general":false,"advanced":false,"snippet":false,"social":false,"analysis":false,"analytics":false,"content_ai":false},"showKeywordIntent":true,"isPro":false,"is_front_page":false,"trendsUpgradeLink":"https:\/\/rankmath.com\/pricing\/?utm_source=Plugin&utm_medium=CE%20General%20Tab%20Trends&utm_campaign=WP","trendsUpgradeLabel":"Upgrade","trendsPreviewImage":"https:\/\/climalife.com\/wp-content\/plugins\/seo-by-rank-math\/assets\/admin\/img\/trends-preview.jpg","currentEditor":false,"homepageData":{"assessor":{"powerWords":["elk\u00e9peszt\u0151","megd\u00f6bbent\u0151","szenz\u00e1ci\u00f3s","meglep\u0151","elragad\u00f3","f\u00e9lelmetes","ijeszt\u0151","vonz\u00f3","ellentmond\u00e1sos","zseni\u00e1lis","borzalmas","remek","elk\u00e1pr\u00e1ztat\u00f3","katasztrof\u00e1lis","megh\u00f6kkent\u0151","leny\u0171g\u00f6z\u0151","csod\u00e1latos","ijedt","megnyugtat\u00f3","felkavar\u00f3","inspir\u00e1l\u00f3","lehangol\u00f3","f\u00e1jdalmas","gy\u00f6ny\u00f6r\u0171","b\u00e1mulatos","megsz\u00e9d\u00edt\u0151","b\u0171n\u00f6s","\u00f6rd\u00f6gi","lebilincsel\u0151","megsemmis\u00edt\u0151","l\u00e1tv\u00e1nyos","h\u00e1tborzongat\u00f3","cs\u00e1b\u00edt\u00f3","f\u00e9ny\u0171z\u0151","sz\u00edvszor\u00edt\u00f3","tragikus","szertelen","\u00f6lel\u0151","megbocs\u00e1t\u00f3","\u00f6ntelt","\u00f6nz\u0151","buzg\u00f3","hajszolt","k\u00f6ny\u00f6rtelen","elm\u00e9s","fantasztikus","g\u00e1tl\u00e1stalan","\u0151rj\u00edt\u0151","visszatasz\u00edt\u00f3","f\u00e9ktelen","\u00f6sszet\u00f6rt","megrontott","f\u00e9nyes","v\u00e1ratlan","\u00e9l\u00e9nk","kifinomult","d\u00f6bbenetes","fel\u00fcd\u00edt\u0151","megv\u00e1lt\u00f3","megt\u00e9veszt\u0151","hat\u00e9kony","\u00e9rzelmes","\u00e9leter\u0151s","meghat\u00f3","haragos","el\u00e9gedett","bosszant\u00f3","nagylelk\u0171","ragyog\u00f3","izgalmas","csal\u00f3dott","megr\u00e1z\u00f3","m\u00e9lt\u00f3s\u00e1gteljes","cs\u00e1bos","befogad\u00f3","kirekeszt\u0151","lelkes","elk\u00e9sett","megd\u00f6nthetetlen","csod\u00e1lkoz\u00f3","fesz\u00fclt","dermeszt\u0151","forr\u00f3","\u00f6sszet\u00f6rt","\u00e9lvezetes","nyomaszt\u00f3","diadalmas","megsebzett","megtorl\u00f3","kitart\u00f3","rem\u00e9nytelen","\u00e9rz\u00e9keny","t\u0171n\u0151d\u0151","m\u00e1gikus","kif\u00fcrk\u00e9szhetetlen","v\u00e1gyakoz\u00f3","\u00fct\u0151s","megb\u00e9k\u00e9l\u0151","gy\u00e1szos"],"diacritics":true,"researchesTests":["contentHasTOC","contentHasShortParagraphs","contentHasAssets","keywordInTitle","keywordInMetaDescription","keywordInPermalink","keywordIn10Percent","keywordInContent","keywordInSubheadings","keywordInImageAlt","keywordDensity","keywordNotUsed","lengthContent","lengthPermalink","linksHasInternal","linksHasExternals","linksNotAllExternals","titleStartWithKeyword","titleSentiment","titleHasPowerWords","titleHasNumber","hasContentAI"],"hasBreadcrumb":false,"serpData":{"title":"%sitename% %page% %sep% %sitedesc%","description":"","titleTemplate":"%sitename% %page% %sep% %sitedesc%","descriptionTemplate":"","focusKeywords":"","breadcrumbTitle":"Home","robots":{"index":true},"advancedRobots":{"max-snippet":"-1","max-video-preview":"-1","max-image-preview":"large"},"facebookTitle":"","facebookDescription":"","facebookImage":"","facebookImageID":""}}},"tocTitle":"Table of Contents","tocExcludeHeadings":[],"listStyle":"ul"},"_links":{"self":[{"href":"https:\/\/climalife.com\/hu\/wp-json\/wp\/v2\/pages\/200085","targetHints":{"allow":["GET"]}}],"collection":[{"href":"https:\/\/climalife.com\/hu\/wp-json\/wp\/v2\/pages"}],"about":[{"href":"https:\/\/climalife.com\/hu\/wp-json\/wp\/v2\/types\/page"}],"author":[{"embeddable":true,"href":"https:\/\/climalife.com\/hu\/wp-json\/wp\/v2\/users\/41"}],"replies":[{"embeddable":true,"href":"https:\/\/climalife.com\/hu\/wp-json\/wp\/v2\/comments?post=200085"}],"version-history":[{"count":2,"href":"https:\/\/climalife.com\/hu\/wp-json\/wp\/v2\/pages\/200085\/revisions"}],"predecessor-version":[{"id":200089,"href":"https:\/\/climalife.com\/hu\/wp-json\/wp\/v2\/pages\/200085\/revisions\/200089"}],"wp:attachment":[{"href":"https:\/\/climalife.com\/hu\/wp-json\/wp\/v2\/media?parent=200085"}],"curies":[{"name":"wp","href":"https:\/\/api.w.org\/{rel}","templated":true}]}}