{"id":157147,"date":"2022-09-28T16:44:28","date_gmt":"2022-09-28T16:44:28","guid":{"rendered":"http:\/\/climalife.com\/product\/acitest-unipro-ww\/"},"modified":"2024-01-25T13:53:42","modified_gmt":"2024-01-25T13:53:42","slug":"acitest-unipro-ww","status":"publish","type":"product","link":"https:\/\/climalife.com\/hu\/product\/acitest-unipro-ww\/","title":{"rendered":"Acitest Unipro WW"},"content":{"rendered":"<p>Jelzi az olaj \u00e1llapot\u00e1t: j\u00f3, felhasz\u00e1lhat\u00f3s\u00e1gi hat\u00e1r, savas.<\/p>\n<p>&nbsp;<\/p>\n<p>Ez a savteszt gyors diagn\u00f3zist biztos\u00edt, amely n\u00f6veli a berendez\u00e9sek biztons\u00e1g\u00e1t \u00e9s termel\u00e9kenys\u00e9g\u00e9t az\u00e1ltal, hogy cs\u00f6kkenti az olaj savass\u00e1g\u00e1hoz kapcsol\u00f3d\u00f3 meghib\u00e1sod\u00e1sok \u00e9s esetleges \u00fczemzavarok kock\u00e1zat\u00e1t.<\/p>\n<p>&nbsp;<\/p>\n<p><strong>\u00dajdons\u00e1g: az Acitest Unipro WW vil\u00e1gszerte el\u00e9rhet\u0151!<\/strong><\/p>\n","protected":false},"excerpt":{"rendered":"<p>A Climalife \u00e1ltal kifejlesztett Acitest Unipro WW lehet\u0151v\u00e9 teszi az adal\u00e9kolt \u00e9s nem adal\u00e9kolt h\u0171t\u0151kompresszor olajok savass\u00e1gi szintj\u00e9nek azonnali ellen\u0151rz\u00e9s\u00e9t, f\u00fcggetlen\u00fcl azok jelleg\u00e9t\u0151l.<\/p>\n","protected":false},"featured_media":132165,"comment_status":"open","ping_status":"closed","template":"","meta":[],"countries":[4674,4709,4756,4813,4831,4862],"product_brand":[],"product_cat":[9987,9976,9949,9940,9967,9994,13061,13096,13130,9365],"product_tag":[],"class_list":{"0":"post-157147","1":"product","2":"type-product","3":"status-publish","4":"has-post-thumbnail","6":"countries-by","7":"countries-cu","8":"countries-ir","9":"countries-kp","10":"countries-ru","11":"countries-sy","12":"product_cat-repulestechnika-urhajozas-vedelem","13":"product_cat-autoipar-kozlekedes","14":"product_cat-epuletek","15":"product_cat-elelmiszeripar","16":"product_cat-egeszseg-jolet","17":"product_cat-egyeb-iparagak","18":"product_cat-legkondicionalas","19":"product_cat-futes","20":"product_cat-hutestechnika","21":"product_cat-olajbevizsgalas","22":"pa_packaging-6-os-doboz-hu-1","24":"first","25":"instock","26":"shipping-taxable","27":"purchasable","28":"product-type-variable"},"_links":{"self":[{"href":"https:\/\/climalife.com\/hu\/wp-json\/wp\/v2\/product\/157147","targetHints":{"allow":["GET"]}}],"collection":[{"href":"https:\/\/climalife.com\/hu\/wp-json\/wp\/v2\/product"}],"about":[{"href":"https:\/\/climalife.com\/hu\/wp-json\/wp\/v2\/types\/product"}],"replies":[{"embeddable":true,"href":"https:\/\/climalife.com\/hu\/wp-json\/wp\/v2\/comments?post=157147"}],"wp:featuredmedia":[{"embeddable":true,"href":"https:\/\/climalife.com\/hu\/wp-json\/wp\/v2\/media\/132165"}],"wp:attachment":[{"href":"https:\/\/climalife.com\/hu\/wp-json\/wp\/v2\/media?parent=157147"}],"wp:term":[{"taxonomy":"countries","embeddable":true,"href":"https:\/\/climalife.com\/hu\/wp-json\/wp\/v2\/countries?post=157147"},{"taxonomy":"product_brand","embeddable":true,"href":"https:\/\/climalife.com\/hu\/wp-json\/wp\/v2\/product_brand?post=157147"},{"taxonomy":"product_cat","embeddable":true,"href":"https:\/\/climalife.com\/hu\/wp-json\/wp\/v2\/product_cat?post=157147"},{"taxonomy":"product_tag","embeddable":true,"href":"https:\/\/climalife.com\/hu\/wp-json\/wp\/v2\/product_tag?post=157147"}],"curies":[{"name":"wp","href":"https:\/\/api.w.org\/{rel}","templated":true}]}}