{"id":157161,"date":"2022-09-28T16:44:33","date_gmt":"2022-09-28T16:44:33","guid":{"rendered":"http:\/\/climalife.com\/product\/mobil-eal-arctic\/"},"modified":"2025-08-13T16:28:34","modified_gmt":"2025-08-13T16:28:34","slug":"mobil-eal-arctic","status":"publish","type":"product","link":"https:\/\/climalife.com\/hu\/product\/mobil-eal-arctic\/","title":{"rendered":"MOBIL EAL Arctic"},"content":{"rendered":"<p>Szintetikus POE-kkel \u00e9s speci\u00e1lisan kiv\u00e1lasztott adal\u00e9kanyagokkal formul\u00e1zva kiemelked\u0151 ken\u0151k\u00e9pess\u00e9get biztos\u00edtanak; a kiv\u00e1l\u00f3 vegyi-, termikus- \u00e9s hidrol\u00edzisstabilit\u00e1s mellett rendk\u00edv\u00fcl hat\u00e9konyan v\u00e9dik a berendez\u00e9seket a kop\u00e1st\u00f3l.<\/p>\n","protected":false},"excerpt":{"rendered":"<p>A Mobil EAL Arctic \u00e9s a Mobil SHC\u2122 Gargoyle 32 szintetikus ken\u0151anyagok nagy teljes\u00edtm\u00e9ny\u0171 olajok, amelyeket kifejezetten HFC-kkel, HFO-kkal \u00e9s HFO-kever\u00e9kekkel m\u0171k\u00f6d\u0151 h\u0171t\u0151rendszerek kompresszorainak ken\u00e9s\u00e9re terveztek; bele\u00e9rtve az A1 \u00e9s A2L h\u0171t\u0151k\u00f6zegeket az ASHRAE 34\/ISO 817 biztons\u00e1gi specifik\u00e1ci\u00f3 szerint. A Mobil EAL ARCTIC \u00e9s a Mobil SHC\u2122 Gargoyle 32 olajok t\u00f6bb viszkozit\u00e1si fokozatban kaphat\u00f3k: 22-t\u0151l 220-ig.<\/p>\n","protected":false},"featured_media":121860,"comment_status":"open","ping_status":"closed","template":"","meta":[],"countries":[4674,4709,4756,4813,4831,4862],"product_brand":[],"product_cat":[9987,9976,9949,9940,9967,9994,13061,13096,13130,13421],"product_tag":[],"class_list":{"0":"post-157161","1":"product","2":"type-product","3":"status-publish","4":"has-post-thumbnail","6":"countries-by","7":"countries-cu","8":"countries-ir","9":"countries-kp","10":"countries-ru","11":"countries-sy","12":"product_cat-repulestechnika-urhajozas-vedelem","13":"product_cat-autoipar-kozlekedes","14":"product_cat-epuletek","15":"product_cat-elelmiszeripar","16":"product_cat-egeszseg-jolet","17":"product_cat-egyeb-iparagak","18":"product_cat-legkondicionalas","19":"product_cat-futes","20":"product_cat-hutestechnika","21":"product_cat-poe-hu","22":"pa_packaging-hordo-208-l-hu-49","23":"pa_packaging-kanna-20-l-hu-36","24":"pa_packaging-kanna-5-l-hu-35","26":"first","27":"instock","28":"shipping-taxable","29":"purchasable","30":"product-type-variable"},"_links":{"self":[{"href":"https:\/\/climalife.com\/hu\/wp-json\/wp\/v2\/product\/157161","targetHints":{"allow":["GET"]}}],"collection":[{"href":"https:\/\/climalife.com\/hu\/wp-json\/wp\/v2\/product"}],"about":[{"href":"https:\/\/climalife.com\/hu\/wp-json\/wp\/v2\/types\/product"}],"replies":[{"embeddable":true,"href":"https:\/\/climalife.com\/hu\/wp-json\/wp\/v2\/comments?post=157161"}],"wp:featuredmedia":[{"embeddable":true,"href":"https:\/\/climalife.com\/hu\/wp-json\/wp\/v2\/media\/121860"}],"wp:attachment":[{"href":"https:\/\/climalife.com\/hu\/wp-json\/wp\/v2\/media?parent=157161"}],"wp:term":[{"taxonomy":"countries","embeddable":true,"href":"https:\/\/climalife.com\/hu\/wp-json\/wp\/v2\/countries?post=157161"},{"taxonomy":"product_brand","embeddable":true,"href":"https:\/\/climalife.com\/hu\/wp-json\/wp\/v2\/product_brand?post=157161"},{"taxonomy":"product_cat","embeddable":true,"href":"https:\/\/climalife.com\/hu\/wp-json\/wp\/v2\/product_cat?post=157161"},{"taxonomy":"product_tag","embeddable":true,"href":"https:\/\/climalife.com\/hu\/wp-json\/wp\/v2\/product_tag?post=157161"}],"curies":[{"name":"wp","href":"https:\/\/api.w.org\/{rel}","templated":true}]}}