{"id":160099,"date":"2022-09-28T17:39:23","date_gmt":"2022-09-28T17:39:23","guid":{"rendered":"http:\/\/climalife.com\/product\/mgs-402-mgs-408-vezerlok-szivargaserzekelo-vezerloegysegek\/"},"modified":"2025-08-13T08:22:49","modified_gmt":"2025-08-13T08:22:49","slug":"mgs-402-mgs-408-vezerlok-szivargaserzekelo-vezerloegysegek","status":"publish","type":"product","link":"https:\/\/climalife.com\/hu\/product\/mgs-402-mgs-408-vezerlok-szivargaserzekelo-vezerloegysegek\/","title":{"rendered":"MGS-402 | MGS-408 vez\u00e9rl\u0151k: sziv\u00e1rg\u00e1s\u00e9rz\u00e9kel\u0151 vez\u00e9rl\u0151egys\u00e9gek"},"content":{"rendered":"<p>A sziv\u00e1rg\u00e1s\u00e9rz\u00e9kel\u0151 rendszer telep\u00edt\u00e9se nemcsak az el\u0151\u00edr\u00e1soknak val\u00f3 megfelel\u00e9st biztos\u00edtja, hanem az<strong> emberek<\/strong> (\u00fczemeltet\u0151k, vezet\u0151k, alkalmazottak)<strong> biztons\u00e1g\u00e1t<\/strong>, <strong>a k\u00f6rnyezet tiszteletben tart\u00e1s\u00e1t<\/strong> \u00e9s <strong>p\u00e9nz\u00fcgyi megtakar\u00edt\u00e1sokat<\/strong> is.<\/p>\n<p>&nbsp;<\/p>\n<p><strong>Az MGS-402 vez\u00e9rl\u0151 lehet\u0151v\u00e9 teszi ak\u00e1r 2<\/strong>\u00a0<a href=\"https:\/\/hu.climalife.dehon.com\/telepitett-szivargas-erzekelo-mgs-400-sorozat\" target=\"_blank\" rel=\"noopener\">MGS-410<\/a> \u00e9rz\u00e9kel\u0151 csatlakoztat\u00e1s\u00e1t egy 2 szond\u00e1s, 2 szint\u0171 \u00e9rz\u00e9kel\u0151 egys\u00e9g kialak\u00edt\u00e1s\u00e1hoz.<\/p>\n<p>&nbsp;<\/p>\n<p><strong>Az MGS-408 vez\u00e9rl\u0151 lehet\u0151v\u00e9 teszi ak\u00e1r 8 <\/strong><a href=\"https:\/\/hu.climalife.dehon.com\/telepitett-szivargas-erzekelo-mgs-400-sorozat\" target=\"_blank\" rel=\"noopener\">MGS-410<\/a>, <a href=\"https:\/\/hu.climalife.dehon.com\/telepitett-szivargas-erzekelo-mgs-400-sorozat\" target=\"_blank\" rel=\"noopener\">MGS-450<\/a>,\u00a0<a href=\"https:\/\/hu.climalife.dehon.com\/telepitett-szivargas-erzekelo-mgs-400-sorozat\" target=\"_blank\" rel=\"noopener\">MGS-460<\/a> vagy<a href=\"https:\/\/hu.climalife.dehon.com\/mgs-550-telepitett-szivargaseszlelo\" target=\"_blank\" rel=\"noopener\"> MGS-550<\/a> \u00e9rz\u00e9kel\u0151 csatlakoztat\u00e1s\u00e1t, hogy egy 8 szond\u00e1s k\u00f6zponti \u00e9rz\u00e9kel\u0151egys\u00e9get alkosson 2 \u00e9rz\u00e9kel\u00e9si szinttel.<\/p>\n<p>&nbsp;<\/p>\n<p>Ezek a berendez\u00e9sek egy k\u00f6zponti \u00e9p\u00fcletir\u00e1ny\u00edt\u00e1si rendszerhez csatlakoztathat\u00f3k.<\/p>\n<p>&nbsp;<\/p>\n<p><em>Megfelelnek az EN 378 \u00e9s az ASHRAE 15 biztons\u00e1gi szabv\u00e1nyok sziv\u00e1rg\u00e1s\u00e9rz\u00e9kel\u00e9sre vonatkoz\u00f3 aj\u00e1nl\u00e1sainak.<\/em><\/p>\n<p>&nbsp;<\/p>\n<p><strong>Vide\u00f3 &#8211; MGS 402 bemutat\u00f3:<\/strong><\/p>\n<p>&nbsp;<\/p>\n<p><iframe loading=\"lazy\" src=\"https:\/\/www.youtube.com\/embed\/6YpxnOo5NPA\" width=\"425\" height=\"350\"><\/iframe><\/p>\n<p>&nbsp;<\/p>\n<p>&nbsp;<\/p>\n","protected":false},"excerpt":{"rendered":"<p>A Bacharach MGS-402 \u00e9s MGS-408 vez\u00e9rl\u0151k az\u00a0MGS-400 \u00e9s\u00a0MGS-550 \u00e9rz\u00e9kel\u0151sorozatok csatlakoztat\u00e1s\u00e1val h\u0171t\u0151k\u00f6zegek, m\u00e9rgez\u0151 \u00e9s \u00e9ghet\u0151 g\u00e1zok sziv\u00e1rg\u00e1s\u00e9rz\u00e9kel\u0151 egys\u00e9geit alkotj\u00e1k.<\/p>\n","protected":false},"featured_media":132255,"comment_status":"open","ping_status":"closed","template":"","meta":[],"countries":[4674,4709,4756,4813,4831,4862],"product_brand":[],"product_cat":[9987,9949,9940,9967,9994,13061,13096,13130,9265],"product_tag":[],"class_list":{"0":"post-160099","1":"product","2":"type-product","3":"status-publish","4":"has-post-thumbnail","6":"countries-by","7":"countries-cu","8":"countries-ir","9":"countries-kp","10":"countries-ru","11":"countries-sy","12":"product_cat-repulestechnika-urhajozas-vedelem","13":"product_cat-epuletek","14":"product_cat-elelmiszeripar","15":"product_cat-egeszseg-jolet","16":"product_cat-egyeb-iparagak","17":"product_cat-legkondicionalas","18":"product_cat-futes","19":"product_cat-hutestechnika","20":"product_cat-telepitett","22":"first","23":"instock","24":"shipping-taxable","25":"purchasable","26":"product-type-variable"},"_links":{"self":[{"href":"https:\/\/climalife.com\/hu\/wp-json\/wp\/v2\/product\/160099","targetHints":{"allow":["GET"]}}],"collection":[{"href":"https:\/\/climalife.com\/hu\/wp-json\/wp\/v2\/product"}],"about":[{"href":"https:\/\/climalife.com\/hu\/wp-json\/wp\/v2\/types\/product"}],"replies":[{"embeddable":true,"href":"https:\/\/climalife.com\/hu\/wp-json\/wp\/v2\/comments?post=160099"}],"wp:featuredmedia":[{"embeddable":true,"href":"https:\/\/climalife.com\/hu\/wp-json\/wp\/v2\/media\/132255"}],"wp:attachment":[{"href":"https:\/\/climalife.com\/hu\/wp-json\/wp\/v2\/media?parent=160099"}],"wp:term":[{"taxonomy":"countries","embeddable":true,"href":"https:\/\/climalife.com\/hu\/wp-json\/wp\/v2\/countries?post=160099"},{"taxonomy":"product_brand","embeddable":true,"href":"https:\/\/climalife.com\/hu\/wp-json\/wp\/v2\/product_brand?post=160099"},{"taxonomy":"product_cat","embeddable":true,"href":"https:\/\/climalife.com\/hu\/wp-json\/wp\/v2\/product_cat?post=160099"},{"taxonomy":"product_tag","embeddable":true,"href":"https:\/\/climalife.com\/hu\/wp-json\/wp\/v2\/product_tag?post=160099"}],"curies":[{"name":"wp","href":"https:\/\/api.w.org\/{rel}","templated":true}]}}