{"id":160102,"date":"2022-09-28T17:39:28","date_gmt":"2022-09-28T17:39:28","guid":{"rendered":"http:\/\/climalife.com\/product\/d-tek-3-d-tek-3-co2-szivargaserzekelo\/"},"modified":"2025-08-13T08:21:32","modified_gmt":"2025-08-13T08:21:32","slug":"d-tek-3-d-tek-3-co2-szivargaserzekelo","status":"publish","type":"product","link":"https:\/\/climalife.com\/hu\/product\/d-tek-3-d-tek-3-co2-szivargaserzekelo\/","title":{"rendered":"D-Tek 3 \/ D-tek 3 CO2 sziv\u00e1rg\u00e1s\u00e9rz\u00e9kel\u0151"},"content":{"rendered":"<p>K\u00e9t m\u0171szer egyben a cser\u00e9lhet\u0151 h\u0171t\u0151k\u00f6zeg- \u00e9s CO<sub>2<\/sub>-\u00e9rz\u00e9kel\u0151knek k\u00f6sz\u00f6nhet\u0151en.<\/p>\n","protected":false},"excerpt":{"rendered":"<p>A D-TEK 3 tov\u00e1bbi funkci\u00f3kkal t\u00e1mogatja \u00d6nt a sziv\u00e1rg\u00e1s\u00e9rz\u00e9kel\u00e9sben. A k\u00f6nnyen cser\u00e9lhet\u0151 \u00e9rz\u00e9kel\u0151, a gyorsan t\u00f6lthet\u0151 l\u00edtium-ion akkumul\u00e1tor \u00e9s az \u00faj ergonomikus kialak\u00edt\u00e1s a D-TEK 3 k\u00e9sz\u00fcl\u00e9ket sokoldal\u00fa eszk\u00f6zz\u00e9 teszi a h\u0171t\u0151rendszerek napi karbantart\u00e1s\u00e1hoz \u00e9s jav\u00edt\u00e1s\u00e1hoz.<\/p>\n","protected":false},"featured_media":131130,"comment_status":"open","ping_status":"closed","template":"","meta":[],"countries":[4674,4709,4756,4813,4831,4862],"product_brand":[],"product_cat":[9987,9976,9949,9940,9967,9994,13061,13114,13130,9373],"product_tag":[],"class_list":{"0":"post-160102","1":"product","2":"type-product","3":"status-publish","4":"has-post-thumbnail","6":"countries-by","7":"countries-cu","8":"countries-ir","9":"countries-kp","10":"countries-ru","11":"countries-sy","12":"product_cat-repulestechnika-urhajozas-vedelem","13":"product_cat-autoipar-kozlekedes","14":"product_cat-epuletek","15":"product_cat-elelmiszeripar","16":"product_cat-egeszseg-jolet","17":"product_cat-egyeb-iparagak","18":"product_cat-legkondicionalas","19":"product_cat-orc-szerves-rankine-ciklus","20":"product_cat-hutestechnika","21":"product_cat-mobil-szivargaserzekeles","22":"pa_packaging-egyseg-hu-25","24":"first","25":"instock","26":"shipping-taxable","27":"purchasable","28":"product-type-variable"},"_links":{"self":[{"href":"https:\/\/climalife.com\/hu\/wp-json\/wp\/v2\/product\/160102","targetHints":{"allow":["GET"]}}],"collection":[{"href":"https:\/\/climalife.com\/hu\/wp-json\/wp\/v2\/product"}],"about":[{"href":"https:\/\/climalife.com\/hu\/wp-json\/wp\/v2\/types\/product"}],"replies":[{"embeddable":true,"href":"https:\/\/climalife.com\/hu\/wp-json\/wp\/v2\/comments?post=160102"}],"wp:featuredmedia":[{"embeddable":true,"href":"https:\/\/climalife.com\/hu\/wp-json\/wp\/v2\/media\/131130"}],"wp:attachment":[{"href":"https:\/\/climalife.com\/hu\/wp-json\/wp\/v2\/media?parent=160102"}],"wp:term":[{"taxonomy":"countries","embeddable":true,"href":"https:\/\/climalife.com\/hu\/wp-json\/wp\/v2\/countries?post=160102"},{"taxonomy":"product_brand","embeddable":true,"href":"https:\/\/climalife.com\/hu\/wp-json\/wp\/v2\/product_brand?post=160102"},{"taxonomy":"product_cat","embeddable":true,"href":"https:\/\/climalife.com\/hu\/wp-json\/wp\/v2\/product_cat?post=160102"},{"taxonomy":"product_tag","embeddable":true,"href":"https:\/\/climalife.com\/hu\/wp-json\/wp\/v2\/product_tag?post=160102"}],"curies":[{"name":"wp","href":"https:\/\/api.w.org\/{rel}","templated":true}]}}