{"id":160142,"date":"2022-09-28T17:39:45","date_gmt":"2022-09-28T17:39:45","guid":{"rendered":"http:\/\/climalife.com\/product\/telepitett-szivargaserzekelo-mgs-400-sorozat\/"},"modified":"2025-08-13T08:17:05","modified_gmt":"2025-08-13T08:17:05","slug":"telepitett-szivargaserzekelo-mgs-400-sorozat","status":"publish","type":"product","link":"https:\/\/climalife.com\/hu\/product\/telepitett-szivargaserzekelo-mgs-400-sorozat\/","title":{"rendered":"Telep\u00edtett sziv\u00e1rg\u00e1s\u00e9rz\u00e9kel\u0151: MGS 400 sorozat"},"content":{"rendered":"<p>&nbsp;<\/p>\n<p>Ezek az \u00e9rz\u00e9kel\u0151k megfelelnek a hat\u00e1lyos szabv\u00e1nyoknak (ASHRAE 15, EN 378, CSA-B52). K\u00f6nnyen telep\u00edthet\u0151k \u00e9s konfigur\u00e1lhat\u00f3k, hat\u00e9konyak, \u00e9s id\u0151t \u00e9s p\u00e9nzt takar\u00edtanak meg a berendez\u00e9sek \u00e9s a telep\u00edt\u00e9s ter\u00e9n.<\/p>\n<p>&nbsp;<\/p>\n<p class=\"offset-left\"><strong>Az MGS 400 sorozat er\u0151ss\u00e9gei:<br \/>\n<\/strong><\/p>\n<p>&nbsp;<\/p>\n<p class=\"offset-left\"><strong>\u00a0<\/strong><\/p>\n<p class=\"offset-left\"><strong>\u2022<\/strong>\u00a0 <strong>A csatlakozatott \u00e9rz\u00e9kel\u0151k<\/strong>: az MGS 400 alkalmaz\u00e1s lehet\u0151v\u00e9 teszi az <strong>MGS 410, MGS 450<\/strong> \u00e9s <strong>MGS 460<\/strong> \u00fczembe helyez\u00e9s\u00e9t, karbantart\u00e1s\u00e1t \u00e9s konfigur\u00e1l\u00e1s\u00e1t okostelefonr\u00f3l. Emellett a m\u00e9r\u00e9sek val\u00f3s idej\u0171 megjelen\u00edt\u00e9se, a kimenetek tesztel\u00e9se \u00e9s az \u00e9rz\u00e9kel\u0151 kalibr\u00e1ci\u00f3ja\u00a0 Bluetooth-kapcsolaton kereszt\u00fcl lehets\u00e9ges.<\/p>\n<p class=\"offset-left\"><strong>\u2022<\/strong>\u00a0 Be\u00e9p\u00edtett hang- \u00e9s f\u00e9nyjelz\u00e9s a <strong>h\u0171t\u00e9sbiztons\u00e1gi el\u0151\u00edr\u00e1soknak<\/strong> val\u00f3 megfelel\u00e9s \u00e9rdek\u00e9ben &#8211; nincs sz\u00fcks\u00e9g tov\u00e1bbi berendez\u00e9sekre.<\/p>\n<p class=\"offset-left\"><strong>\u2022<\/strong>\u00a0\u00a0<strong>H\u0171t\u0151k\u00f6zegek sz\u00e9les v\u00e1laszt\u00e9k\u00e1val<\/strong> kaphat\u00f3.<\/p>\n<p class=\"offset-left\"><strong>\u2022<\/strong>\u00a0 Az \u00e9rz\u00e9kel\u0151k cser\u00e9je <strong>egyszer\u0171s\u00f6dik<\/strong> az el\u0151re kalibr\u00e1lt plug-and-play \u00e9rz\u00e9kel\u0151kkel.<\/p>\n<table border=\"1\" width=\"581\">\n<tbody>\n<tr>\n<td><strong>Term\u00e9kadatok<\/strong><\/td>\n<td><strong>\u00a0MGS-410<\/strong><\/td>\n<td><strong>MGS-450<\/strong><\/td>\n<td><strong>MGS-460<\/strong><\/td>\n<\/tr>\n<tr>\n<td>IP41<\/td>\n<td><\/td>\n<td>\u00a0<span class=\"ILfuVd\"><span class=\"hgKElc\">\u2714<\/span><\/span><\/td>\n<td><\/td>\n<\/tr>\n<tr>\n<td>IP66<\/td>\n<td>\u00a0<span class=\"ILfuVd\"><span class=\"hgKElc\">\u2714<\/span><\/span><\/td>\n<td>\u00a0<span class=\"ILfuVd\"><span class=\"hgKElc\">\u2714<\/span><\/span><\/td>\n<td>\u00a0<span class=\"ILfuVd\"><span class=\"hgKElc\">\u2714<\/span><\/span><\/td>\n<\/tr>\n<tr>\n<td>Modbus<\/td>\n<td>\u00a0<span class=\"ILfuVd\"><span class=\"hgKElc\">\u2714<\/span><\/span><\/td>\n<td>\u00a0<span class=\"ILfuVd\"><span class=\"hgKElc\">\u2714<\/span><\/span><\/td>\n<td>\u00a0<span class=\"ILfuVd\"><span class=\"hgKElc\">\u2714<\/span><\/span><\/td>\n<\/tr>\n<tr>\n<td>3 rel\u00e9<\/td>\n<td><\/td>\n<td>\u00a0<span class=\"ILfuVd\"><span class=\"hgKElc\">\u2714<\/span><\/span><\/td>\n<td>\u00a0<span class=\"ILfuVd\"><span class=\"hgKElc\">\u2714<\/span><\/span><\/td>\n<\/tr>\n<tr>\n<td>Anal\u00f3g kimenet<\/td>\n<td><\/td>\n<td>\u00a0<span class=\"ILfuVd\"><span class=\"hgKElc\">\u2714<\/span><\/span><\/td>\n<td>\u00a0<span class=\"ILfuVd\"><span class=\"hgKElc\">\u2714<\/span><\/span><\/td>\n<\/tr>\n<tr>\n<td>T\u00e1v\u00e9rz\u00e9kel\u0151<\/td>\n<td><\/td>\n<td><\/td>\n<td>\u00a0<span class=\"ILfuVd\"><span class=\"hgKElc\">\u2714<\/span><\/span><\/td>\n<\/tr>\n<tr>\n<td>MGS 400 &#8211; mobil app kompatibilit\u00e1s (be\u00e1ll\u00edt\u00e1shoz)<\/td>\n<td>\u00a0<span class=\"ILfuVd\"><span class=\"hgKElc\">\u2714<\/span><\/span><\/td>\n<td>\u00a0<span class=\"ILfuVd\"><span class=\"hgKElc\">\u2714<\/span><\/span><\/td>\n<td>\u00a0<span class=\"ILfuVd\"><span class=\"hgKElc\">\u2714<\/span><\/span><\/td>\n<\/tr>\n<tr>\n<td>\u00c9rz\u00e9kel\u0151<\/td>\n<td><strong>\u00a01 be\u00e9p\u00edtett \u00e9rz\u00e9kel\u0151<\/strong><\/td>\n<td><strong>1 be\u00e9p\u00edtett \u00e9rz\u00e9kel\u0151<br \/>\n<\/strong><\/td>\n<td><strong>1 t\u00e1v\u00e9rz\u00e9kel\u0151<\/strong><\/td>\n<\/tr>\n<tr>\n<td>Riszt\u00e1si szint(ek)<\/td>\n<td><strong>\u00a01<\/strong><\/td>\n<td><strong>2<\/strong><\/td>\n<td><strong>2<\/strong><\/td>\n<\/tr>\n<tr>\n<td>MGS-402 kompatibilit\u00e1s<\/td>\n<td>\u00a0<span class=\"ILfuVd\"><span class=\"hgKElc\">\u2714<\/span><\/span><\/td>\n<td><\/td>\n<td><\/td>\n<\/tr>\n<tr>\n<td>MGS-408 kompatibilit\u00e1s<\/td>\n<td><span class=\"ILfuVd\"><span class=\"hgKElc\">\u2714<\/span><\/span><\/td>\n<td><span class=\"ILfuVd\"><span class=\"hgKElc\">\u2714<\/span><\/span><\/td>\n<td><span class=\"ILfuVd\"><span class=\"hgKElc\">\u2714<\/span><\/span><\/td>\n<\/tr>\n<\/tbody>\n<\/table>\n<p>&nbsp;<\/p>\n","protected":false},"excerpt":{"rendered":"<p>A Bacharach MGS 400 sorozat\u00fa helyis\u00e9gfigyel\u0151 minden h\u0171t\u0151rendszerhez alkalmas telep\u00edtett h\u0171t\u0151k\u00f6zeg-sziv\u00e1rg\u00e1s\u00e9rz\u00e9kel\u0151ket tartalmaz. H\u0171t\u0151k\u00f6zegek, m\u00e9rgez\u0151 \u00e9s \u00e9ghet\u0151 g\u00e1zok kimutat\u00e1s\u00e1ra tervezett eszk\u00f6z\u00f6k a HFO-k \/ HFO-HFC kever\u00e9kek \/ HFC-k \/ R-290 \/ NH3 \/ CO2 \u00e9rz\u00e9kel\u00e9s\u00e9re szolg\u00e1lnak, \u00e9s seg\u00edtenek a szem\u00e9lyi biztons\u00e1g biztos\u00edt\u00e1s\u00e1ban.<\/p>\n","protected":false},"featured_media":131265,"comment_status":"open","ping_status":"closed","template":"","meta":[],"countries":[4674,4709,4756,4760,4804,4813,4831,4862],"product_brand":[],"product_cat":[9987,9949,9958,9940,9967,9994,13061,13096,13114,13130,9265],"product_tag":[],"class_list":{"0":"post-160142","1":"product","2":"type-product","3":"status-publish","4":"has-post-thumbnail","6":"countries-by","7":"countries-cu","8":"countries-ir","9":"countries-it","10":"countries-nl","11":"countries-kp","12":"countries-ru","13":"countries-sy","14":"product_cat-repulestechnika-urhajozas-vedelem","15":"product_cat-epuletek","16":"product_cat-energia","17":"product_cat-elelmiszeripar","18":"product_cat-egeszseg-jolet","19":"product_cat-egyeb-iparagak","20":"product_cat-legkondicionalas","21":"product_cat-futes","22":"product_cat-orc-szerves-rankine-ciklus","23":"product_cat-hutestechnika","24":"product_cat-telepitett","25":"pa_packaging-egyseg-hu-25","27":"first","28":"instock","29":"shipping-taxable","30":"purchasable","31":"product-type-variable"},"_links":{"self":[{"href":"https:\/\/climalife.com\/hu\/wp-json\/wp\/v2\/product\/160142","targetHints":{"allow":["GET"]}}],"collection":[{"href":"https:\/\/climalife.com\/hu\/wp-json\/wp\/v2\/product"}],"about":[{"href":"https:\/\/climalife.com\/hu\/wp-json\/wp\/v2\/types\/product"}],"replies":[{"embeddable":true,"href":"https:\/\/climalife.com\/hu\/wp-json\/wp\/v2\/comments?post=160142"}],"wp:featuredmedia":[{"embeddable":true,"href":"https:\/\/climalife.com\/hu\/wp-json\/wp\/v2\/media\/131265"}],"wp:attachment":[{"href":"https:\/\/climalife.com\/hu\/wp-json\/wp\/v2\/media?parent=160142"}],"wp:term":[{"taxonomy":"countries","embeddable":true,"href":"https:\/\/climalife.com\/hu\/wp-json\/wp\/v2\/countries?post=160142"},{"taxonomy":"product_brand","embeddable":true,"href":"https:\/\/climalife.com\/hu\/wp-json\/wp\/v2\/product_brand?post=160142"},{"taxonomy":"product_cat","embeddable":true,"href":"https:\/\/climalife.com\/hu\/wp-json\/wp\/v2\/product_cat?post=160142"},{"taxonomy":"product_tag","embeddable":true,"href":"https:\/\/climalife.com\/hu\/wp-json\/wp\/v2\/product_tag?post=160142"}],"curies":[{"name":"wp","href":"https:\/\/api.w.org\/{rel}","templated":true}]}}