{"id":160182,"date":"2022-09-28T17:40:00","date_gmt":"2022-09-28T17:40:00","guid":{"rendered":"http:\/\/climalife.com\/product\/desoxyclean\/"},"modified":"2024-01-25T13:53:34","modified_gmt":"2024-01-25T13:53:34","slug":"desoxyclean","status":"publish","type":"product","link":"https:\/\/climalife.com\/hu\/product\/desoxyclean\/","title":{"rendered":"Desoxyclean"},"content":{"rendered":"<p>A Desoxyclean 5-20%-os oldatban, z\u00e1rt rendszerben alkalmazhat\u00f3, \u00e9s olyan gyakori anyagokhoz haszn\u00e1lhat\u00f3, mint a r\u00e9z, alum\u00ednium, ac\u00e9l, rozsdamentes ac\u00e9l, s\u00e1rgar\u00e9z, vas, gumi, m\u0171anyag \u00e9s ker\u00e1mia.<\/p>\n<p>A Desoxyclean haszn\u00e1lata ut\u00e1n a rendszert Dispersant D-vel, majd v\u00edzzel kell \u00e1t\u00f6bl\u00edteni.<\/p>\n","protected":false},"excerpt":{"rendered":"<p>A Desoxyclean, a Desoxidant P helyettes\u00edt\u0151je, egy professzion\u00e1lis haszn\u00e1latra sz\u00e1nt tiszt\u00edt\u00f3szer. A k\u00f6zvet\u00edt\u0151k\u00f6zeges vagy v\u00edzrendszerek cs\u00f6veinek tiszt\u00edt\u00e1s\u00e1ra \u00e9s a fel\u00fcleti korr\u00f3zi\u00f3, v\u00edzk\u0151 \u00e9s iszap elt\u00e1vol\u00edt\u00e1s\u00e1ra szolg\u00e1l.<\/p>\n","protected":false},"featured_media":131085,"comment_status":"open","ping_status":"closed","template":"","meta":[],"countries":[4674,4709,4756,4813,4831,4862],"product_brand":[],"product_cat":[9967,9994,9940,9958,9949,13096,13130,9356,13061,13139,9987],"product_tag":[],"class_list":{"0":"post-160182","1":"product","2":"type-product","3":"status-publish","4":"has-post-thumbnail","6":"countries-by","7":"countries-cu","8":"countries-ir","9":"countries-kp","10":"countries-ru","11":"countries-sy","12":"product_cat-egeszseg-jolet","13":"product_cat-egyeb-iparagak","14":"product_cat-elelmiszeripar","15":"product_cat-energia","16":"product_cat-epuletek","17":"product_cat-futes","18":"product_cat-hutestechnika","19":"product_cat-kozvetitokozegek-keringesi-rendszereinek-tisztitasa","20":"product_cat-legkondicionalas","21":"product_cat-megujulo-energia","22":"product_cat-repulestechnika-urhajozas-vedelem","23":"pa_packaging-fut-200-kg-hu-353","24":"pa_packaging-kanna-20kg-hu-38","25":"pa_packaging-tartaly-1000-kg-hu-139","27":"first","28":"instock","29":"shipping-taxable","30":"purchasable","31":"product-type-variable"},"_links":{"self":[{"href":"https:\/\/climalife.com\/hu\/wp-json\/wp\/v2\/product\/160182","targetHints":{"allow":["GET"]}}],"collection":[{"href":"https:\/\/climalife.com\/hu\/wp-json\/wp\/v2\/product"}],"about":[{"href":"https:\/\/climalife.com\/hu\/wp-json\/wp\/v2\/types\/product"}],"replies":[{"embeddable":true,"href":"https:\/\/climalife.com\/hu\/wp-json\/wp\/v2\/comments?post=160182"}],"wp:featuredmedia":[{"embeddable":true,"href":"https:\/\/climalife.com\/hu\/wp-json\/wp\/v2\/media\/131085"}],"wp:attachment":[{"href":"https:\/\/climalife.com\/hu\/wp-json\/wp\/v2\/media?parent=160182"}],"wp:term":[{"taxonomy":"countries","embeddable":true,"href":"https:\/\/climalife.com\/hu\/wp-json\/wp\/v2\/countries?post=160182"},{"taxonomy":"product_brand","embeddable":true,"href":"https:\/\/climalife.com\/hu\/wp-json\/wp\/v2\/product_brand?post=160182"},{"taxonomy":"product_cat","embeddable":true,"href":"https:\/\/climalife.com\/hu\/wp-json\/wp\/v2\/product_cat?post=160182"},{"taxonomy":"product_tag","embeddable":true,"href":"https:\/\/climalife.com\/hu\/wp-json\/wp\/v2\/product_tag?post=160182"}],"curies":[{"name":"wp","href":"https:\/\/api.w.org\/{rel}","templated":true}]}}