{"id":160252,"date":"2022-09-28T17:40:33","date_gmt":"2022-09-28T17:40:33","guid":{"rendered":"http:\/\/climalife.com\/product\/mobil-gargoyle-arctic-68-nh\/"},"modified":"2025-05-05T09:26:08","modified_gmt":"2025-05-05T09:26:08","slug":"mobil-gargoyle-arctic-68-nh","status":"publish","type":"product","link":"https:\/\/climalife.com\/hu\/product\/mobil-gargoyle-arctic-68-nh\/","title":{"rendered":"MOBIL GARGOYLE ARCTIC 68 NH"},"content":{"rendered":"<p><strong>Tulajdons\u00e1gok \u00e9s el\u0151ny\u00f6k<\/strong><br \/>\n&#8211; <span class=\"tlid-translation translation\" lang=\"hu\"><span class=\"\" title=\"\">Alacsony volatilit\u00e1s, mely az olajfogyaszt\u00e1s (kevesebb olaj-ut\u00e1nt\u00f6lt\u00e9s) cs\u00f6kkent\u00e9s\u00e9ben j\u00e1tszik szerepet, korl\u00e1tozva az olaj elv\u00e9konyod\u00e1s\u00e1t a frakcion\u00e1l\u00e1s sor\u00e1n<\/span><\/span>.<br \/>\n&#8211; <span class=\"tlid-translation translation\" lang=\"hu\"><span class=\"\" title=\"\">Az alacsony Brookfield viszkozit\u00e1s hozz\u00e1j\u00e1rul a j\u00f3 olaj\u00e1raml\u00e1shoz alacsony h\u0151m\u00e9rs\u00e9kleten \u00e9s a j\u00f3 olajvisszat\u00e9r\u00e9shez az elp\u00e1rologtat\u00f3b\u00f3l<\/span><\/span>.<br \/>\n&#8211; <span class=\"tlid-translation translation\" lang=\"hu\"><span title=\"\">Fel\u00fcletv\u00e9delem a hosszabb \u00e9lettartam \u00e9rdek\u00e9ben, cs\u00f6kkentett jav\u00edt\u00e1si k\u00f6lts\u00e9gek<\/span><\/span>.<br \/>\n&#8211; <span class=\"tlid-translation translation\" lang=\"hu\"><span title=\"\">Magas viszkozit\u00e1si index a kompresszor j\u00f3 ken\u00e9s\u00e9hez sz\u00e9les \u00fczemi h\u0151m\u00e9rs\u00e9kleteken<\/span><\/span>.<br \/>\n&#8211;\u00a0<span class=\"tlid-translation translation\" lang=\"hu\"><span title=\"\">A h\u0171t\u0151k\u00f6zeg-kompatibilit\u00e1s hozz\u00e1j\u00e1rul az olajlev\u00e1laszt\u00f3 hat\u00e9konys\u00e1g\u00e1hoz (nagyon alacsony keverhet\u0151s\u00e9g az NH3-val)<\/span><\/span> NH3).<\/p>\n","protected":false},"excerpt":{"rendered":"<p>A Mobil Gargoyle Arctic 68 NH nagyteljes\u00edtm\u00e9ny\u0171 h\u0171t\u0151kompresszor ken\u0151anyag, amelyet kifejezetten az amm\u00f3ni\u00e1val\u00a0(NH3, R-717) m\u0171k\u00f6d\u0151 dugatty\u00fas \u00e9s csavarkompresszorok ken\u00e9s\u00e9re fejlesztettek ki. Kiv\u00e1l\u00f3 min\u0151s\u00e9g\u0171 \u00e1sv\u00e1nyi paraffinos technol\u00f3gi\u00e1val k\u00e9sz\u00fcl, amely alacsony h\u0151m\u00e9rs\u00e9kleten\u00a0kiv\u00e1l\u00f3 teljes\u00edtm\u00e9nyt, alacsony volatilit\u00e1st \u00e9s h\u0151stabilit\u00e1st biztos\u00edt.<\/p>\n","protected":false},"featured_media":125010,"comment_status":"open","ping_status":"closed","template":"","meta":[],"countries":[4674,4709,4756,4813,4831,4862],"product_brand":[],"product_cat":[9987,9940,9967,9994,13096,13130,9347],"product_tag":[],"class_list":{"0":"post-160252","1":"product","2":"type-product","3":"status-publish","4":"has-post-thumbnail","6":"countries-by","7":"countries-cu","8":"countries-ir","9":"countries-kp","10":"countries-ru","11":"countries-sy","12":"product_cat-repulestechnika-urhajozas-vedelem","13":"product_cat-elelmiszeripar","14":"product_cat-egeszseg-jolet","15":"product_cat-egyeb-iparagak","16":"product_cat-futes","17":"product_cat-hutestechnika","18":"product_cat-asvanyi-olajok","19":"pa_packaging-hordo-208-l-hu-49","21":"first","22":"instock","23":"shipping-taxable","24":"purchasable","25":"product-type-variable"},"_links":{"self":[{"href":"https:\/\/climalife.com\/hu\/wp-json\/wp\/v2\/product\/160252","targetHints":{"allow":["GET"]}}],"collection":[{"href":"https:\/\/climalife.com\/hu\/wp-json\/wp\/v2\/product"}],"about":[{"href":"https:\/\/climalife.com\/hu\/wp-json\/wp\/v2\/types\/product"}],"replies":[{"embeddable":true,"href":"https:\/\/climalife.com\/hu\/wp-json\/wp\/v2\/comments?post=160252"}],"wp:featuredmedia":[{"embeddable":true,"href":"https:\/\/climalife.com\/hu\/wp-json\/wp\/v2\/media\/125010"}],"wp:attachment":[{"href":"https:\/\/climalife.com\/hu\/wp-json\/wp\/v2\/media?parent=160252"}],"wp:term":[{"taxonomy":"countries","embeddable":true,"href":"https:\/\/climalife.com\/hu\/wp-json\/wp\/v2\/countries?post=160252"},{"taxonomy":"product_brand","embeddable":true,"href":"https:\/\/climalife.com\/hu\/wp-json\/wp\/v2\/product_brand?post=160252"},{"taxonomy":"product_cat","embeddable":true,"href":"https:\/\/climalife.com\/hu\/wp-json\/wp\/v2\/product_cat?post=160252"},{"taxonomy":"product_tag","embeddable":true,"href":"https:\/\/climalife.com\/hu\/wp-json\/wp\/v2\/product_tag?post=160252"}],"curies":[{"name":"wp","href":"https:\/\/api.w.org\/{rel}","templated":true}]}}