{"id":160295,"date":"2022-09-28T17:41:09","date_gmt":"2022-09-28T17:41:09","guid":{"rendered":"http:\/\/climalife.com\/product\/mgs-550-telepitett-szivargaseszlelo\/"},"modified":"2025-08-13T08:13:31","modified_gmt":"2025-08-13T08:13:31","slug":"mgs-550-telepitett-szivargaseszlelo","status":"publish","type":"product","link":"https:\/\/climalife.com\/hu\/product\/mgs-550-telepitett-szivargaseszlelo\/","title":{"rendered":"MGS 550 telep\u00edtett sziv\u00e1rg\u00e1s\u00e9szlel\u0151"},"content":{"rendered":"","protected":false},"excerpt":{"rendered":"<p>A Bacharach MGS 550 sziv\u00e1rg\u00e1s\u00e9szlel\u0151 h\u0171t\u0151k\u00f6zegek, m\u00e9rgez\u0151 g\u00e1zok, \u00fczemanyagok \u00e9s oxig\u00e9n sziv\u00e1rg\u00e1s\u00e1t \u00e9rz\u00e9kei. Javasolt\u00a0 l\u00e9gkondicion\u00e1l\u00f3khoz \u00e9s h\u0171t\u0151berendez\u00e9sekhez (folyad\u00e9kh\u0171t\u0151, kereskedelmi h\u0171t\u00e9s, ipari h\u0171t\u00e9s).<\/p>\n","protected":false},"featured_media":131103,"comment_status":"open","ping_status":"closed","template":"","meta":[],"countries":[4674,4709,4756,4760,4804,4813,4831,4862],"product_brand":[],"product_cat":[9987,9949,9958,9940,9967,9994,13061,13096,13114,13130,9265],"product_tag":[],"class_list":{"0":"post-160295","1":"product","2":"type-product","3":"status-publish","4":"has-post-thumbnail","6":"countries-by","7":"countries-cu","8":"countries-ir","9":"countries-it","10":"countries-nl","11":"countries-kp","12":"countries-ru","13":"countries-sy","14":"product_cat-repulestechnika-urhajozas-vedelem","15":"product_cat-epuletek","16":"product_cat-energia","17":"product_cat-elelmiszeripar","18":"product_cat-egeszseg-jolet","19":"product_cat-egyeb-iparagak","20":"product_cat-legkondicionalas","21":"product_cat-futes","22":"product_cat-orc-szerves-rankine-ciklus","23":"product_cat-hutestechnika","24":"product_cat-telepitett","25":"pa_packaging-egyseg-hu-25","27":"first","28":"instock","29":"shipping-taxable","30":"purchasable","31":"product-type-variable"},"_links":{"self":[{"href":"https:\/\/climalife.com\/hu\/wp-json\/wp\/v2\/product\/160295","targetHints":{"allow":["GET"]}}],"collection":[{"href":"https:\/\/climalife.com\/hu\/wp-json\/wp\/v2\/product"}],"about":[{"href":"https:\/\/climalife.com\/hu\/wp-json\/wp\/v2\/types\/product"}],"replies":[{"embeddable":true,"href":"https:\/\/climalife.com\/hu\/wp-json\/wp\/v2\/comments?post=160295"}],"wp:featuredmedia":[{"embeddable":true,"href":"https:\/\/climalife.com\/hu\/wp-json\/wp\/v2\/media\/131103"}],"wp:attachment":[{"href":"https:\/\/climalife.com\/hu\/wp-json\/wp\/v2\/media?parent=160295"}],"wp:term":[{"taxonomy":"countries","embeddable":true,"href":"https:\/\/climalife.com\/hu\/wp-json\/wp\/v2\/countries?post=160295"},{"taxonomy":"product_brand","embeddable":true,"href":"https:\/\/climalife.com\/hu\/wp-json\/wp\/v2\/product_brand?post=160295"},{"taxonomy":"product_cat","embeddable":true,"href":"https:\/\/climalife.com\/hu\/wp-json\/wp\/v2\/product_cat?post=160295"},{"taxonomy":"product_tag","embeddable":true,"href":"https:\/\/climalife.com\/hu\/wp-json\/wp\/v2\/product_tag?post=160295"}],"curies":[{"name":"wp","href":"https:\/\/api.w.org\/{rel}","templated":true}]}}