{"id":160361,"date":"2022-09-28T17:41:50","date_gmt":"2022-09-28T17:41:50","guid":{"rendered":"http:\/\/climalife.com\/product\/flexibilis-nh3-5-m\/"},"modified":"2024-01-25T13:53:31","modified_gmt":"2024-01-25T13:53:31","slug":"flexibilis-nh3-5-m","status":"publish","type":"product","link":"https:\/\/climalife.com\/hu\/product\/flexibilis-nh3-5-m\/","title":{"rendered":"Flexibilis NH3 5 m"},"content":{"rendered":"<p>Csatlakoz\u00e1s:<br \/>\n&#8220;C&#8221; t\u00edpus jobbos 21,7 x 1,814<\/p>\n","protected":false},"excerpt":{"rendered":"<p>Speci\u00e1lis t\u00f6m\u0151 amm\u00f3ni\u00e1hoz 1\/4-es szeleppel.<\/p>\n","protected":false},"featured_media":109098,"comment_status":"open","ping_status":"closed","template":"","meta":[],"countries":[4674,4709,4756,4813,4831,4862],"product_brand":[],"product_cat":[13255],"product_tag":[],"class_list":{"0":"post-160361","1":"product","2":"type-product","3":"status-publish","4":"has-post-thumbnail","6":"countries-by","7":"countries-cu","8":"countries-ir","9":"countries-kp","10":"countries-ru","11":"countries-sy","12":"product_cat-hutokozeg-visszanyerese","13":"pa_packaging-egyseg-hu-25","15":"first","16":"instock","17":"shipping-taxable","18":"purchasable","19":"product-type-variable"},"_links":{"self":[{"href":"https:\/\/climalife.com\/hu\/wp-json\/wp\/v2\/product\/160361","targetHints":{"allow":["GET"]}}],"collection":[{"href":"https:\/\/climalife.com\/hu\/wp-json\/wp\/v2\/product"}],"about":[{"href":"https:\/\/climalife.com\/hu\/wp-json\/wp\/v2\/types\/product"}],"replies":[{"embeddable":true,"href":"https:\/\/climalife.com\/hu\/wp-json\/wp\/v2\/comments?post=160361"}],"wp:featuredmedia":[{"embeddable":true,"href":"https:\/\/climalife.com\/hu\/wp-json\/wp\/v2\/media\/109098"}],"wp:attachment":[{"href":"https:\/\/climalife.com\/hu\/wp-json\/wp\/v2\/media?parent=160361"}],"wp:term":[{"taxonomy":"countries","embeddable":true,"href":"https:\/\/climalife.com\/hu\/wp-json\/wp\/v2\/countries?post=160361"},{"taxonomy":"product_brand","embeddable":true,"href":"https:\/\/climalife.com\/hu\/wp-json\/wp\/v2\/product_brand?post=160361"},{"taxonomy":"product_cat","embeddable":true,"href":"https:\/\/climalife.com\/hu\/wp-json\/wp\/v2\/product_cat?post=160361"},{"taxonomy":"product_tag","embeddable":true,"href":"https:\/\/climalife.com\/hu\/wp-json\/wp\/v2\/product_tag?post=160361"}],"curies":[{"name":"wp","href":"https:\/\/api.w.org\/{rel}","templated":true}]}}