{"id":160432,"date":"2022-09-28T17:42:14","date_gmt":"2022-09-28T17:42:14","guid":{"rendered":"http:\/\/climalife.com\/product\/hq-poe-a-climalife-tol\/"},"modified":"2026-02-18T07:36:16","modified_gmt":"2026-02-18T07:36:16","slug":"hq-poe-a-climalife-tol","status":"publish","type":"product","link":"https:\/\/climalife.com\/hu\/product\/hq-poe-a-climalife-tol\/","title":{"rendered":"HQ-POE term\u00e9kcsal\u00e1d"},"content":{"rendered":"<p>H\u0171t\u0151- \u00e9s l\u00e9gkondicion\u00e1l\u00f3 berendez\u00e9sekhez k\u00e9sz\u00fcltek, amelyek HFC, HFO \u00e9s HFC\/HFO kever\u00e9kekkel m\u0171k\u00f6dnek.<\/p>\n","protected":false},"excerpt":{"rendered":"<p>A Climalife HQ-POE olajok kifejezetten h\u0171t\u0151kompresszorok ken\u00e9s\u00e9re lettek kifejlesztve. K\u00fcl\u00f6nb\u00f6z\u0151 viszkozit\u00e1si oszt\u00e1lyokban kaphat\u00f3k.<\/p>\n","protected":false},"featured_media":225235,"comment_status":"open","ping_status":"closed","template":"","meta":[],"countries":[4674,4709,4756,4813,4831,4862],"product_brand":[],"product_cat":[9976,9967,9994,9940,9949,13096,13130,13061,13421,9987],"product_tag":[],"class_list":{"0":"post-160432","1":"product","2":"type-product","3":"status-publish","4":"has-post-thumbnail","6":"countries-by","7":"countries-cu","8":"countries-ir","9":"countries-kp","10":"countries-ru","11":"countries-sy","12":"product_cat-autoipar-kozlekedes","13":"product_cat-egeszseg-jolet","14":"product_cat-egyeb-iparagak","15":"product_cat-elelmiszeripar","16":"product_cat-epuletek","17":"product_cat-futes","18":"product_cat-hutestechnika","19":"product_cat-legkondicionalas","20":"product_cat-poe-hu","21":"product_cat-repulestechnika-urhajozas-vedelem","22":"pa_packaging-kanna-1-l-hu-63","23":"pa_packaging-kanna-20-l-hu-174","24":"pa_packaging-kanna-5-l-hu-35","26":"first","27":"instock","28":"shipping-taxable","29":"purchasable","30":"product-type-variable"},"_links":{"self":[{"href":"https:\/\/climalife.com\/hu\/wp-json\/wp\/v2\/product\/160432","targetHints":{"allow":["GET"]}}],"collection":[{"href":"https:\/\/climalife.com\/hu\/wp-json\/wp\/v2\/product"}],"about":[{"href":"https:\/\/climalife.com\/hu\/wp-json\/wp\/v2\/types\/product"}],"replies":[{"embeddable":true,"href":"https:\/\/climalife.com\/hu\/wp-json\/wp\/v2\/comments?post=160432"}],"wp:featuredmedia":[{"embeddable":true,"href":"https:\/\/climalife.com\/hu\/wp-json\/wp\/v2\/media\/225235"}],"wp:attachment":[{"href":"https:\/\/climalife.com\/hu\/wp-json\/wp\/v2\/media?parent=160432"}],"wp:term":[{"taxonomy":"countries","embeddable":true,"href":"https:\/\/climalife.com\/hu\/wp-json\/wp\/v2\/countries?post=160432"},{"taxonomy":"product_brand","embeddable":true,"href":"https:\/\/climalife.com\/hu\/wp-json\/wp\/v2\/product_brand?post=160432"},{"taxonomy":"product_cat","embeddable":true,"href":"https:\/\/climalife.com\/hu\/wp-json\/wp\/v2\/product_cat?post=160432"},{"taxonomy":"product_tag","embeddable":true,"href":"https:\/\/climalife.com\/hu\/wp-json\/wp\/v2\/product_tag?post=160432"}],"curies":[{"name":"wp","href":"https:\/\/api.w.org\/{rel}","templated":true}]}}