{"id":161026,"date":"2022-09-28T17:46:46","date_gmt":"2022-09-28T17:46:46","guid":{"rendered":"http:\/\/climalife.com\/product\/propan-r-290\/"},"modified":"2025-08-13T08:09:53","modified_gmt":"2025-08-13T08:09:53","slug":"propan-r-290","status":"publish","type":"product","link":"https:\/\/climalife.com\/hu\/product\/propan-r-290\/","title":{"rendered":"Prop\u00e1n R-290"},"content":{"rendered":"","protected":false},"excerpt":{"rendered":"<p>Az R-290 az R-22 helyettes\u00edt\u00e9s\u00e9re haszn\u00e1lhat\u00f3 gy\u00fal\u00e9kony sz\u00e9nhidrog\u00e9n. H\u0171t\u00e9stechnik\u00e1ban val\u00f3 alkalmaz\u00e1s\u00e1hoz tanulm\u00e1nyozza az EN-378 szabv\u00e1nyt!<\/p>\n","protected":false},"featured_media":108279,"comment_status":"open","ping_status":"closed","template":"","meta":[],"countries":[4674,4709,4756,4813,4831,4862],"product_brand":[],"product_cat":[9949,9940,9967,9994,13061,13096,13130,9778],"product_tag":[],"class_list":{"0":"post-161026","1":"product","2":"type-product","3":"status-publish","4":"has-post-thumbnail","6":"countries-by","7":"countries-cu","8":"countries-ir","9":"countries-kp","10":"countries-ru","11":"countries-sy","12":"product_cat-epuletek","13":"product_cat-elelmiszeripar","14":"product_cat-egeszseg-jolet","15":"product_cat-egyeb-iparagak","16":"product_cat-legkondicionalas","17":"product_cat-futes","18":"product_cat-hutestechnika","19":"product_cat-szenhidrogenek-hu-31","20":"pa_packaging-palack-1-i-hu-241","21":"pa_packaging-palack-27-i-hu-34","23":"first","24":"instock","25":"shipping-taxable","26":"purchasable","27":"product-type-variable"},"_links":{"self":[{"href":"https:\/\/climalife.com\/hu\/wp-json\/wp\/v2\/product\/161026","targetHints":{"allow":["GET"]}}],"collection":[{"href":"https:\/\/climalife.com\/hu\/wp-json\/wp\/v2\/product"}],"about":[{"href":"https:\/\/climalife.com\/hu\/wp-json\/wp\/v2\/types\/product"}],"replies":[{"embeddable":true,"href":"https:\/\/climalife.com\/hu\/wp-json\/wp\/v2\/comments?post=161026"}],"wp:featuredmedia":[{"embeddable":true,"href":"https:\/\/climalife.com\/hu\/wp-json\/wp\/v2\/media\/108279"}],"wp:attachment":[{"href":"https:\/\/climalife.com\/hu\/wp-json\/wp\/v2\/media?parent=161026"}],"wp:term":[{"taxonomy":"countries","embeddable":true,"href":"https:\/\/climalife.com\/hu\/wp-json\/wp\/v2\/countries?post=161026"},{"taxonomy":"product_brand","embeddable":true,"href":"https:\/\/climalife.com\/hu\/wp-json\/wp\/v2\/product_brand?post=161026"},{"taxonomy":"product_cat","embeddable":true,"href":"https:\/\/climalife.com\/hu\/wp-json\/wp\/v2\/product_cat?post=161026"},{"taxonomy":"product_tag","embeddable":true,"href":"https:\/\/climalife.com\/hu\/wp-json\/wp\/v2\/product_tag?post=161026"}],"curies":[{"name":"wp","href":"https:\/\/api.w.org\/{rel}","templated":true}]}}