{"id":161041,"date":"2022-09-28T17:46:54","date_gmt":"2022-09-28T17:46:54","guid":{"rendered":"http:\/\/climalife.com\/product\/izobutan-r-600a\/"},"modified":"2025-08-13T08:06:59","modified_gmt":"2025-08-13T08:06:59","slug":"izobutan-r-600a","status":"publish","type":"product","link":"https:\/\/climalife.com\/hu\/product\/izobutan-r-600a\/","title":{"rendered":"Izobut\u00e1n R-600a"},"content":{"rendered":"","protected":false},"excerpt":{"rendered":"<p>Az R-600a az R-12 helyettes\u00edt\u00e9s\u00e9re haszn\u00e1lhat\u00f3 gy\u00fal\u00e9kony sz\u00e9nhidrog\u00e9n. H\u0171t\u00e9stechnik\u00e1ban val\u00f3 alkalmaz\u00e1s\u00e1hoz tanulm\u00e1nyozza az EN-378-as rendeletet!<\/p>\n","protected":false},"featured_media":131913,"comment_status":"open","ping_status":"closed","template":"","meta":[],"countries":[4674,4709,4756,4813,4831,4862],"product_brand":[],"product_cat":[9940,9967,9994,13130,9778],"product_tag":[],"class_list":{"0":"post-161041","1":"product","2":"type-product","3":"status-publish","4":"has-post-thumbnail","6":"countries-by","7":"countries-cu","8":"countries-ir","9":"countries-kp","10":"countries-ru","11":"countries-sy","12":"product_cat-elelmiszeripar","13":"product_cat-egeszseg-jolet","14":"product_cat-egyeb-iparagak","15":"product_cat-hutestechnika","16":"product_cat-szenhidrogenek-hu-31","17":"pa_packaging-flakon-hu-128","18":"pa_packaging-palack-27-i-hu-34","20":"first","21":"instock","22":"shipping-taxable","23":"purchasable","24":"product-type-variable"},"_links":{"self":[{"href":"https:\/\/climalife.com\/hu\/wp-json\/wp\/v2\/product\/161041","targetHints":{"allow":["GET"]}}],"collection":[{"href":"https:\/\/climalife.com\/hu\/wp-json\/wp\/v2\/product"}],"about":[{"href":"https:\/\/climalife.com\/hu\/wp-json\/wp\/v2\/types\/product"}],"replies":[{"embeddable":true,"href":"https:\/\/climalife.com\/hu\/wp-json\/wp\/v2\/comments?post=161041"}],"wp:featuredmedia":[{"embeddable":true,"href":"https:\/\/climalife.com\/hu\/wp-json\/wp\/v2\/media\/131913"}],"wp:attachment":[{"href":"https:\/\/climalife.com\/hu\/wp-json\/wp\/v2\/media?parent=161041"}],"wp:term":[{"taxonomy":"countries","embeddable":true,"href":"https:\/\/climalife.com\/hu\/wp-json\/wp\/v2\/countries?post=161041"},{"taxonomy":"product_brand","embeddable":true,"href":"https:\/\/climalife.com\/hu\/wp-json\/wp\/v2\/product_brand?post=161041"},{"taxonomy":"product_cat","embeddable":true,"href":"https:\/\/climalife.com\/hu\/wp-json\/wp\/v2\/product_cat?post=161041"},{"taxonomy":"product_tag","embeddable":true,"href":"https:\/\/climalife.com\/hu\/wp-json\/wp\/v2\/product_tag?post=161041"}],"curies":[{"name":"wp","href":"https:\/\/api.w.org\/{rel}","templated":true}]}}