{"id":161067,"date":"2022-09-28T17:47:01","date_gmt":"2022-09-28T17:47:01","guid":{"rendered":"http:\/\/climalife.com\/product\/ammonia\/"},"modified":"2024-05-10T12:51:06","modified_gmt":"2024-05-10T12:51:06","slug":"ammonia","status":"publish","type":"product","link":"https:\/\/climalife.com\/hu\/product\/ammonia\/","title":{"rendered":"Amm\u00f3nia (R-717)"},"content":{"rendered":"<p>Az amm\u00f3ni\u00e1t (R-717) egyar\u00e1nt lehet abszorpci\u00f3s \u00e9s kompresszi\u00f3s rendszerekben haszn\u00e1lni. Els\u0151sorban ipari berendez\u00e9sekbe val\u00f3, amelyek csavarral \u00e9s dugatty\u00faval m\u0171k\u00f6d\u0151 kompresszorral vannak ell\u00e1tva.<\/p>\n","protected":false},"excerpt":{"rendered":"<p>Az amm\u00f3nia (NH3) besorol\u00e1sa L2 (m\u00e9rgez\u0151). Alkalmaz\u00e1sa valamint sz\u00e1ll\u00edt\u00e1sa csak sz\u00e1mos biztons\u00e1gi szab\u00e1ly \u00e9s rendelet betart\u00e1sa mellett lehets\u00e9ges.<\/p>\n","protected":false},"featured_media":107964,"comment_status":"open","ping_status":"closed","template":"","meta":[],"countries":[4674,4709,4756,4813,4831,4854,4862],"product_brand":[],"product_cat":[9751,9994,9940,13096,13130],"product_tag":[],"class_list":{"0":"post-161067","1":"product","2":"type-product","3":"status-publish","4":"has-post-thumbnail","6":"countries-by","7":"countries-cu","8":"countries-ir","9":"countries-kp","10":"countries-ru","11":"countries-es","12":"countries-sy","13":"product_cat-ammonia-hutokozegek","14":"product_cat-egyeb-iparagak","15":"product_cat-elelmiszeripar","16":"product_cat-futes","17":"product_cat-hutestechnika","18":"pa_packaging-palack-88-l-hu-122","19":"pa_packaging-palack-88-l-merulocsoves","20":"pa_packaging-tartaly-930-l-hu-76","22":"first","23":"instock","24":"shipping-taxable","25":"purchasable","26":"product-type-variable"},"_links":{"self":[{"href":"https:\/\/climalife.com\/hu\/wp-json\/wp\/v2\/product\/161067","targetHints":{"allow":["GET"]}}],"collection":[{"href":"https:\/\/climalife.com\/hu\/wp-json\/wp\/v2\/product"}],"about":[{"href":"https:\/\/climalife.com\/hu\/wp-json\/wp\/v2\/types\/product"}],"replies":[{"embeddable":true,"href":"https:\/\/climalife.com\/hu\/wp-json\/wp\/v2\/comments?post=161067"}],"wp:featuredmedia":[{"embeddable":true,"href":"https:\/\/climalife.com\/hu\/wp-json\/wp\/v2\/media\/107964"}],"wp:attachment":[{"href":"https:\/\/climalife.com\/hu\/wp-json\/wp\/v2\/media?parent=161067"}],"wp:term":[{"taxonomy":"countries","embeddable":true,"href":"https:\/\/climalife.com\/hu\/wp-json\/wp\/v2\/countries?post=161067"},{"taxonomy":"product_brand","embeddable":true,"href":"https:\/\/climalife.com\/hu\/wp-json\/wp\/v2\/product_brand?post=161067"},{"taxonomy":"product_cat","embeddable":true,"href":"https:\/\/climalife.com\/hu\/wp-json\/wp\/v2\/product_cat?post=161067"},{"taxonomy":"product_tag","embeddable":true,"href":"https:\/\/climalife.com\/hu\/wp-json\/wp\/v2\/product_tag?post=161067"}],"curies":[{"name":"wp","href":"https:\/\/api.w.org\/{rel}","templated":true}]}}