{"id":161145,"date":"2022-09-28T17:47:23","date_gmt":"2022-09-28T17:47:23","guid":{"rendered":"http:\/\/climalife.com\/product\/bitzer-b-5-2\/"},"modified":"2025-06-05T13:06:29","modified_gmt":"2025-06-05T13:06:29","slug":"bitzer-b-5-2","status":"publish","type":"product","link":"https:\/\/climalife.com\/hu\/product\/bitzer-b-5-2\/","title":{"rendered":"Bitzer B 5.2"},"content":{"rendered":"<p>A HCFC (R-22) h\u0171t\u0151kzeges BITZER csavarkompresszorok eredetileg Bitzer B5.2 h\u0171t\u0151kompresszor olajjal vannak felt\u00f6ltve.<\/p>\n","protected":false},"excerpt":{"rendered":"<p>F\u00e9lszintetikus olaj csavarkompresszorokhoz.<\/p>\n","protected":false},"featured_media":108189,"comment_status":"open","ping_status":"closed","template":"","meta":[],"countries":[4674,4709,4756,4813,4831,4862],"product_brand":[],"product_cat":[13430,9976,9967,9994,9940,9958,9949,13096,13130,13061,9987],"product_tag":[],"class_list":{"0":"post-161145","1":"product","2":"type-product","3":"status-publish","4":"has-post-thumbnail","6":"countries-by","7":"countries-cu","8":"countries-ir","9":"countries-kp","10":"countries-ru","11":"countries-sy","12":"product_cat-ab-hu","13":"product_cat-autoipar-kozlekedes","14":"product_cat-egeszseg-jolet","15":"product_cat-egyeb-iparagak","16":"product_cat-elelmiszeripar","17":"product_cat-energia","18":"product_cat-epuletek","19":"product_cat-futes","20":"product_cat-hutestechnika","21":"product_cat-legkondicionalas","22":"product_cat-repulestechnika-urhajozas-vedelem","23":"pa_packaging-kanna-5-l-hu-35","25":"first","26":"instock","27":"shipping-taxable","28":"purchasable","29":"product-type-variable"},"_links":{"self":[{"href":"https:\/\/climalife.com\/hu\/wp-json\/wp\/v2\/product\/161145","targetHints":{"allow":["GET"]}}],"collection":[{"href":"https:\/\/climalife.com\/hu\/wp-json\/wp\/v2\/product"}],"about":[{"href":"https:\/\/climalife.com\/hu\/wp-json\/wp\/v2\/types\/product"}],"replies":[{"embeddable":true,"href":"https:\/\/climalife.com\/hu\/wp-json\/wp\/v2\/comments?post=161145"}],"wp:featuredmedia":[{"embeddable":true,"href":"https:\/\/climalife.com\/hu\/wp-json\/wp\/v2\/media\/108189"}],"wp:attachment":[{"href":"https:\/\/climalife.com\/hu\/wp-json\/wp\/v2\/media?parent=161145"}],"wp:term":[{"taxonomy":"countries","embeddable":true,"href":"https:\/\/climalife.com\/hu\/wp-json\/wp\/v2\/countries?post=161145"},{"taxonomy":"product_brand","embeddable":true,"href":"https:\/\/climalife.com\/hu\/wp-json\/wp\/v2\/product_brand?post=161145"},{"taxonomy":"product_cat","embeddable":true,"href":"https:\/\/climalife.com\/hu\/wp-json\/wp\/v2\/product_cat?post=161145"},{"taxonomy":"product_tag","embeddable":true,"href":"https:\/\/climalife.com\/hu\/wp-json\/wp\/v2\/product_tag?post=161145"}],"curies":[{"name":"wp","href":"https:\/\/api.w.org\/{rel}","templated":true}]}}