{"id":161151,"date":"2022-09-28T17:47:31","date_gmt":"2022-09-28T17:47:31","guid":{"rendered":"http:\/\/climalife.com\/product\/r-1270-propilen\/"},"modified":"2025-08-13T08:04:16","modified_gmt":"2025-08-13T08:04:16","slug":"r-1270-propilen","status":"publish","type":"product","link":"https:\/\/climalife.com\/hu\/product\/r-1270-propilen\/","title":{"rendered":"R-1270 (Propil\u00e9n)"},"content":{"rendered":"<p>Az R-1270-et a berendez\u00e9shez igaz\u00edtott olajjal (\u00e1sv\u00e1nyi, polialfaolefin, polialkil\u00e9nglikol stb.) egy\u00fctt haszn\u00e1lj\u00e1k, ez\u00e9rt c\u00e9lszer\u0171 ellen\u0151rizni a kiv\u00e1lasztott olaj viszkozit\u00e1s\u00e1t az alkalmaz\u00e1snak \u00e9s az elegyedhet\u0151s\u00e9gnek megfelel\u0151en.<\/p>\n","protected":false},"excerpt":{"rendered":"<p>Az R-1270 (propil\u00e9n) egy A3 (rendk\u00edv\u00fcl gy\u00fal\u00e9kony) sz\u00e9nhidrog\u00e9n, amelyet ipari h\u0171t\u00e9si alkalmaz\u00e1sokban haszn\u00e1lnak.<\/p>\n","protected":false},"featured_media":131886,"comment_status":"open","ping_status":"closed","template":"","meta":[],"countries":[4674,4709,4756,4813,4831,4862],"product_brand":[],"product_cat":[9940,9994,13130,9778],"product_tag":[],"class_list":{"0":"post-161151","1":"product","2":"type-product","3":"status-publish","4":"has-post-thumbnail","6":"countries-by","7":"countries-cu","8":"countries-ir","9":"countries-kp","10":"countries-ru","11":"countries-sy","12":"product_cat-elelmiszeripar","13":"product_cat-egyeb-iparagak","14":"product_cat-hutestechnika","15":"product_cat-szenhidrogenek-hu-31","16":"pa_packaging-12-l-en-132","17":"pa_packaging-fut-112-l-en-350","18":"pa_packaging-fut-148-l-en-349","19":"pa_packaging-tartaly-930-l-hu-76","21":"first","22":"instock","23":"shipping-taxable","24":"purchasable","25":"product-type-variable"},"_links":{"self":[{"href":"https:\/\/climalife.com\/hu\/wp-json\/wp\/v2\/product\/161151","targetHints":{"allow":["GET"]}}],"collection":[{"href":"https:\/\/climalife.com\/hu\/wp-json\/wp\/v2\/product"}],"about":[{"href":"https:\/\/climalife.com\/hu\/wp-json\/wp\/v2\/types\/product"}],"replies":[{"embeddable":true,"href":"https:\/\/climalife.com\/hu\/wp-json\/wp\/v2\/comments?post=161151"}],"wp:featuredmedia":[{"embeddable":true,"href":"https:\/\/climalife.com\/hu\/wp-json\/wp\/v2\/media\/131886"}],"wp:attachment":[{"href":"https:\/\/climalife.com\/hu\/wp-json\/wp\/v2\/media?parent=161151"}],"wp:term":[{"taxonomy":"countries","embeddable":true,"href":"https:\/\/climalife.com\/hu\/wp-json\/wp\/v2\/countries?post=161151"},{"taxonomy":"product_brand","embeddable":true,"href":"https:\/\/climalife.com\/hu\/wp-json\/wp\/v2\/product_brand?post=161151"},{"taxonomy":"product_cat","embeddable":true,"href":"https:\/\/climalife.com\/hu\/wp-json\/wp\/v2\/product_cat?post=161151"},{"taxonomy":"product_tag","embeddable":true,"href":"https:\/\/climalife.com\/hu\/wp-json\/wp\/v2\/product_tag?post=161151"}],"curies":[{"name":"wp","href":"https:\/\/api.w.org\/{rel}","templated":true}]}}