{"id":161167,"date":"2022-09-28T17:47:38","date_gmt":"2022-09-28T17:47:38","guid":{"rendered":"http:\/\/climalife.com\/product\/fk-5-1-12\/"},"modified":"2026-02-20T12:57:55","modified_gmt":"2026-02-20T12:57:55","slug":"fk-5-1-12","status":"publish","type":"product","link":"https:\/\/climalife.com\/hu\/product\/fk-5-1-12\/","title":{"rendered":"FK-5-1-12"},"content":{"rendered":"<p>Nem gy\u00fal\u00e9kony, \u00edgy sz\u00e1mos lehet\u0151s\u00e9get k\u00edn\u00e1l a biztons\u00e1gi k\u00f6vetelm\u00e9nyeket (szab\u00e1lyoz\u00e1si, vesz\u00e9lyes \u00e9s\/vagy z\u00e1rt k\u00f6rnyezet) el\u0151\u00edr\u00f3 k\u00e9sz\u00edtm\u00e9nyekben val\u00f3 felhaszn\u00e1l\u00e1sra.<\/p>\n<p>&nbsp;<\/p>\n<p>\u00dczembehelyez\u00e9se nem ig\u00e9nyel k\u00fcl\u00f6n\u00f6sebb beruh\u00e1z\u00e1st a biztons\u00e1gi berendez\u00e9sek (ATEX) tekintet\u00e9ben. A leg\u00e9rz\u00e9kenyebb k\u00f6rnyezetekben is hat\u00e9kony, p\u00e9ld\u00e1ul adatk\u00f6zpontokban, bankokban, k\u00f3rh\u00e1zakban, m\u00fazeumokban stb., ahol \u00e9rt\u00e9kes eszk\u00f6z\u00f6k k\u00e1rosodhatnak egy v\u00edzalap\u00fa t\u0171zolt\u00f3 k\u00e9sz\u00fcl\u00e9k permetez\u00e9se \u00e1ltal.<\/p>\n<p>&nbsp;<\/p>\n<p>Az FK-5-1-12 nem hagy maradv\u00e1nyokat a berendez\u00e9sen, \u00e9s nagy dielektromos egy\u00fctthat\u00f3val rendelkezik. A HFC-k piacr\u00f3l val\u00f3 progressz\u00edv kivon\u00e1sakor ez az olt\u00f3anyag t\u00f6k\u00e9letesen helyettes\u00edti az R-227ea-t, jelent\u0151sen cs\u00f6kkentve annak glob\u00e1lis felmeleged\u00e9sre gyakorolt hat\u00e1s\u00e1t.<\/p>\n","protected":false},"excerpt":{"rendered":"<p>Az FK-5-1-12 egy \u201eUL recognized\u201d\u00a0 (UL \u00e1ltal elismert) olt\u00f3anyag (EX16326), amelyet t\u0171zolt\u00f3 k\u00e9sz\u00fcl\u00e9kekhez \u00e9s t\u0171zolt\u00f3 rendszerekhez haszn\u00e1lnak.<\/p>\n<p>\u00d6sszet\u00e9tele \u2013 a fluorozott keton \u2013 egy olyan molekula, amely lehet\u0151v\u00e9 teszi, hogy megfeleljen az F-g\u00e1z rendeletnek, k\u00f6sz\u00f6nhet\u0151en az 1-n\u00e9l alacsonyabb GWP-nek, ami ide\u00e1lis v\u00e1laszt\u00e1ss\u00e1 teszi a v\u00e1s\u00e1rl\u00f3k \u00e9s hossz\u00fa t\u00e1von bolyg\u00f3nk sz\u00e1m\u00e1ra is.<\/p>\n","protected":false},"featured_media":214669,"comment_status":"open","ping_status":"closed","template":"","meta":[],"countries":[4674,4709,4756,4813,4831,4862],"product_brand":[],"product_cat":[9987,9976,9949,9958,9994,13087,9259],"product_tag":[],"class_list":{"0":"post-161167","1":"product","2":"type-product","3":"status-publish","4":"has-post-thumbnail","6":"countries-by","7":"countries-cu","8":"countries-ir","9":"countries-kp","10":"countries-ru","11":"countries-sy","12":"product_cat-repulestechnika-urhajozas-vedelem","13":"product_cat-autoipar-kozlekedes","14":"product_cat-epuletek","15":"product_cat-energia","16":"product_cat-egyeb-iparagak","17":"product_cat-tuzvedelem","18":"product_cat-fk-tuzolto-gazok","19":"pa_packaging-hordo-217-i-hu-30","21":"first","22":"instock","23":"shipping-taxable","24":"purchasable","25":"product-type-variable"},"_links":{"self":[{"href":"https:\/\/climalife.com\/hu\/wp-json\/wp\/v2\/product\/161167","targetHints":{"allow":["GET"]}}],"collection":[{"href":"https:\/\/climalife.com\/hu\/wp-json\/wp\/v2\/product"}],"about":[{"href":"https:\/\/climalife.com\/hu\/wp-json\/wp\/v2\/types\/product"}],"replies":[{"embeddable":true,"href":"https:\/\/climalife.com\/hu\/wp-json\/wp\/v2\/comments?post=161167"}],"wp:featuredmedia":[{"embeddable":true,"href":"https:\/\/climalife.com\/hu\/wp-json\/wp\/v2\/media\/214669"}],"wp:attachment":[{"href":"https:\/\/climalife.com\/hu\/wp-json\/wp\/v2\/media?parent=161167"}],"wp:term":[{"taxonomy":"countries","embeddable":true,"href":"https:\/\/climalife.com\/hu\/wp-json\/wp\/v2\/countries?post=161167"},{"taxonomy":"product_brand","embeddable":true,"href":"https:\/\/climalife.com\/hu\/wp-json\/wp\/v2\/product_brand?post=161167"},{"taxonomy":"product_cat","embeddable":true,"href":"https:\/\/climalife.com\/hu\/wp-json\/wp\/v2\/product_cat?post=161167"},{"taxonomy":"product_tag","embeddable":true,"href":"https:\/\/climalife.com\/hu\/wp-json\/wp\/v2\/product_tag?post=161167"}],"curies":[{"name":"wp","href":"https:\/\/api.w.org\/{rel}","templated":true}]}}