{"id":161180,"date":"2022-09-28T17:47:46","date_gmt":"2022-09-28T17:47:46","guid":{"rendered":"http:\/\/climalife.com\/product\/greenway-neo-heat-pump-n-felhasznalasra-kesz\/"},"modified":"2025-08-13T08:01:33","modified_gmt":"2025-08-13T08:01:33","slug":"greenway-neo-heat-pump-n-felhasznalasra-kesz","status":"publish","type":"product","link":"https:\/\/climalife.com\/hu\/product\/greenway-neo-heat-pump-n-felhasznalasra-kesz\/","title":{"rendered":"Greenway\u00ae Neo Heat Pump N felhaszn\u00e1l\u00e1sra k\u00e9sz"},"content":{"rendered":"<div id=\"reference-content\" class=\"textarea mce-content-body\">\n<p>&nbsp;<\/p>\n<p><span class=\"VIiyi\" lang=\"hu\"><span class=\"JLqJ4b ChMk0b\" data-language-for-alternatives=\"hu\" data-language-to-translate-into=\"fr\" data-phrase-index=\"0\">A felhaszn\u00e1lt alapanyag n\u00f6v\u00e9nyi eredet\u0171 (1,3-prop\u00e1ndiol), ez\u00e1ltal a rendszer sziv\u00e1rg\u00e1sa eset\u00e9n jelent\u0151sen cs\u00f6kken a talaj vagy a l\u00e9gk\u00f6r szennyez\u00e9s\u00e9nek kock\u00e1zata.<\/span><\/span><\/p>\n<\/div>\n<div class=\"textarea mce-content-body\">\n<p>&nbsp;<\/p>\n<div class=\"textarea mce-content-body\">A k\u00f6zvet\u00edt\u0151k\u00f6zeg:<\/div>\n<div class=\"textarea mce-content-body\">\u00a0 \u00a0 <span class=\"wdg-select-all-ok\">\u2022<\/span><span class=\"wdg-select-all-ok\"> \u00a0 <\/span>Biol\u00f3giailag lebomlik<\/div>\n<div class=\"textarea mce-content-body\">\u00a0 \u00a0 <span class=\"wdg-select-all-ok\">\u2022<\/span><span class=\"wdg-select-all-ok\"> \u00a0 <\/span>Bakteriosztatikus<\/div>\n<div class=\"textarea mce-content-body\">\u00a0 \u00a0 <span class=\"wdg-select-all-ok\">\u2022<\/span><span class=\"wdg-select-all-ok\"> \u00a0 <\/span>Hat\u00e9kony hibrid inhibitorokat tartalmaz<\/div>\n<div class=\"textarea mce-content-body\"><\/div>\n<div class=\"textarea mce-content-body\"><span class=\"VIiyi\" lang=\"hu\"><span class=\"JLqJ4b ChMk0b\" data-language-for-alternatives=\"hu\" data-language-to-translate-into=\"fr\" data-phrase-index=\"0\">A term\u00e9k forgalomba hozatal\u00e1nak felt\u00e9teleir\u0151l sz\u00f3l\u00f3, 2019. janu\u00e1r 14-i francia rendelet szerint keser\u0171 adal\u00e9kot tartalmaz, ugyanis\u00a0az emberi fogyaszt\u00e1sra sz\u00e1nt v\u00edz h\u0151kezel\u00e9s\u00e9re szolg\u00e1l\u00f3 berendez\u00e9sekben ker\u00fcl felhaszn\u00e1l\u00e1sra.<\/span> <\/span><\/div>\n<div class=\"textarea mce-content-body\"><\/div>\n<\/div>\n","protected":false},"excerpt":{"rendered":"<p>A Greenway\u00ae Neo Heat Pump meg\u00fajul\u00f3, n\u00f6v\u00e9nyi eredet\u0171 1,3 prop\u00e1ndiolt \u00e9s korr\u00f3zi\u00f3g\u00e1tl\u00f3 adal\u00e9kokat tartalmaz\u00f3, felhaszn\u00e1l\u00e1sra k\u00e9sz k\u00f6zvet\u00edt\u0151k\u00f6zeg, amely k\u00fcl\u00f6n\u00f6sen alkalmas geotermikus (f\u00f6ld alatti h\u00e1l\u00f3zattal rendelkez\u0151), leveg\u0151-vizes aerotermikus h\u0151szivatty\u00fa rendszerekhez.<\/p>\n<p>A Greenway\u00ae Neo Heat Pump N hat\u00e9kony v\u00e9delmet ny\u00fajt fagyvesz\u00e9ly ellen \u00e9s megg\u00e1tolja az iszapk\u00e9pz\u0151d\u00e9st a cs\u0151rendszerben.<\/p>\n","protected":false},"featured_media":129330,"comment_status":"open","ping_status":"closed","template":"","meta":[],"countries":[4674,4709,4756,4813,4831,4862],"product_brand":[],"product_cat":[9949,9958,9994,13061,13096,13139,13519],"product_tag":[],"class_list":{"0":"post-161180","1":"product","2":"type-product","3":"status-publish","4":"has-post-thumbnail","6":"countries-by","7":"countries-cu","8":"countries-ir","9":"countries-kp","10":"countries-ru","11":"countries-sy","12":"product_cat-epuletek","13":"product_cat-energia","14":"product_cat-egyeb-iparagak","15":"product_cat-legkondicionalas","16":"product_cat-futes","17":"product_cat-megujulo-energia","18":"product_cat-novenyi-eredetu","19":"pa_packaging-hordo-210-i-hu-28","20":"pa_packaging-kanna-20-l-hu-36","21":"pa_protection-18c-hu-145","22":"pa_protection-20c-hu-146","23":"pa_protection-25c-hu-233","25":"first","26":"instock","27":"shipping-taxable","28":"purchasable","29":"product-type-variable"},"_links":{"self":[{"href":"https:\/\/climalife.com\/hu\/wp-json\/wp\/v2\/product\/161180","targetHints":{"allow":["GET"]}}],"collection":[{"href":"https:\/\/climalife.com\/hu\/wp-json\/wp\/v2\/product"}],"about":[{"href":"https:\/\/climalife.com\/hu\/wp-json\/wp\/v2\/types\/product"}],"replies":[{"embeddable":true,"href":"https:\/\/climalife.com\/hu\/wp-json\/wp\/v2\/comments?post=161180"}],"wp:featuredmedia":[{"embeddable":true,"href":"https:\/\/climalife.com\/hu\/wp-json\/wp\/v2\/media\/129330"}],"wp:attachment":[{"href":"https:\/\/climalife.com\/hu\/wp-json\/wp\/v2\/media?parent=161180"}],"wp:term":[{"taxonomy":"countries","embeddable":true,"href":"https:\/\/climalife.com\/hu\/wp-json\/wp\/v2\/countries?post=161180"},{"taxonomy":"product_brand","embeddable":true,"href":"https:\/\/climalife.com\/hu\/wp-json\/wp\/v2\/product_brand?post=161180"},{"taxonomy":"product_cat","embeddable":true,"href":"https:\/\/climalife.com\/hu\/wp-json\/wp\/v2\/product_cat?post=161180"},{"taxonomy":"product_tag","embeddable":true,"href":"https:\/\/climalife.com\/hu\/wp-json\/wp\/v2\/product_tag?post=161180"}],"curies":[{"name":"wp","href":"https:\/\/api.w.org\/{rel}","templated":true}]}}