{"id":161191,"date":"2022-09-28T17:47:55","date_gmt":"2022-09-28T17:47:55","guid":{"rendered":"http:\/\/climalife.com\/product\/greenway-neo-solar-n-felhasznalasra-kesz\/"},"modified":"2026-02-06T07:33:27","modified_gmt":"2026-02-06T07:33:27","slug":"greenway-neo-solar-n-felhasznalasra-kesz","status":"publish","type":"product","link":"https:\/\/climalife.com\/hu\/product\/greenway-neo-solar-n-felhasznalasra-kesz\/","title":{"rendered":"Greenway\u00ae Neo Solar N felhaszn\u00e1l\u00e1sra k\u00e9sz"},"content":{"rendered":"<div class=\"textarea mce-content-body\"><\/div>\n<div class=\"textarea mce-content-body\">Ennek a k\u00f6zvet\u00edt\u0151k\u00f6zegnek alacsony a lebonthat\u00f3s\u00e1ga \u2013 ami lass\u00edtja az \u00f6reged\u00e9s\u00e9t \u2013, v\u00e9delmet biztos\u00edt periodikus le\u00e1ll\u00e1sok idej\u00e9re, g\u00e1tolja a rendszerek \u2018k\u00e1tr\u00e1nyosod\u00e1s\u00e1t\u2019.<\/div>\n<div class=\"textarea mce-content-body\"><\/div>\n<div class=\"textarea mce-content-body\"><span class=\"VIiyi\" lang=\"hu\"><span class=\"VIiyi\" lang=\"hu\"><span class=\"JLqJ4b ChMk0b\" data-language-for-alternatives=\"hu\" data-language-to-translate-into=\"fr\" data-phrase-index=\"0\">A k\u00f6zvet\u00edt\u0151k\u00f6zeg<\/span><\/span><\/span>:<\/div>\n<div class=\"textarea mce-content-body\">\u00a0 \u00a0 <span class=\"wdg-select-all-ok\">\u2022<\/span><span class=\"wdg-select-all-ok\"> \u00a0 <\/span> Biodl\u00f3giailag lebomlik<\/div>\n<div class=\"textarea mce-content-body\">\u00a0 \u00a0 <span class=\"wdg-select-all-ok\">\u2022<\/span><span class=\"wdg-select-all-ok\"> \u00a0 <\/span>Bakteriosztatikus<\/div>\n<div class=\"textarea mce-content-body\">\u00a0 \u00a0 <span class=\"wdg-select-all-ok\">\u2022<\/span><span class=\"wdg-select-all-ok\"> \u00a0 <\/span>Hat\u00e9kony hibrid inhibitorokat tartalmaz<\/div>\n<div class=\"textarea mce-content-body\"><\/div>\n<div class=\"textarea mce-content-body\"><span class=\"VIiyi\" lang=\"hu\"><span class=\"JLqJ4b ChMk0b\" data-language-for-alternatives=\"hu\" data-language-to-translate-into=\"fr\" data-phrase-index=\"2\">Nem tartalmaz biocidot, ill\u00e9kony szerves vegy\u00fcletet, \u00e9s b\u00f3raxot sem (a 30. eur\u00f3pai ATP szerint m\u00e9rgez\u0151nek min\u0151s\u00edtett adal\u00e9kanyag).<\/span> <span class=\"JLqJ4b ChMk0b\" data-language-for-alternatives=\"hu\" data-language-to-translate-into=\"fr\" data-phrase-index=\"3\">A H-OAT (semleges\u00edtett karbonsavak) korr\u00f3zi\u00f3g\u00e1tl\u00f3 adal\u00e9k nitrit- \u00e9s aminmentes.<\/span><\/span><\/div>\n","protected":false},"excerpt":{"rendered":"<p>A Greenway\u00ae Neo Solar N n\u00f6v\u00e9nyi eredet\u0171 1,3 prop\u00e1ndiolt \u00e9s korr\u00f3zi\u00f3g\u00e1tl\u00f3 adal\u00e9kokat tartalmaz\u00f3, felhaszn\u00e1l\u00e1sra k\u00e9sz k\u00f6zvet\u00edt\u0151k\u00f6zeg, mely k\u00fcl\u00f6n\u00f6sen alkalmas haszn\u00e1lati melegv\u00edz el\u0151\u00e1ll\u00edt\u00e1s\u00e1ra napenergi\u00e1t hasznos\u00edt\u00f3 rendszerekben k\u00f6zepes (s\u00edkkollektor) \u00e9s magas h\u0151m\u00e9rs\u00e9kleten (v\u00e1kuumcs\u00f6ves napkollektor).<\/p>\n<p>Greenway\u00ae Neo Solar N hat\u00e9kony v\u00e9delmet ny\u00fajt fagyvesz\u00e9ly ellen \u00e9s megg\u00e1tolja az iszapk\u00e9pz\u0151d\u00e9st a cs\u0151rendszerben.<\/p>\n","protected":false},"featured_media":129285,"comment_status":"open","ping_status":"closed","template":"","meta":[],"countries":[4674,4709,4756,4813,4831,4862],"product_brand":[],"product_cat":[9949,9958,9994,13096,13139,13519],"product_tag":[],"class_list":{"0":"post-161191","1":"product","2":"type-product","3":"status-publish","4":"has-post-thumbnail","6":"countries-by","7":"countries-cu","8":"countries-ir","9":"countries-kp","10":"countries-ru","11":"countries-sy","12":"product_cat-epuletek","13":"product_cat-energia","14":"product_cat-egyeb-iparagak","15":"product_cat-futes","16":"product_cat-megujulo-energia","17":"product_cat-novenyi-eredetu","18":"pa_packaging-hordo-210-i-hu-28","19":"pa_packaging-kanna-20-l-hu-36","20":"pa_protection-20c-hu-146","21":"pa_protection-25c-hu-233","22":"pa_protection-30c-hu-159","24":"first","25":"instock","26":"shipping-taxable","27":"purchasable","28":"product-type-variable"},"_links":{"self":[{"href":"https:\/\/climalife.com\/hu\/wp-json\/wp\/v2\/product\/161191","targetHints":{"allow":["GET"]}}],"collection":[{"href":"https:\/\/climalife.com\/hu\/wp-json\/wp\/v2\/product"}],"about":[{"href":"https:\/\/climalife.com\/hu\/wp-json\/wp\/v2\/types\/product"}],"replies":[{"embeddable":true,"href":"https:\/\/climalife.com\/hu\/wp-json\/wp\/v2\/comments?post=161191"}],"wp:featuredmedia":[{"embeddable":true,"href":"https:\/\/climalife.com\/hu\/wp-json\/wp\/v2\/media\/129285"}],"wp:attachment":[{"href":"https:\/\/climalife.com\/hu\/wp-json\/wp\/v2\/media?parent=161191"}],"wp:term":[{"taxonomy":"countries","embeddable":true,"href":"https:\/\/climalife.com\/hu\/wp-json\/wp\/v2\/countries?post=161191"},{"taxonomy":"product_brand","embeddable":true,"href":"https:\/\/climalife.com\/hu\/wp-json\/wp\/v2\/product_brand?post=161191"},{"taxonomy":"product_cat","embeddable":true,"href":"https:\/\/climalife.com\/hu\/wp-json\/wp\/v2\/product_cat?post=161191"},{"taxonomy":"product_tag","embeddable":true,"href":"https:\/\/climalife.com\/hu\/wp-json\/wp\/v2\/product_tag?post=161191"}],"curies":[{"name":"wp","href":"https:\/\/api.w.org\/{rel}","templated":true}]}}