{"id":161203,"date":"2022-09-28T17:48:04","date_gmt":"2022-09-28T17:48:04","guid":{"rendered":"http:\/\/climalife.com\/product\/greenway-neo-n-felhasznalasra-kesz\/"},"modified":"2025-08-13T07:55:54","modified_gmt":"2025-08-13T07:55:54","slug":"greenway-neo-n-felhasznalasra-kesz","status":"publish","type":"product","link":"https:\/\/climalife.com\/hu\/product\/greenway-neo-n-felhasznalasra-kesz\/","title":{"rendered":"Greenway\u00ae Neo N felhaszn\u00e1l\u00e1sra k\u00e9sz"},"content":{"rendered":"<div class=\"mce-content-body\"><span lang=\"hu\">A Greenway\u00ae Neo N NSF HT1 min\u0151s\u00edt\u00e9ssel rendelkezik, ami azt jelenti, hogy k\u00f6zvet\u00edt\u0151k\u00f6zegk\u00e9nt haszn\u00e1lhat\u00f3 olyan rendszerekben, ahol az anyag v\u00e9letlen \u00e9rintkez\u00e9sbe ker\u00fclhet \u00e9lelmiszerekkel.<br \/>\n<\/span><br \/>\nA k\u00f6zvet\u00edt\u0151k\u00f6zeg:<br \/>\nBiol\u00f3giailag lebomlik<br \/>\nBakteriosztatikus<br \/>\n<span lang=\"hu\">Hat\u00e9kony hibrid inhibitorokat tartalmaz<\/span><\/div>\n<div class=\"mce-content-body\"><\/div>\n<div class=\"textarea mce-content-body\"><span lang=\"hu\">Az 1,3-prop\u00e1ndiol, n\u00f6v\u00e9nyi eredet\u0171 nyersanyag, viszkozit\u00e1sa alacsonyabb mint a monopropil\u00e9n glikol\u00e9 (MPG).<\/span><span class=\"VIiyi\" lang=\"hu\"><span class=\"JLqJ4b ChMk0b\" data-language-for-alternatives=\"hu\" data-language-to-translate-into=\"fr\" data-phrase-index=\"3\"><br \/>\n<\/span><\/span><\/div>\n","protected":false},"excerpt":{"rendered":"<p>A Greenway\u00ae Neo N n\u00f6v\u00e9nyi eredet\u0171 k\u00f6zvet\u00edt\u0151k\u00f6zeg (1,3-prop\u00e1ndiol \u00e9s korr\u00f3zi\u00f3g\u00e1tl\u00f3 adal\u00e9kok) h\u0171t\u0151- \u00e9s kl\u00edmarendszerekhez, t\u0171zolt\u00f3 rendszerekhez, k\u00f6zponti f\u0171t\u00e9shez, valamint fel\u00fcletf\u0171t\u00e9shez\/h\u0171t\u00e9shez.A Greenway\u00ae Neo N nagyon hat\u00e9kony v\u00e9delmet ny\u00fajt fagyvesz\u00e9ly ellen, \u00e9s\u00a0g\u00e1tolja az iszapk\u00e9pz\u0151d\u00e9st.<\/p>\n","protected":false},"featured_media":129267,"comment_status":"open","ping_status":"closed","template":"","meta":[],"countries":[4674,4709,4756,4813,4831,4862],"product_brand":[],"product_cat":[9987,9949,9958,9940,9967,9994,13061,13087,13130,13519],"product_tag":[],"class_list":{"0":"post-161203","1":"product","2":"type-product","3":"status-publish","4":"has-post-thumbnail","6":"countries-by","7":"countries-cu","8":"countries-ir","9":"countries-kp","10":"countries-ru","11":"countries-sy","12":"product_cat-repulestechnika-urhajozas-vedelem","13":"product_cat-epuletek","14":"product_cat-energia","15":"product_cat-elelmiszeripar","16":"product_cat-egeszseg-jolet","17":"product_cat-egyeb-iparagak","18":"product_cat-legkondicionalas","19":"product_cat-tuzvedelem","20":"product_cat-hutestechnika","21":"product_cat-novenyi-eredetu","22":"pa_packaging-hordo-210-i-hu-28","23":"pa_packaging-kanna-20-l-hu-36","24":"pa_packaging-tartaly-1000-kg-hu-139","25":"pa_packaging-tartalyautos-10-tonna-hu-140","26":"pa_packaging-tartalyautos20-tonna-hu-141","27":"pa_protection-13-c-hu-151","28":"pa_protection-18c-hu-145","29":"pa_protection-25c-hu-233","30":"pa_protection-30c-hu-159","31":"pa_protection-35c-hu-163","32":"pa_protection-39c-hu-155","34":"first","35":"instock","36":"shipping-taxable","37":"purchasable","38":"product-type-variable"},"_links":{"self":[{"href":"https:\/\/climalife.com\/hu\/wp-json\/wp\/v2\/product\/161203","targetHints":{"allow":["GET"]}}],"collection":[{"href":"https:\/\/climalife.com\/hu\/wp-json\/wp\/v2\/product"}],"about":[{"href":"https:\/\/climalife.com\/hu\/wp-json\/wp\/v2\/types\/product"}],"replies":[{"embeddable":true,"href":"https:\/\/climalife.com\/hu\/wp-json\/wp\/v2\/comments?post=161203"}],"wp:featuredmedia":[{"embeddable":true,"href":"https:\/\/climalife.com\/hu\/wp-json\/wp\/v2\/media\/129267"}],"wp:attachment":[{"href":"https:\/\/climalife.com\/hu\/wp-json\/wp\/v2\/media?parent=161203"}],"wp:term":[{"taxonomy":"countries","embeddable":true,"href":"https:\/\/climalife.com\/hu\/wp-json\/wp\/v2\/countries?post=161203"},{"taxonomy":"product_brand","embeddable":true,"href":"https:\/\/climalife.com\/hu\/wp-json\/wp\/v2\/product_brand?post=161203"},{"taxonomy":"product_cat","embeddable":true,"href":"https:\/\/climalife.com\/hu\/wp-json\/wp\/v2\/product_cat?post=161203"},{"taxonomy":"product_tag","embeddable":true,"href":"https:\/\/climalife.com\/hu\/wp-json\/wp\/v2\/product_tag?post=161203"}],"curies":[{"name":"wp","href":"https:\/\/api.w.org\/{rel}","templated":true}]}}