{"id":161214,"date":"2022-09-28T17:48:14","date_gmt":"2022-09-28T17:48:14","guid":{"rendered":"http:\/\/climalife.com\/product\/greenway-neo-n-higitando\/"},"modified":"2025-08-13T07:52:08","modified_gmt":"2025-08-13T07:52:08","slug":"greenway-neo-n-higitando","status":"publish","type":"product","link":"https:\/\/climalife.com\/hu\/product\/greenway-neo-n-higitando\/","title":{"rendered":"Greenway\u00ae Neo N &#8211; h\u00edg\u00edtand\u00f3"},"content":{"rendered":"<p><span class=\"VIiyi\" lang=\"hu\"><span class=\"JLqJ4b ChMk0b\" data-language-for-alternatives=\"hu\" data-language-to-translate-into=\"fr\" data-phrase-index=\"2\">A Greenway<sup>\u00ae<\/sup> Neo N NSF HT1 min\u0151s\u00edt\u00e9ssel rendelkezik, ami azt jelenti, hogy k\u00f6zvet\u00edt\u0151k\u00f6zegk\u00e9nt haszn\u00e1lhat\u00f3 olyan rendszerekben, ahol az anyag v\u00e9letlen \u00e9rintkez\u00e9sbe ker\u00fclhet \u00e9lelmiszerekkel.<\/span><\/span><\/p>\n<p>A k\u00f6zvet\u00edt\u0151k\u00f6zeg:<\/p>\n<p><span class=\"wdg-select-all-ok\">\u2022<\/span><span class=\"wdg-select-all-ok\"> \u00a0 <\/span>Biodl\u00f3giailag lebomlik<\/p>\n<p><span class=\"wdg-select-all-ok\">\u2022<\/span><span class=\"wdg-select-all-ok\"> \u00a0 <\/span>Bakteriosztatikus<\/p>\n<p><span class=\"wdg-select-all-ok\">\u2022<\/span><span class=\"wdg-select-all-ok\"> \u00a0 <\/span>Hat\u00e9kony hibrid inhibitorokat tartalmaz<\/p>\n<p><span class=\"VIiyi\" lang=\"hu\"><span class=\"JLqJ4b ChMk0b\" data-language-for-alternatives=\"hu\" data-language-to-translate-into=\"fr\" data-phrase-index=\"3\">Az 1,3-prop\u00e1ndiol, n\u00f6v\u00e9nyi eredet\u0171 nyersanyag, viszkozit\u00e1sa alacsonyabb mint a monopropil\u00e9n glikol\u00e9 (MPG)<\/span><\/span>.<\/p>\n","protected":false},"excerpt":{"rendered":"<p>A Greenway\u00ae Neo N n\u00f6v\u00e9nyi eredet\u0171 h\u00edg\u00edtand\u00f3 k\u00f6zvet\u00edt\u0151k\u00f6zeg (1,3-prop\u00e1ndiol \u00e9s korr\u00f3zi\u00f3g\u00e1tl\u00f3 adal\u00e9kok) h\u0171t\u0151- \u00e9s kl\u00edmarendszerekhez, t\u0171zolt\u00f3 rendszerekhez, k\u00f6zponti f\u0171t\u00e9shez, valamint fel\u00fcletf\u0171t\u00e9shez\/h\u0171t\u00e9shez.<\/p>\n<p>A Greenway\u00ae Neo N nagyon hat\u00e9kony v\u00e9delmet ny\u00fajt fagyvesz\u00e9ly ellen, \u00e9s\u00a0g\u00e1tolja az iszapk\u00e9pz\u0151d\u00e9st.<\/p>\n","protected":false},"featured_media":129240,"comment_status":"open","ping_status":"closed","template":"","meta":[],"countries":[4674,4709,4756,4813,4831,4862],"product_brand":[],"product_cat":[9967,9994,9940,9958,9949,13130,13061,13519,9987,13087],"product_tag":[],"class_list":{"0":"post-161214","1":"product","2":"type-product","3":"status-publish","4":"has-post-thumbnail","6":"countries-by","7":"countries-cu","8":"countries-ir","9":"countries-kp","10":"countries-ru","11":"countries-sy","12":"product_cat-egeszseg-jolet","13":"product_cat-egyeb-iparagak","14":"product_cat-elelmiszeripar","15":"product_cat-energia","16":"product_cat-epuletek","17":"product_cat-hutestechnika","18":"product_cat-legkondicionalas","19":"product_cat-novenyi-eredetu","20":"product_cat-repulestechnika-urhajozas-vedelem","21":"product_cat-tuzvedelem","22":"pa_packaging-hordo-210-i-hu-28","23":"pa_packaging-kanna-20-l-hu-36","24":"pa_packaging-tartaly-1000-kg-hu-139","25":"pa_packaging-tartalyautos-10-tonna-hu-140","26":"pa_packaging-tartalyautos-5-tonna-hu-144","27":"pa_packaging-tartalyautos20-tonna-hu-141","29":"first","30":"instock","31":"shipping-taxable","32":"purchasable","33":"product-type-variable"},"_links":{"self":[{"href":"https:\/\/climalife.com\/hu\/wp-json\/wp\/v2\/product\/161214","targetHints":{"allow":["GET"]}}],"collection":[{"href":"https:\/\/climalife.com\/hu\/wp-json\/wp\/v2\/product"}],"about":[{"href":"https:\/\/climalife.com\/hu\/wp-json\/wp\/v2\/types\/product"}],"replies":[{"embeddable":true,"href":"https:\/\/climalife.com\/hu\/wp-json\/wp\/v2\/comments?post=161214"}],"wp:featuredmedia":[{"embeddable":true,"href":"https:\/\/climalife.com\/hu\/wp-json\/wp\/v2\/media\/129240"}],"wp:attachment":[{"href":"https:\/\/climalife.com\/hu\/wp-json\/wp\/v2\/media?parent=161214"}],"wp:term":[{"taxonomy":"countries","embeddable":true,"href":"https:\/\/climalife.com\/hu\/wp-json\/wp\/v2\/countries?post=161214"},{"taxonomy":"product_brand","embeddable":true,"href":"https:\/\/climalife.com\/hu\/wp-json\/wp\/v2\/product_brand?post=161214"},{"taxonomy":"product_cat","embeddable":true,"href":"https:\/\/climalife.com\/hu\/wp-json\/wp\/v2\/product_cat?post=161214"},{"taxonomy":"product_tag","embeddable":true,"href":"https:\/\/climalife.com\/hu\/wp-json\/wp\/v2\/product_tag?post=161214"}],"curies":[{"name":"wp","href":"https:\/\/api.w.org\/{rel}","templated":true}]}}