{"id":161244,"date":"2022-09-28T17:48:34","date_gmt":"2022-09-28T17:48:34","guid":{"rendered":"http:\/\/climalife.com\/product\/novaspray-dme\/"},"modified":"2025-06-17T09:50:15","modified_gmt":"2025-06-17T09:50:15","slug":"novaspray-dme","status":"publish","type":"product","link":"https:\/\/climalife.com\/hu\/product\/novaspray-dme\/","title":{"rendered":"NovaSpray\u2122 DME"},"content":{"rendered":"<p>Kiv\u00e1l\u00f3 old\u00f3szer-k\u00e9pess\u00e9ge; alkoholokkal, szok\u00e1sos old\u00f3szerekkel \u00e9s egy\u00e9b hajt\u00f3g\u00e1zokkal (HFC-k \u00e9s sz\u00e9nhidrog\u00e9nek) val\u00f3 teljes keverhet\u0151s\u00e9ge, valamint v\u00edzben val\u00f3 j\u00f3 oldhat\u00f3s\u00e1ga sz\u00e9les k\u00f6r\u0171 felhaszn\u00e1l\u00e1si lehet\u0151s\u00e9get biztos\u00edt az aeroszolk\u00e9sz\u00edtm\u00e9nyek (hajlakkok, dezodorok,fest\u00e9kek\u2026) gy\u00e1rt\u00e1s\u00e1ban. V\u00edzzel val\u00f3 nagyon j\u00f3 keverhet\u0151s\u00e9g\u00e9nek k\u00f6sz\u00f6nhet\u0151en\u00a0alacsony gy\u00fal\u00e9konys\u00e1g\u00fa (vagy ak\u00e1r nem gy\u00fal\u00e9kony), \u00e9s cs\u00f6kkentett ill\u00e9kony szerves vegy\u00fclettartalm\u00fa k\u00e9sz\u00edtm\u00e9nyek el\u0151\u00e1ll\u00edt\u00e1sa lehets\u00e9ges. Nincs hat\u00e1sa az \u00f3zonr\u00e9tegre, \u00e9s elhanyagolhat\u00f3 hat\u00e1sa van az \u00fcvegh\u00e1zhat\u00e1sra.<\/p>\n","protected":false},"excerpt":{"rendered":"<p>A NovaSpray\u2122 DME aeroszol min\u0151s\u00e9g\u0171 dimetil-\u00e9ter. Metil-\u00e9ter vagy metil-oxid n\u00e9ven is ismert. \u00c1lland\u00f3 min\u0151s\u00e9g\u0171, megfelel a hajt\u00f3g\u00e1z k\u00f6vetelm\u00e9nyeinek.<\/p>\n","protected":false},"featured_media":203233,"comment_status":"open","ping_status":"closed","template":"","meta":[],"countries":[4674,4709,4756,4813,4831,4862],"product_brand":[],"product_cat":[9281,9967,9994,9949,9760],"product_tag":[],"class_list":{"0":"post-161244","1":"product","2":"type-product","3":"status-publish","4":"has-post-thumbnail","6":"countries-by","7":"countries-cu","8":"countries-ir","9":"countries-kp","10":"countries-ru","11":"countries-sy","12":"product_cat-dme-hajtogazok","13":"product_cat-egeszseg-jolet","14":"product_cat-egyeb-iparagak","15":"product_cat-epuletek","16":"product_cat-hajtogazok","17":"pa_packaging-palack-26-i-hu-32","18":"pa_packaging-palack-88-l-hu-122","19":"pa_packaging-tartaly-930-l-hu-76","20":"pa_packaging-tartalyos-hu-168","22":"first","23":"instock","24":"shipping-taxable","25":"purchasable","26":"product-type-variable"},"_links":{"self":[{"href":"https:\/\/climalife.com\/hu\/wp-json\/wp\/v2\/product\/161244","targetHints":{"allow":["GET"]}}],"collection":[{"href":"https:\/\/climalife.com\/hu\/wp-json\/wp\/v2\/product"}],"about":[{"href":"https:\/\/climalife.com\/hu\/wp-json\/wp\/v2\/types\/product"}],"replies":[{"embeddable":true,"href":"https:\/\/climalife.com\/hu\/wp-json\/wp\/v2\/comments?post=161244"}],"wp:featuredmedia":[{"embeddable":true,"href":"https:\/\/climalife.com\/hu\/wp-json\/wp\/v2\/media\/203233"}],"wp:attachment":[{"href":"https:\/\/climalife.com\/hu\/wp-json\/wp\/v2\/media?parent=161244"}],"wp:term":[{"taxonomy":"countries","embeddable":true,"href":"https:\/\/climalife.com\/hu\/wp-json\/wp\/v2\/countries?post=161244"},{"taxonomy":"product_brand","embeddable":true,"href":"https:\/\/climalife.com\/hu\/wp-json\/wp\/v2\/product_brand?post=161244"},{"taxonomy":"product_cat","embeddable":true,"href":"https:\/\/climalife.com\/hu\/wp-json\/wp\/v2\/product_cat?post=161244"},{"taxonomy":"product_tag","embeddable":true,"href":"https:\/\/climalife.com\/hu\/wp-json\/wp\/v2\/product_tag?post=161244"}],"curies":[{"name":"wp","href":"https:\/\/api.w.org\/{rel}","templated":true}]}}