{"id":161253,"date":"2022-09-28T17:48:40","date_gmt":"2022-09-28T17:48:40","guid":{"rendered":"http:\/\/climalife.com\/product\/novexpans-hfc-365mfc-hfc-227ea-87-13\/"},"modified":"2025-08-13T17:22:34","modified_gmt":"2025-08-13T17:22:34","slug":"novexpans-hfc-365mfc-hfc-227ea-87-13","status":"publish","type":"product","link":"https:\/\/climalife.com\/hu\/product\/novexpans-hfc-365mfc-hfc-227ea-87-13\/","title":{"rendered":"NOVEXPANS\u2122 HFC 365mfc\/HFC 227ea (87\/13)"},"content":{"rendered":"<p><span class=\"tlid-translation translation\" lang=\"hu\"><span title=\"\">A NOVEXPANS<sup>\u2122<\/sup>\u00a0HFC 365mfc \/ HFC 227ea (87\/13) alkalmaz\u00e1s\u00e1val kapott habok j\u00f3 nyom\u00f3szil\u00e1rds\u00e1ggal, alacsony h\u0151vezet\u0151 k\u00e9pess\u00e9ggel \u00e9s finom sejtstrukt\u00far\u00e1val rendelkeznek.<\/span><br \/>\n<span title=\"\">Palackokban vagy tart\u00e1lyokban t\u00f6rt\u00e9n\u0151 haszn\u00e1lata biztos\u00edtja a kever\u00e9k koncentr\u00e1ci\u00f3j\u00e1nak stabilit\u00e1s\u00e1t.<br \/>\n<\/span><\/span><span class=\"tlid-translation translation\" lang=\"hu\"><span class=\"\" title=\"\">Magas HFC 227ea koncentr\u00e1ci\u00f3ja n\u00f6veli a haszn\u00e1lat biztons\u00e1g\u00e1t \u00e9s nem gy\u00fal\u00e9kony.<\/span><\/span><\/p>\n","protected":false},"excerpt":{"rendered":"<p>A NOVEXPANS\u2122 HFC 365mfc \/ HFC 227ea (87\/13) garant\u00e1lt specifik\u00e1ci\u00f3kkal rendelkez\u0151 HFC 365mfc \u00e9s HFC 227ea kever\u00e9k, melyet habos\u00edt\u00f3szerk\u00e9nt haszn\u00e1lj\u00e1k a poliuret\u00e1n habok habos\u00edt\u00e1s\u00e1hoz.<\/p>\n","protected":false},"featured_media":200116,"comment_status":"open","ping_status":"closed","template":"","meta":[],"countries":[4652,4657,4660,4668,4674,4675,4681,4683,4688,4708,4709,4710,4711,4713,4722,4651,4725,4727,4728,4729,4730,4731,4732,4736,4739,4740,4752,4753,4756,4758,4760,9125,4770,4775,4776,4777,4779,4785,4794,4796,4804,4813,4815,4826,4827,4893,4831,4839,4843,4847,4848,4854,4858,4860,4861,4862,4873,4880,4886],"product_brand":[],"product_cat":[9976,9949,9940,9994,13105,9587],"product_tag":[],"class_list":{"0":"post-161253","1":"product","2":"type-product","3":"status-publish","4":"has-post-thumbnail","6":"countries-al","7":"countries-ad","8":"countries-aq","9":"countries-at","10":"countries-by","11":"countries-be","12":"countries-ba","13":"countries-bv","14":"countries-bg","15":"countries-hr","16":"countries-cu","17":"countries-cy","18":"countries-cz","19":"countries-dk","20":"countries-ee","21":"countries-europe","22":"countries-fo","23":"countries-fi","24":"countries-fr","25":"countries-fr-gf-gp-mq-yt-re","26":"countries-gn","27":"countries-pf","28":"countries-tf","29":"countries-de","30":"countries-gr","31":"countries-gl","32":"countries-hu","33":"countries-is","34":"countries-ir","35":"countries-ie","36":"countries-it","37":"countries-xk","38":"countries-lv","39":"countries-li","40":"countries-lt","41":"countries-lu","42":"countries-mk","43":"countries-mt","44":"countries-mc","45":"countries-me","46":"countries-nl","47":"countries-kp","48":"countries-no","49":"countries-pl","50":"countries-pt","51":"countries-ro","52":"countries-ru","53":"countries-sm","54":"countries-rs","55":"countries-sk","56":"countries-si","57":"countries-es","58":"countries-sj","59":"countries-se","60":"countries-ch","61":"countries-sy","62":"countries-tr","63":"countries-gb","64":"countries-va","65":"product_cat-autoipar-kozlekedes","66":"product_cat-epuletek","67":"product_cat-elelmiszeripar","68":"product_cat-egyeb-iparagak","69":"product_cat-szigeteles","70":"product_cat-hfc-keverekek","71":"pa_packaging-hordo-217-i-hu-30","72":"pa_packaging-palack-26-i-hu-32","73":"pa_packaging-palack-88-l-hu-122","74":"pa_packaging-tartaly-930-l-hu-76","75":"pa_packaging-tartalyautos20-tonna-hu-141","77":"first","78":"instock","79":"shipping-taxable","80":"purchasable","81":"product-type-variable"},"_links":{"self":[{"href":"https:\/\/climalife.com\/hu\/wp-json\/wp\/v2\/product\/161253","targetHints":{"allow":["GET"]}}],"collection":[{"href":"https:\/\/climalife.com\/hu\/wp-json\/wp\/v2\/product"}],"about":[{"href":"https:\/\/climalife.com\/hu\/wp-json\/wp\/v2\/types\/product"}],"replies":[{"embeddable":true,"href":"https:\/\/climalife.com\/hu\/wp-json\/wp\/v2\/comments?post=161253"}],"wp:featuredmedia":[{"embeddable":true,"href":"https:\/\/climalife.com\/hu\/wp-json\/wp\/v2\/media\/200116"}],"wp:attachment":[{"href":"https:\/\/climalife.com\/hu\/wp-json\/wp\/v2\/media?parent=161253"}],"wp:term":[{"taxonomy":"countries","embeddable":true,"href":"https:\/\/climalife.com\/hu\/wp-json\/wp\/v2\/countries?post=161253"},{"taxonomy":"product_brand","embeddable":true,"href":"https:\/\/climalife.com\/hu\/wp-json\/wp\/v2\/product_brand?post=161253"},{"taxonomy":"product_cat","embeddable":true,"href":"https:\/\/climalife.com\/hu\/wp-json\/wp\/v2\/product_cat?post=161253"},{"taxonomy":"product_tag","embeddable":true,"href":"https:\/\/climalife.com\/hu\/wp-json\/wp\/v2\/product_tag?post=161253"}],"curies":[{"name":"wp","href":"https:\/\/api.w.org\/{rel}","templated":true}]}}