{"id":161270,"date":"2022-09-28T17:48:53","date_gmt":"2022-09-28T17:48:53","guid":{"rendered":"http:\/\/climalife.com\/product\/novexpans-hcfo-1233zd\/"},"modified":"2025-07-31T09:19:03","modified_gmt":"2025-07-31T09:19:03","slug":"novexpans-hcfo-1233zd","status":"publish","type":"product","link":"https:\/\/climalife.com\/hu\/product\/novexpans-hcfo-1233zd\/","title":{"rendered":"NOVEXPANS\u2122 HCFO 1233zd"},"content":{"rendered":"<p><span class=\"tlid-translation translation\" lang=\"hu\"><span class=\"\" title=\"\">Megval\u00f3s\u00edt\u00e1sa nem ig\u00e9nyel k\u00fcl\u00f6n\u00f6sebb beruh\u00e1z\u00e1st, mint p\u00e9ld\u00e1ul ATEX-es biztons\u00e1gi rendszerek telep\u00edt\u00e9s\u00e9t.<\/span> <span title=\"\">A NOVEXPANSTM HCFO 1233zd a HFC 245fa helyettes\u00edt\u00e9s\u00e9re szolg\u00e1l.<\/span> <span class=\"\" title=\"\">F\u0151 el\u0151nye a HFC 245fa-val szemben az \u00fcvegh\u00e1zhat\u00e1ssal szembeni k\u00f6rnyezeti el\u0151ny.<\/span><\/span><\/p>\n","protected":false},"excerpt":{"rendered":"<p>A NOVEXPANS\u2122 HCFO 1233zd egy hidroklorofluoro-prop\u00e9n, amelyet habos\u00edt\u00f3szerk\u00e9nt haszn\u00e1lnak a merev poliuret\u00e1n habok t\u00e1g\u00edt\u00e1s\u00e1hoz.<\/p>\n","protected":false},"featured_media":126360,"comment_status":"open","ping_status":"closed","template":"","meta":[],"countries":[4674,4709,4756,4813,4831,4862],"product_brand":[],"product_cat":[9976,9949,9940,9994,13105,9398],"product_tag":[],"class_list":{"0":"post-161270","1":"product","2":"type-product","3":"status-publish","4":"has-post-thumbnail","6":"countries-by","7":"countries-cu","8":"countries-ir","9":"countries-kp","10":"countries-ru","11":"countries-sy","12":"product_cat-autoipar-kozlekedes","13":"product_cat-epuletek","14":"product_cat-elelmiszeripar","15":"product_cat-egyeb-iparagak","16":"product_cat-szigeteles","17":"product_cat-hfo-habosito-anyagok","18":"pa_packaging-palack-26-i-hu-32","19":"pa_packaging-palack-88-l-hu-122","20":"pa_packaging-tartaly-930-l-hu-76","21":"pa_packaging-tartalyos-hu-168","23":"first","24":"instock","25":"shipping-taxable","26":"purchasable","27":"product-type-variable"},"_links":{"self":[{"href":"https:\/\/climalife.com\/hu\/wp-json\/wp\/v2\/product\/161270","targetHints":{"allow":["GET"]}}],"collection":[{"href":"https:\/\/climalife.com\/hu\/wp-json\/wp\/v2\/product"}],"about":[{"href":"https:\/\/climalife.com\/hu\/wp-json\/wp\/v2\/types\/product"}],"replies":[{"embeddable":true,"href":"https:\/\/climalife.com\/hu\/wp-json\/wp\/v2\/comments?post=161270"}],"wp:featuredmedia":[{"embeddable":true,"href":"https:\/\/climalife.com\/hu\/wp-json\/wp\/v2\/media\/126360"}],"wp:attachment":[{"href":"https:\/\/climalife.com\/hu\/wp-json\/wp\/v2\/media?parent=161270"}],"wp:term":[{"taxonomy":"countries","embeddable":true,"href":"https:\/\/climalife.com\/hu\/wp-json\/wp\/v2\/countries?post=161270"},{"taxonomy":"product_brand","embeddable":true,"href":"https:\/\/climalife.com\/hu\/wp-json\/wp\/v2\/product_brand?post=161270"},{"taxonomy":"product_cat","embeddable":true,"href":"https:\/\/climalife.com\/hu\/wp-json\/wp\/v2\/product_cat?post=161270"},{"taxonomy":"product_tag","embeddable":true,"href":"https:\/\/climalife.com\/hu\/wp-json\/wp\/v2\/product_tag?post=161270"}],"curies":[{"name":"wp","href":"https:\/\/api.w.org\/{rel}","templated":true}]}}