{"id":161282,"date":"2022-09-28T17:48:59","date_gmt":"2022-09-28T17:48:59","guid":{"rendered":"http:\/\/climalife.com\/product\/novexpans-hcfo-1233zd-cyclopentane-80-20\/"},"modified":"2025-08-13T17:07:00","modified_gmt":"2025-08-13T17:07:00","slug":"novexpans-hcfo-1233zd-cyclopentane-80-20","status":"publish","type":"product","link":"https:\/\/climalife.com\/hu\/product\/novexpans-hcfo-1233zd-cyclopentane-80-20\/","title":{"rendered":"NOVEXPANS\u2122 HCFO 1233zd\/CYCLOPENTANE (80\/20)"},"content":{"rendered":"<p><span class=\"tlid-translation translation\" lang=\"hu\"><span class=\"\" title=\"\">Alacsony h\u0151\u00e1tbocs\u00e1t\u00f3 t\u00e9nyez\u0151j\u00e9vel k\u00fcl\u00f6n\u00f6sen alkalmas h\u0151szigetel\u0151 hab gy\u00e1rt\u00e1s\u00e1ra a h\u0171t\u0151iparban.<\/span><br \/>\n<span class=\"\" title=\"\">Nincs hat\u00e1sa az \u00f3zonr\u00e9tegre \u00e9s nagyon elhanyagolhat\u00f3 hat\u00e1sa van az \u00fcvegh\u00e1zhat\u00e1sra (GWP &lt;5).<\/span> <span class=\"\" title=\"\">Ez\u00e9rt nem vonatkozik r\u00e1 sem a Kiot\u00f3i Jegyz\u0151k\u00f6nyv, sem az F-G\u00e1z I rendelet (842\/2006 \/ CE), sem az F-G\u00e1z II rendelet (517\/2014 \/ CE).<\/span><\/span><\/p>\n","protected":false},"excerpt":{"rendered":"<p>A NOVEXPANS\u2122 HCFO 1233zd \/ ciklopent\u00e1n (80\/20) garant\u00e1lt specifik\u00e1ci\u00f3kkal rendelkez\u0151 HCFO 1233zd \u00e9s ciklopent\u00e1n kever\u00e9ke, melyet habos\u00edt\u00f3szerk\u00e9nt haszn\u00e1lj\u00e1k a merev poliuret\u00e1n habok t\u00e1gul\u00e1s\u00e1hoz.<\/p>\n","protected":false},"featured_media":200116,"comment_status":"open","ping_status":"closed","template":"","meta":[],"countries":[4674,4709,4756,4813,4831,4862],"product_brand":[],"product_cat":[9976,9949,9940,9994,13105,9650],"product_tag":[],"class_list":{"0":"post-161282","1":"product","2":"type-product","3":"status-publish","4":"has-post-thumbnail","6":"countries-by","7":"countries-cu","8":"countries-ir","9":"countries-kp","10":"countries-ru","11":"countries-sy","12":"product_cat-autoipar-kozlekedes","13":"product_cat-epuletek","14":"product_cat-elelmiszeripar","15":"product_cat-egyeb-iparagak","16":"product_cat-szigeteles","17":"product_cat-hfo-keverekek-hu-81","18":"pa_packaging-hordo-217-i-hu-30","19":"pa_packaging-palack-26-i-hu-32","20":"pa_packaging-tartaly-930-l-hu-76","21":"pa_packaging-tartalyos-hu-168","23":"first","24":"instock","25":"shipping-taxable","26":"purchasable","27":"product-type-variable"},"_links":{"self":[{"href":"https:\/\/climalife.com\/hu\/wp-json\/wp\/v2\/product\/161282","targetHints":{"allow":["GET"]}}],"collection":[{"href":"https:\/\/climalife.com\/hu\/wp-json\/wp\/v2\/product"}],"about":[{"href":"https:\/\/climalife.com\/hu\/wp-json\/wp\/v2\/types\/product"}],"replies":[{"embeddable":true,"href":"https:\/\/climalife.com\/hu\/wp-json\/wp\/v2\/comments?post=161282"}],"wp:featuredmedia":[{"embeddable":true,"href":"https:\/\/climalife.com\/hu\/wp-json\/wp\/v2\/media\/200116"}],"wp:attachment":[{"href":"https:\/\/climalife.com\/hu\/wp-json\/wp\/v2\/media?parent=161282"}],"wp:term":[{"taxonomy":"countries","embeddable":true,"href":"https:\/\/climalife.com\/hu\/wp-json\/wp\/v2\/countries?post=161282"},{"taxonomy":"product_brand","embeddable":true,"href":"https:\/\/climalife.com\/hu\/wp-json\/wp\/v2\/product_brand?post=161282"},{"taxonomy":"product_cat","embeddable":true,"href":"https:\/\/climalife.com\/hu\/wp-json\/wp\/v2\/product_cat?post=161282"},{"taxonomy":"product_tag","embeddable":true,"href":"https:\/\/climalife.com\/hu\/wp-json\/wp\/v2\/product_tag?post=161282"}],"curies":[{"name":"wp","href":"https:\/\/api.w.org\/{rel}","templated":true}]}}