{"id":161292,"date":"2022-09-28T17:49:05","date_gmt":"2022-09-28T17:49:05","guid":{"rendered":"http:\/\/climalife.com\/product\/novexpans-hfc-152a\/"},"modified":"2025-06-13T10:06:10","modified_gmt":"2025-06-13T10:06:10","slug":"novexpans-hfc-152a","status":"publish","type":"product","link":"https:\/\/climalife.com\/hu\/product\/novexpans-hfc-152a\/","title":{"rendered":"NOVEXPANS\u2122 HFC 152a"},"content":{"rendered":"<p><span class=\"tlid-translation translation\" lang=\"hu\"><span class=\"\" title=\"\">Magas elp\u00e1rolg\u00e1si h\u0151m\u00e9rs\u00e9klete cs\u00f6kkenti a reakci\u00f3 leh\u0171l\u00e9si idej\u00e9t.<\/span><br \/>\n<span class=\"\" title=\"\">Nincs hat\u00e1ssal az \u00f3zonr\u00e9tegre, \u00e9s nagyon alacsony az \u00fcvegh\u00e1zhat\u00e1sra.<\/span><\/span><\/p>\n","protected":false},"excerpt":{"rendered":"<p>A NOVEXPANS\u2122 HFC 152a egy difluor-et\u00e1n, amelyet m\u0171anyag habok gy\u00e1rt\u00e1s\u00e1hoz haszn\u00e1lnak. Alacsony mol\u00e1ris t\u00f6mege k\u00fcl\u00f6n\u00f6sen gazdas\u00e1goss\u00e1 teszi.<\/p>\n","protected":false},"featured_media":200116,"comment_status":"open","ping_status":"closed","template":"","meta":[],"countries":[4674,4709,4756,4813,4831,4862],"product_brand":[],"product_cat":[9976,9994,9940,9949,9291,13105],"product_tag":[],"class_list":{"0":"post-161292","1":"product","2":"type-product","3":"status-publish","4":"has-post-thumbnail","6":"countries-by","7":"countries-cu","8":"countries-ir","9":"countries-kp","10":"countries-ru","11":"countries-sy","12":"product_cat-autoipar-kozlekedes","13":"product_cat-egyeb-iparagak","14":"product_cat-elelmiszeripar","15":"product_cat-epuletek","16":"product_cat-hfc-habosito-anyagok","17":"product_cat-szigeteles","18":"pa_packaging-hordo-217-i-hu-30","19":"pa_packaging-palack-26-i-hu-32","20":"pa_packaging-palack-88-l-hu-122","21":"pa_packaging-tartaly-930-l-hu-76","22":"pa_packaging-tartalyautos20-tonna-hu-141","24":"first","25":"instock","26":"shipping-taxable","27":"purchasable","28":"product-type-variable"},"_links":{"self":[{"href":"https:\/\/climalife.com\/hu\/wp-json\/wp\/v2\/product\/161292","targetHints":{"allow":["GET"]}}],"collection":[{"href":"https:\/\/climalife.com\/hu\/wp-json\/wp\/v2\/product"}],"about":[{"href":"https:\/\/climalife.com\/hu\/wp-json\/wp\/v2\/types\/product"}],"replies":[{"embeddable":true,"href":"https:\/\/climalife.com\/hu\/wp-json\/wp\/v2\/comments?post=161292"}],"wp:featuredmedia":[{"embeddable":true,"href":"https:\/\/climalife.com\/hu\/wp-json\/wp\/v2\/media\/200116"}],"wp:attachment":[{"href":"https:\/\/climalife.com\/hu\/wp-json\/wp\/v2\/media?parent=161292"}],"wp:term":[{"taxonomy":"countries","embeddable":true,"href":"https:\/\/climalife.com\/hu\/wp-json\/wp\/v2\/countries?post=161292"},{"taxonomy":"product_brand","embeddable":true,"href":"https:\/\/climalife.com\/hu\/wp-json\/wp\/v2\/product_brand?post=161292"},{"taxonomy":"product_cat","embeddable":true,"href":"https:\/\/climalife.com\/hu\/wp-json\/wp\/v2\/product_cat?post=161292"},{"taxonomy":"product_tag","embeddable":true,"href":"https:\/\/climalife.com\/hu\/wp-json\/wp\/v2\/product_tag?post=161292"}],"curies":[{"name":"wp","href":"https:\/\/api.w.org\/{rel}","templated":true}]}}