{"id":161301,"date":"2022-09-28T17:49:12","date_gmt":"2022-09-28T17:49:12","guid":{"rendered":"http:\/\/climalife.com\/product\/novaspray-hfo-1234ze-hfc-134a-90-10\/"},"modified":"2025-07-31T14:06:59","modified_gmt":"2025-07-31T14:06:59","slug":"novaspray-hfo-1234ze-hfc-134a-90-10","status":"publish","type":"product","link":"https:\/\/climalife.com\/hu\/product\/novaspray-hfo-1234ze-hfc-134a-90-10\/","title":{"rendered":"NovaSpray\u2122 HFO 1234ze \/HFC 134a (90\/10)"},"content":{"rendered":"<p><span class=\"tlid-translation translation\" lang=\"hu\"><span title=\"\">A nem gy\u00fal\u00e9kony<\/span><\/span> NovaSpray\u2122 HFO 1234ze\/HFC 134a (90\/10) <span class=\"tlid-translation translation\" lang=\"hu\"><span class=\"\" title=\"\">sz\u00e1mos lehet\u0151s\u00e9get k\u00edn\u00e1l olyan k\u00e9sz\u00edtm\u00e9nyekben val\u00f3 felhaszn\u00e1l\u00e1sra, amelyek biztons\u00e1gi k\u00f6vetelm\u00e9nyeket ig\u00e9nyelnek <\/span><\/span><span class=\"tlid-translation translation\" lang=\"hu\"><span class=\"\" title=\"\">(szab\u00e1lyoz\u00e1si, kock\u00e1zatos k\u00f6rnyezet, z\u00e1rt k\u00f6rnyezet).<\/span> <span title=\"\">Haszn\u00e1lata cs\u00f6kkenti sz\u00e1mos k\u00e9sz\u00edtm\u00e9ny gy\u00fal\u00e9konys\u00e1g\u00e1t,<\/span><\/span> <span class=\"tlid-translation translation\" lang=\"hu\"><span title=\"\">\u00edgy a 2008\/47 \/ EK ir\u00e1nyelv \u00e9rtelm\u00e9ben nem gy\u00fal\u00e9kony kateg\u00f3ri\u00e1ba sorolva azokat.<\/span><\/span><\/p>\n<p><span class=\"tlid-translation translation\" lang=\"hu\"><span class=\"\" title=\"\">Felhaszn\u00e1l\u00e1sa nem ig\u00e9nyel k\u00fcl\u00f6n\u00f6sebb beruh\u00e1z\u00e1st, mint p\u00e9ld\u00e1ul ATEX-es biztons\u00e1gi berendez\u00e9seket.<\/span><\/span><\/p>\n","protected":false},"excerpt":{"rendered":"<p>A NovaSpray\u2122 HFO 1234ze\/HFC 134a (90\/10) a NovaSpray\u2122 HFO 1234ze \u00e9s a NovaSpray\u2122 HFC 134a aeroszol min\u0151s\u00e9g\u0171 kever\u00e9ke. \u00c1lland\u00f3 min\u0151s\u00e9g\u0171 \u00e9s ellen\u0151rz\u00f6tt nyom\u00e1s\u00fa, megfelel a cseppfoly\u00f3s\u00edtott hajt\u00f3g\u00e1z minden k\u00f6vetelm\u00e9ny\u00e9nek.<\/p>\n","protected":false},"featured_media":203233,"comment_status":"open","ping_status":"closed","template":"","meta":[],"countries":[4674,4709,4756,4813,4831,4862],"product_brand":[],"product_cat":[9976,9949,9940,9967,9994,9760,9641],"product_tag":[],"class_list":{"0":"post-161301","1":"product","2":"type-product","3":"status-publish","4":"has-post-thumbnail","6":"countries-by","7":"countries-cu","8":"countries-ir","9":"countries-kp","10":"countries-ru","11":"countries-sy","12":"product_cat-autoipar-kozlekedes","13":"product_cat-epuletek","14":"product_cat-elelmiszeripar","15":"product_cat-egeszseg-jolet","16":"product_cat-egyeb-iparagak","17":"product_cat-hajtogazok","18":"product_cat-hfo-keverekek","19":"pa_packaging-palack-26-i-hu-32","20":"pa_packaging-palack-88-l-hu-122","21":"pa_packaging-tartaly-930-l-hu-76","22":"pa_packaging-tartalyos-hu-168","24":"first","25":"instock","26":"shipping-taxable","27":"purchasable","28":"product-type-variable"},"_links":{"self":[{"href":"https:\/\/climalife.com\/hu\/wp-json\/wp\/v2\/product\/161301","targetHints":{"allow":["GET"]}}],"collection":[{"href":"https:\/\/climalife.com\/hu\/wp-json\/wp\/v2\/product"}],"about":[{"href":"https:\/\/climalife.com\/hu\/wp-json\/wp\/v2\/types\/product"}],"replies":[{"embeddable":true,"href":"https:\/\/climalife.com\/hu\/wp-json\/wp\/v2\/comments?post=161301"}],"wp:featuredmedia":[{"embeddable":true,"href":"https:\/\/climalife.com\/hu\/wp-json\/wp\/v2\/media\/203233"}],"wp:attachment":[{"href":"https:\/\/climalife.com\/hu\/wp-json\/wp\/v2\/media?parent=161301"}],"wp:term":[{"taxonomy":"countries","embeddable":true,"href":"https:\/\/climalife.com\/hu\/wp-json\/wp\/v2\/countries?post=161301"},{"taxonomy":"product_brand","embeddable":true,"href":"https:\/\/climalife.com\/hu\/wp-json\/wp\/v2\/product_brand?post=161301"},{"taxonomy":"product_cat","embeddable":true,"href":"https:\/\/climalife.com\/hu\/wp-json\/wp\/v2\/product_cat?post=161301"},{"taxonomy":"product_tag","embeddable":true,"href":"https:\/\/climalife.com\/hu\/wp-json\/wp\/v2\/product_tag?post=161301"}],"curies":[{"name":"wp","href":"https:\/\/api.w.org\/{rel}","templated":true}]}}