{"id":161314,"date":"2022-09-28T17:49:18","date_gmt":"2022-09-28T17:49:18","guid":{"rendered":"http:\/\/climalife.com\/product\/novaspray-izobutan\/"},"modified":"2025-08-13T07:27:54","modified_gmt":"2025-08-13T07:27:54","slug":"novaspray-izobutan","status":"publish","type":"product","link":"https:\/\/climalife.com\/hu\/product\/novaspray-izobutan\/","title":{"rendered":"NovaSpray\u2122 izobut\u00e1n"},"content":{"rendered":"<p>Keverhet\u0151 a NovaSpray\u2122 prop\u00e1nnal vagy a NovaSpray<sup>\u2122<\/sup> n-but\u00e1nnal, amelyet sz\u00e9les k\u00f6rben haszn\u00e1lnak a kozmetikai iparban, valamint a NovaSpray<sup>\u2122<\/sup> izopent\u00e1nnal hajform\u00e1z\u00f3 g\u00e9lek \u00e9s borotv\u00e1lkoz\u00f3 g\u00e9lek el\u0151\u00e1ll\u00edt\u00e1s\u00e1hoz. K\u00fcl\u00f6n\u00f6sen alkalmas kozmetikai habok k\u00e9sz\u00edt\u00e9s\u00e9hez.<br \/>\nAlacsony s\u0171r\u0171s\u00e9ge miatt gazdas\u00e1gos, jelent\u0151sen cs\u00f6kkenti a hajt\u00f3g\u00e1z felhaszn\u00e1l\u00e1s\u00e1t.<br \/>\nKiv\u00e1l\u00f3 keverhet\u0151s\u00e9g\u00e9nek k\u00f6sz\u00f6nhet\u0151en a legt\u00f6bb old\u00f3szerrel keverhet\u0151, \u00edgy rendk\u00edv\u00fcl rugalmasan alkalmazhat\u00f3. Nem k\u00e1ros\u00edtja az \u00f3zonr\u00e9teget, \u00e9s elhanyagolhat\u00f3 hat\u00e1sa van az \u00fcvegh\u00e1zhat\u00e1sra.<\/p>\n","protected":false},"excerpt":{"rendered":"<p>A NovaSpray\u2122 izobut\u00e1n egy speci\u00e1lisan szagtalan\u00edtott aeroszol min\u0151s\u00e9g\u0171 izobut\u00e1n. Metilprop\u00e1nnak is nevezik. \u00c1lland\u00f3 min\u0151s\u00e9g\u0171, megfelel a hajt\u00f3g\u00e1zok k\u00f6vetelm\u00e9nyeinek.<\/p>\n","protected":false},"featured_media":203233,"comment_status":"open","ping_status":"closed","template":"","meta":[],"countries":[4674,4709,4756,4813,4831,4862],"product_brand":[],"product_cat":[9976,9949,9940,9967,9994,9760,9596],"product_tag":[],"class_list":{"0":"post-161314","1":"product","2":"type-product","3":"status-publish","4":"has-post-thumbnail","6":"countries-by","7":"countries-cu","8":"countries-ir","9":"countries-kp","10":"countries-ru","11":"countries-sy","12":"product_cat-autoipar-kozlekedes","13":"product_cat-epuletek","14":"product_cat-elelmiszeripar","15":"product_cat-egeszseg-jolet","16":"product_cat-egyeb-iparagak","17":"product_cat-hajtogazok","18":"product_cat-szenhidrogenek-hu-83","19":"pa_packaging-palack-26-i-hu-32","20":"pa_packaging-palack-88-l-hu-122","21":"pa_packaging-tartaly-930-l-hu-76","22":"pa_packaging-tartalyautos20-tonna-hu-141","24":"first","25":"instock","26":"shipping-taxable","27":"purchasable","28":"product-type-variable"},"_links":{"self":[{"href":"https:\/\/climalife.com\/hu\/wp-json\/wp\/v2\/product\/161314","targetHints":{"allow":["GET"]}}],"collection":[{"href":"https:\/\/climalife.com\/hu\/wp-json\/wp\/v2\/product"}],"about":[{"href":"https:\/\/climalife.com\/hu\/wp-json\/wp\/v2\/types\/product"}],"replies":[{"embeddable":true,"href":"https:\/\/climalife.com\/hu\/wp-json\/wp\/v2\/comments?post=161314"}],"wp:featuredmedia":[{"embeddable":true,"href":"https:\/\/climalife.com\/hu\/wp-json\/wp\/v2\/media\/203233"}],"wp:attachment":[{"href":"https:\/\/climalife.com\/hu\/wp-json\/wp\/v2\/media?parent=161314"}],"wp:term":[{"taxonomy":"countries","embeddable":true,"href":"https:\/\/climalife.com\/hu\/wp-json\/wp\/v2\/countries?post=161314"},{"taxonomy":"product_brand","embeddable":true,"href":"https:\/\/climalife.com\/hu\/wp-json\/wp\/v2\/product_brand?post=161314"},{"taxonomy":"product_cat","embeddable":true,"href":"https:\/\/climalife.com\/hu\/wp-json\/wp\/v2\/product_cat?post=161314"},{"taxonomy":"product_tag","embeddable":true,"href":"https:\/\/climalife.com\/hu\/wp-json\/wp\/v2\/product_tag?post=161314"}],"curies":[{"name":"wp","href":"https:\/\/api.w.org\/{rel}","templated":true}]}}